{"id":977,"date":"2021-12-23T18:26:53","date_gmt":"2021-12-23T23:26:53","guid":{"rendered":"https:\/\/www.gesoltec.com\/?post_type=product&#038;p=977"},"modified":"2023-05-18T15:13:42","modified_gmt":"2023-05-18T20:13:42","slug":"kickr-snap","status":"publish","type":"product","link":"https:\/\/www.gesoltec.com\/index.php\/producto\/kickr-snap\/","title":{"rendered":"Kickr Snap"},"content":{"rendered":"\t\t<div data-elementor-type=\"wp-post\" data-elementor-id=\"977\" class=\"elementor elementor-977\">\n\t\t\t\t\t\t\t\t\t<section class=\"elementor-section elementor-top-section elementor-element elementor-element-1020d1f elementor-section-boxed elementor-section-height-default elementor-section-height-default\" data-id=\"1020d1f\" data-element_type=\"section\">\n\t\t\t\t\t\t<div class=\"elementor-container elementor-column-gap-default\">\n\t\t\t\t\t<div class=\"elementor-column elementor-col-100 elementor-top-column elementor-element elementor-element-d944308\" data-id=\"d944308\" data-element_type=\"column\">\n\t\t\t<div class=\"elementor-widget-wrap elementor-element-populated\">\n\t\t\t\t\t\t\t\t<div class=\"elementor-element elementor-element-6eb0f7b elementor-invisible elementor-widget elementor-widget-text-editor\" data-id=\"6eb0f7b\" data-element_type=\"widget\" data-settings=\"{&quot;_animation&quot;:&quot;bounce&quot;,&quot;_animation_delay&quot;:7}\" data-widget_type=\"text-editor.default\">\n\t\t\t\t<div class=\"elementor-widget-container\">\n\t\t\t<style>\/*! elementor - v3.13.2 - 11-05-2023 *\/\n.elementor-widget-text-editor.elementor-drop-cap-view-stacked .elementor-drop-cap{background-color:#69727d;color:#fff}.elementor-widget-text-editor.elementor-drop-cap-view-framed .elementor-drop-cap{color:#69727d;border:3px solid;background-color:transparent}.elementor-widget-text-editor:not(.elementor-drop-cap-view-default) .elementor-drop-cap{margin-top:8px}.elementor-widget-text-editor:not(.elementor-drop-cap-view-default) .elementor-drop-cap-letter{width:1em;height:1em}.elementor-widget-text-editor .elementor-drop-cap{float:left;text-align:center;line-height:1;font-size:50px}.elementor-widget-text-editor .elementor-drop-cap-letter{display:inline-block}<\/style>\t\t\t\t<h1 style=\"text-align: center;\"><span style=\"color: #3db345;\"><strong>Kickr Snap <\/strong><\/span><\/h1>\t\t\t\t\t\t<\/div>\n\t\t\t\t<\/div>\n\t\t\t\t\t<\/div>\n\t\t<\/div>\n\t\t\t\t\t\t\t<\/div>\n\t\t<\/section>\n\t\t\t\t<section class=\"elementor-section elementor-top-section elementor-element elementor-element-4f6cdef elementor-section-boxed elementor-section-height-default elementor-section-height-default\" data-id=\"4f6cdef\" data-element_type=\"section\">\n\t\t\t\t\t\t<div class=\"elementor-container elementor-column-gap-default\">\n\t\t\t\t\t<div class=\"elementor-column elementor-col-100 elementor-top-column elementor-element elementor-element-661bf0c\" data-id=\"661bf0c\" data-element_type=\"column\">\n\t\t\t<div class=\"elementor-widget-wrap elementor-element-populated\">\n\t\t\t\t\t\t\t\t<div class=\"elementor-element elementor-element-6166194 elementor-invisible elementor-widget elementor-widget-text-editor\" data-id=\"6166194\" data-element_type=\"widget\" data-settings=\"{&quot;_animation&quot;:&quot;fadeInRight&quot;,&quot;_animation_delay&quot;:9}\" data-widget_type=\"text-editor.default\">\n\t\t\t\t<div class=\"elementor-widget-container\">\n\t\t\t\t\t\t\t<p>El sistema <strong>Wahoo Kickr Snap<\/strong> ofrece la experiencia de pedaleo m\u00e1s realista de todos los rodillos inteligentes para espacios interiores con la rueda retirada.<\/p><p>El legendario volante de inercia <strong>Snap<\/strong> ofrece una tecnologia que crea la misma resistencia que se experimenta en ascensos y descensos al aire libre. <\/p><p>Adem\u00e0s, ningun otro rodillo de entrenamiento dispone de mas opciones de software de entrenamiento, entre ellas, <strong>Zwift y Trainer Road.<\/strong><\/p><p>Con el <strong>Kickr Snap de Wahoo<\/strong>, entrenar en interiores es tan f\u00e1cil como chasquear los dedos. <\/p><p>Es un rodillo inteligente de rueda montada, c\u00f3modo y f\u00e1cil de instalar, con la experiencia de pedaleo realista que caracteriza a los rodillos inteligentes de <strong>Wahoo.<\/strong> <\/p><p>El <strong>Kickr Snap<\/strong> incluye luces led para mostrar el estado de la conexi\u00f3n y la lectura de la potencia ofrece una precisi\u00f3n de +\/-3 %.<\/p><p>El dise\u00f1o de rueda retirada del <strong>Kickr Snap<\/strong> le permite convertir f\u00e1cilmente su bicicleta de carretera, monta\u00f1a o triatl\u00f3n en un potente rodillo inteligente para interiores. <\/p><p>Adem\u00e1s, la aplicaci\u00f3n <strong>Wahoo Fitness<\/strong> le ofrece instrucciones de configuraci\u00f3n paso a paso para ajustar el pedaleo y comenzar a entrenar en cuesti\u00f3n de minutos.<\/p><p>El rodillo de entrenamiento <strong>Kickr Snap<\/strong> usa su tel\u00e9fono inteligente, tablet, ordenador o dispositivo gps para controlar la resistencia y proporcionar una fiable medici\u00f3n de la potencia para que pueda monitorizar y ajustar la intensidad del pedaleo.<\/p><p>Elaborado con acero al carbono de gran resistencia y una posici\u00f3n amplia, el rodillo para interiores <strong>Snap<\/strong> est\u00e1 dise\u00f1ado para que sus pies se mantengan bien asentados en el suelo y su bicicleta firmemente bloqueada para que pueda entrenar con mucha confianza.<\/p><p><strong>Caracter\u00ecsticas :<\/strong><\/p><p>M\u00e9tricas : Velocidad, potencia, distancia<br \/>Bloque de rueda delantera: se incluye<br \/>Tipo de resistencia: electromagn\u00e9tica<br \/>Precisi\u00f3n: +\/-3 %<br \/>Actualizaciones inal\u00e1mbricas del software: S\u00ed<br \/>Compatibilidad con lectores de potencia externos: S\u00ed<br \/>Conectividad: ANT+, ANT+ FE-C y Bluetooth Smart<br \/>Dispositivos: iOS \/ Android \/ PC (Mac y Windows)<br \/>Peso m\u00e1ximo de usuario: 113,4 kg (250 lb)<br \/>Requisitos de alimentaci\u00f3n: De 100 a 240 V ~ 1,5 A de 50 a 60 Hz<br \/>Peso del manillar: 4,75 kg (10,5 lb)<br \/>Grado de simulaci\u00f3n m\u00e1ximo: 12 %<br \/>Potencia de salida m\u00e1xima: 1500 Vatios<\/p>\t\t\t\t\t\t<\/div>\n\t\t\t\t<\/div>\n\t\t\t\t\t<\/div>\n\t\t<\/div>\n\t\t\t\t\t\t\t<\/div>\n\t\t<\/section>\n\t\t\t\t<section class=\"elementor-section elementor-top-section elementor-element elementor-element-0a0fa13 elementor-section-boxed elementor-section-height-default elementor-section-height-default\" data-id=\"0a0fa13\" data-element_type=\"section\">\n\t\t\t\t\t\t<div class=\"elementor-container elementor-column-gap-default\">\n\t\t\t\t\t<div class=\"elementor-column elementor-col-100 elementor-top-column elementor-element elementor-element-b5f2e79\" data-id=\"b5f2e79\" data-element_type=\"column\">\n\t\t\t<div class=\"elementor-widget-wrap elementor-element-populated\">\n\t\t\t\t\t\t\t\t<div class=\"elementor-element elementor-element-76c6e46 elementor-arrows-position-inside elementor-pagination-position-outside elementor-invisible elementor-widget elementor-widget-image-carousel\" data-id=\"76c6e46\" data-element_type=\"widget\" data-settings=\"{&quot;_animation&quot;:&quot;rotateIn&quot;,&quot;_animation_delay&quot;:8,&quot;navigation&quot;:&quot;both&quot;,&quot;autoplay&quot;:&quot;yes&quot;,&quot;pause_on_hover&quot;:&quot;yes&quot;,&quot;pause_on_interaction&quot;:&quot;yes&quot;,&quot;autoplay_speed&quot;:5000,&quot;infinite&quot;:&quot;yes&quot;,&quot;speed&quot;:500}\" data-widget_type=\"image-carousel.default\">\n\t\t\t\t<div class=\"elementor-widget-container\">\n\t\t\t<style>\/*! elementor - v3.13.2 - 11-05-2023 *\/\n.elementor-widget-image-carousel .swiper,.elementor-widget-image-carousel .swiper-container{position:static}.elementor-widget-image-carousel .swiper-container .swiper-slide figure,.elementor-widget-image-carousel .swiper .swiper-slide figure{line-height:inherit}.elementor-widget-image-carousel .swiper-slide{text-align:center}.elementor-image-carousel-wrapper:not(.swiper-container-initialized):not(.swiper-initialized) .swiper-slide{max-width:calc(100% \/ var(--e-image-carousel-slides-to-show, 3))}<\/style>\t\t<div class=\"elementor-image-carousel-wrapper swiper-container\" dir=\"ltr\">\n\t\t\t<div class=\"elementor-image-carousel swiper-wrapper\">\n\t\t\t\t\t\t\t\t<div class=\"swiper-slide\"><figure class=\"swiper-slide-inner\"><img decoding=\"async\" class=\"swiper-slide-image\" src=\"https:\/\/www.gesoltec.com\/wp-content\/uploads\/2021\/12\/Kickr-Snap-3-gesolbike-1-150x150.webp\" alt=\"Kickr Snap 3 gesolbike\" \/><\/figure><\/div><div class=\"swiper-slide\"><figure class=\"swiper-slide-inner\"><img decoding=\"async\" class=\"swiper-slide-image\" src=\"https:\/\/www.gesoltec.com\/wp-content\/uploads\/2021\/12\/Kickr-Snap-2-gesolbike-150x150.webp\" alt=\"Kickr Snap 2 gesolbike\" \/><\/figure><\/div><div class=\"swiper-slide\"><figure class=\"swiper-slide-inner\"><img decoding=\"async\" class=\"swiper-slide-image\" src=\"https:\/\/www.gesoltec.com\/wp-content\/uploads\/2021\/12\/Kickr-Snap-1-gesolbike-150x150.webp\" alt=\"Kickr Snap 1 gesolbike\" \/><\/figure><\/div><div class=\"swiper-slide\"><figure class=\"swiper-slide-inner\"><img decoding=\"async\" class=\"swiper-slide-image\" src=\"https:\/\/www.gesoltec.com\/wp-content\/uploads\/2021\/12\/Kickr-Snap-gesolbike-150x150.webp\" alt=\"Kickr Snap gesolbike\" \/><\/figure><\/div>\t\t\t<\/div>\n\t\t\t\t\t\t\t\t\t\t\t\t<div class=\"swiper-pagination\"><\/div>\n\t\t\t\t\t\t\t\t\t\t\t\t\t<div class=\"elementor-swiper-button elementor-swiper-button-prev\" role=\"button\" tabindex=\"0\">\n\t\t\t\t\t\t<i aria-hidden=\"true\" class=\"eicon-chevron-left\"><\/i>\t\t\t\t\t\t<span class=\"elementor-screen-only\">Previous image<\/span>\n\t\t\t\t\t<\/div>\n\t\t\t\t\t<div class=\"elementor-swiper-button elementor-swiper-button-next\" role=\"button\" tabindex=\"0\">\n\t\t\t\t\t\t<i aria-hidden=\"true\" class=\"eicon-chevron-right\"><\/i>\t\t\t\t\t\t<span class=\"elementor-screen-only\">Next image<\/span>\n\t\t\t\t\t<\/div>\n\t\t\t\t\t\t\t\t\t<\/div>\n\t\t\t\t<\/div>\n\t\t\t\t<\/div>\n\t\t\t\t\t<\/div>\n\t\t<\/div>\n\t\t\t\t\t\t\t<\/div>\n\t\t<\/section>\n\t\t\t\t\t\t\t<\/div>\n\t\t","protected":false},"excerpt":{"rendered":"<p>El sistema <strong>Wahoo Kickr Snap<\/strong> ofrece la experiencia de pedaleo m\u00e1s realista de todos los rodillos inteligentes para espacios interiores con la rueda retirada.<\/p>\n","protected":false},"featured_media":978,"comment_status":"open","ping_status":"closed","template":"","meta":{"_joinchat":[]},"pwb-brand":[39,41],"product_cat":[58],"product_tag":[73,74,76,78,75,77],"class_list":["post-977","product","type-product","status-publish","has-post-thumbnail","hentry","pwb-brand-gesolbike","pwb-brand-wahoo","product_cat-bicicletas","product_tag-bogota","product_tag-colombia","product_tag-kickr-snap","product_tag-rodillo-de-entrenamiento","product_tag-sur-america","product_tag-volante-de-inercia-snap"],"brands":[{"id":39,"name":"Gesolbike","slug":"gesolbike"},{"id":41,"name":"Wahoo","slug":"wahoo"}],"_links":{"self":[{"href":"https:\/\/www.gesoltec.com\/index.php\/wp-json\/wp\/v2\/product\/977","targetHints":{"allow":["GET"]}}],"collection":[{"href":"https:\/\/www.gesoltec.com\/index.php\/wp-json\/wp\/v2\/product"}],"about":[{"href":"https:\/\/www.gesoltec.com\/index.php\/wp-json\/wp\/v2\/types\/product"}],"replies":[{"embeddable":true,"href":"https:\/\/www.gesoltec.com\/index.php\/wp-json\/wp\/v2\/comments?post=977"}],"version-history":[{"count":2,"href":"https:\/\/www.gesoltec.com\/index.php\/wp-json\/wp\/v2\/product\/977\/revisions"}],"predecessor-version":[{"id":1818,"href":"https:\/\/www.gesoltec.com\/index.php\/wp-json\/wp\/v2\/product\/977\/revisions\/1818"}],"wp:featuredmedia":[{"embeddable":true,"href":"https:\/\/www.gesoltec.com\/index.php\/wp-json\/wp\/v2\/media\/978"}],"wp:attachment":[{"href":"https:\/\/www.gesoltec.com\/index.php\/wp-json\/wp\/v2\/media?parent=977"}],"wp:term":[{"taxonomy":"pwb-brand","embeddable":true,"href":"https:\/\/www.gesoltec.com\/index.php\/wp-json\/wp\/v2\/pwb-brand?post=977"},{"taxonomy":"product_cat","embeddable":true,"href":"https:\/\/www.gesoltec.com\/index.php\/wp-json\/wp\/v2\/product_cat?post=977"},{"taxonomy":"product_tag","embeddable":true,"href":"https:\/\/www.gesoltec.com\/index.php\/wp-json\/wp\/v2\/product_tag?post=977"}],"curies":[{"name":"wp","href":"https:\/\/api.w.org\/{rel}","templated":true}]}}