{"id":912,"date":"2021-12-23T16:43:19","date_gmt":"2021-12-23T21:43:19","guid":{"rendered":"https:\/\/www.gesoltec.com\/?post_type=product&#038;p=912"},"modified":"2023-05-18T16:13:07","modified_gmt":"2023-05-18T21:13:07","slug":"patineta-smart-x7","status":"publish","type":"product","link":"https:\/\/www.gesoltec.com\/index.php\/producto\/patineta-smart-x7\/","title":{"rendered":"Patineta Smart X7"},"content":{"rendered":"\t\t<div data-elementor-type=\"wp-post\" data-elementor-id=\"912\" class=\"elementor elementor-912\">\n\t\t\t\t\t\t\t\t\t<section class=\"elementor-section elementor-top-section elementor-element elementor-element-c656b40 elementor-section-boxed elementor-section-height-default elementor-section-height-default\" data-id=\"c656b40\" data-element_type=\"section\">\n\t\t\t\t\t\t<div class=\"elementor-container elementor-column-gap-default\">\n\t\t\t\t\t<div class=\"elementor-column elementor-col-100 elementor-top-column elementor-element elementor-element-453b72b\" data-id=\"453b72b\" data-element_type=\"column\">\n\t\t\t<div class=\"elementor-widget-wrap elementor-element-populated\">\n\t\t\t\t\t\t\t\t<div class=\"elementor-element elementor-element-a126099 elementor-widget elementor-widget-text-editor\" data-id=\"a126099\" data-element_type=\"widget\" data-widget_type=\"text-editor.default\">\n\t\t\t\t<div class=\"elementor-widget-container\">\n\t\t\t<style>\/*! elementor - v3.13.2 - 11-05-2023 *\/\n.elementor-widget-text-editor.elementor-drop-cap-view-stacked .elementor-drop-cap{background-color:#69727d;color:#fff}.elementor-widget-text-editor.elementor-drop-cap-view-framed .elementor-drop-cap{color:#69727d;border:3px solid;background-color:transparent}.elementor-widget-text-editor:not(.elementor-drop-cap-view-default) .elementor-drop-cap{margin-top:8px}.elementor-widget-text-editor:not(.elementor-drop-cap-view-default) .elementor-drop-cap-letter{width:1em;height:1em}.elementor-widget-text-editor .elementor-drop-cap{float:left;text-align:center;line-height:1;font-size:50px}.elementor-widget-text-editor .elementor-drop-cap-letter{display:inline-block}<\/style>\t\t\t\t<h1 style=\"text-align: center;\"><span style=\"color: #54ab57;\"><strong>Patineta Smart X7 <\/strong><\/span><\/h1>\t\t\t\t\t\t<\/div>\n\t\t\t\t<\/div>\n\t\t\t\t\t<\/div>\n\t\t<\/div>\n\t\t\t\t\t\t\t<\/div>\n\t\t<\/section>\n\t\t\t\t<section class=\"elementor-section elementor-top-section elementor-element elementor-element-cec5ae8 elementor-section-boxed elementor-section-height-default elementor-section-height-default\" data-id=\"cec5ae8\" data-element_type=\"section\">\n\t\t\t\t\t\t<div class=\"elementor-container elementor-column-gap-default\">\n\t\t\t\t\t<div class=\"elementor-column elementor-col-100 elementor-top-column elementor-element elementor-element-cdaa41f\" data-id=\"cdaa41f\" data-element_type=\"column\">\n\t\t\t<div class=\"elementor-widget-wrap elementor-element-populated\">\n\t\t\t\t\t\t\t\t<div class=\"elementor-element elementor-element-a2dad2e elementor-invisible elementor-widget elementor-widget-text-editor\" data-id=\"a2dad2e\" data-element_type=\"widget\" data-settings=\"{&quot;_animation&quot;:&quot;fadeIn&quot;,&quot;_animation_delay&quot;:7}\" data-widget_type=\"text-editor.default\">\n\t\t\t\t<div class=\"elementor-widget-container\">\n\t\t\t\t\t\t\t<p>Ligera, geometr\u00eda simple, dise\u00f1o practico y revolucionario<br \/>Luz led de alto brillo y stop intermitente y luz de cola<br \/>Respaldo de marca <br \/>3 frenos : frenada activa (Guardabarro trasero), electr\u00f3nico regenerativo y disco con antibloqueo<br \/>Ruedas 8,5 pulgadas tubeless<br \/>Timbre bien ubicado y practico no consume energ\u00eda<br \/>Potencia pico de 700w para ascenso (15 grados) y arranque cero start<br \/>3 modos de velocidad 10km\/h, 27km\/h 25km\/h<br \/>Peso bater\u00eda 6kg<br \/>Men\u00fa secreto de configuraci\u00f3n<br \/>Velocidad de crucero<br \/>Se puede sacar la bater\u00eda para protegerla del clima (calor o frio)<br \/>Se puede sacar la bater\u00eda para m\u00e1s comodidad y multiplicar la autonom\u00eda comprando bater\u00eda extra<br \/>Puerto de carga en un lugar alto sobre el ca\u00f1o de direcci\u00f3n (muy confortable)<br \/>El centro de gravedad esta adelante y abajo (m\u00e1s seguridad y confort)<br \/>El ca\u00f1o es m\u00e1s robusto (estabilidad y elegancia)<br \/>Plegado r\u00e1pido, seguro, m\u00e1s fuerte y m\u00e1s robusto, m\u00e1s firme, no tiene holgura<br \/>Manillares de rosca m\u00e1s c\u00f3moda, ergon\u00f3mica y segura<br \/>La plataforma es m\u00e1s amplia y larga 48cmm (estabilidad y confort)<br \/>Tapete de cucho antideslizante y sofisticado, f\u00e1cil de limpiar<br \/>Las X7 de O3 son m\u00e1s altas (distancia del piso a la parte m\u00e1s baja de la patineta) que las dem\u00e1s<br \/>Tablero alto definicion (facil lectura en cualquier situaci\u00f3n)<br \/>Est\u00e0 en rebaja para navidad<\/p>\t\t\t\t\t\t<\/div>\n\t\t\t\t<\/div>\n\t\t\t\t\t<\/div>\n\t\t<\/div>\n\t\t\t\t\t\t\t<\/div>\n\t\t<\/section>\n\t\t\t\t<section class=\"elementor-section elementor-top-section elementor-element elementor-element-c2ead33 elementor-section-boxed elementor-section-height-default elementor-section-height-default\" data-id=\"c2ead33\" data-element_type=\"section\">\n\t\t\t\t\t\t<div class=\"elementor-container elementor-column-gap-default\">\n\t\t\t\t\t<div class=\"elementor-column elementor-col-100 elementor-top-column elementor-element elementor-element-f1eda25\" data-id=\"f1eda25\" data-element_type=\"column\">\n\t\t\t<div class=\"elementor-widget-wrap elementor-element-populated\">\n\t\t\t\t\t\t\t\t<div class=\"elementor-element elementor-element-5745ba5 elementor-arrows-position-inside elementor-pagination-position-outside elementor-widget elementor-widget-image-carousel\" data-id=\"5745ba5\" data-element_type=\"widget\" data-settings=\"{&quot;navigation&quot;:&quot;both&quot;,&quot;autoplay&quot;:&quot;yes&quot;,&quot;pause_on_hover&quot;:&quot;yes&quot;,&quot;pause_on_interaction&quot;:&quot;yes&quot;,&quot;autoplay_speed&quot;:5000,&quot;infinite&quot;:&quot;yes&quot;,&quot;speed&quot;:500}\" data-widget_type=\"image-carousel.default\">\n\t\t\t\t<div class=\"elementor-widget-container\">\n\t\t\t<style>\/*! elementor - v3.13.2 - 11-05-2023 *\/\n.elementor-widget-image-carousel .swiper,.elementor-widget-image-carousel .swiper-container{position:static}.elementor-widget-image-carousel .swiper-container .swiper-slide figure,.elementor-widget-image-carousel .swiper .swiper-slide figure{line-height:inherit}.elementor-widget-image-carousel .swiper-slide{text-align:center}.elementor-image-carousel-wrapper:not(.swiper-container-initialized):not(.swiper-initialized) .swiper-slide{max-width:calc(100% \/ var(--e-image-carousel-slides-to-show, 3))}<\/style>\t\t<div class=\"elementor-image-carousel-wrapper swiper-container\" dir=\"ltr\">\n\t\t\t<div class=\"elementor-image-carousel swiper-wrapper\">\n\t\t\t\t\t\t\t\t<div class=\"swiper-slide\"><figure class=\"swiper-slide-inner\"><img decoding=\"async\" class=\"swiper-slide-image\" src=\"https:\/\/www.gesoltec.com\/wp-content\/uploads\/2021\/12\/Patineta-smart-x-7-3-gesolbike-150x150.jpeg\" alt=\"Patineta smart x 7 3 gesolbike\" \/><\/figure><\/div><div class=\"swiper-slide\"><figure class=\"swiper-slide-inner\"><img decoding=\"async\" class=\"swiper-slide-image\" src=\"https:\/\/www.gesoltec.com\/wp-content\/uploads\/2021\/12\/Patineta-smart-x-7-6-gesolbike-150x150.jpeg\" alt=\"Patineta smart x 7 6 gesolbike\" \/><\/figure><\/div><div class=\"swiper-slide\"><figure class=\"swiper-slide-inner\"><img decoding=\"async\" class=\"swiper-slide-image\" src=\"https:\/\/www.gesoltec.com\/wp-content\/uploads\/2021\/12\/Patineta-smart-x-7-7-gesolbike-150x150.jpeg\" alt=\"Patineta smart x 7 7 gesolbike\" \/><\/figure><\/div><div class=\"swiper-slide\"><figure class=\"swiper-slide-inner\"><img decoding=\"async\" class=\"swiper-slide-image\" src=\"https:\/\/www.gesoltec.com\/wp-content\/uploads\/2021\/12\/Patineta-smart-x-7-8-gesolbike-150x150.jpeg\" alt=\"Patineta smart x 7 8 gesolbike\" \/><\/figure><\/div><div class=\"swiper-slide\"><figure class=\"swiper-slide-inner\"><img decoding=\"async\" class=\"swiper-slide-image\" src=\"https:\/\/www.gesoltec.com\/wp-content\/uploads\/2021\/12\/Patineta-smart-x-7-9-gesolbike-150x150.jpeg\" alt=\"Patineta smart x 7 9 gesolbike\" \/><\/figure><\/div><div class=\"swiper-slide\"><figure class=\"swiper-slide-inner\"><img decoding=\"async\" class=\"swiper-slide-image\" src=\"https:\/\/www.gesoltec.com\/wp-content\/uploads\/2021\/12\/Patineta-smart-x-7-10-gesolbike-150x150.jpeg\" alt=\"Patineta smart x 7 10 gesolbike\" \/><\/figure><\/div><div class=\"swiper-slide\"><figure class=\"swiper-slide-inner\"><img decoding=\"async\" class=\"swiper-slide-image\" src=\"https:\/\/www.gesoltec.com\/wp-content\/uploads\/2021\/12\/Patineta-smart-x-7-11-gesolbike-150x150.jpeg\" alt=\"Patineta smart x 7 11 gesolbike\" \/><\/figure><\/div><div class=\"swiper-slide\"><figure class=\"swiper-slide-inner\"><img decoding=\"async\" class=\"swiper-slide-image\" src=\"https:\/\/www.gesoltec.com\/wp-content\/uploads\/2021\/12\/Patineta-Smart-X7-2-gesolbike-150x150.jpeg\" alt=\"Patineta Smart X7 2 gesolbike\" \/><\/figure><\/div><div class=\"swiper-slide\"><figure class=\"swiper-slide-inner\"><img decoding=\"async\" class=\"swiper-slide-image\" src=\"https:\/\/www.gesoltec.com\/wp-content\/uploads\/2021\/12\/Patineta-Smart-X7-gesolbike-150x150.jpeg\" alt=\"Patineta Smart X7 gesolbike\" \/><\/figure><\/div>\t\t\t<\/div>\n\t\t\t\t\t\t\t\t\t\t\t\t<div class=\"swiper-pagination\"><\/div>\n\t\t\t\t\t\t\t\t\t\t\t\t\t<div class=\"elementor-swiper-button elementor-swiper-button-prev\" role=\"button\" tabindex=\"0\">\n\t\t\t\t\t\t<i aria-hidden=\"true\" class=\"eicon-chevron-left\"><\/i>\t\t\t\t\t\t<span class=\"elementor-screen-only\">Previous image<\/span>\n\t\t\t\t\t<\/div>\n\t\t\t\t\t<div class=\"elementor-swiper-button elementor-swiper-button-next\" role=\"button\" tabindex=\"0\">\n\t\t\t\t\t\t<i aria-hidden=\"true\" class=\"eicon-chevron-right\"><\/i>\t\t\t\t\t\t<span class=\"elementor-screen-only\">Next image<\/span>\n\t\t\t\t\t<\/div>\n\t\t\t\t\t\t\t\t\t<\/div>\n\t\t\t\t<\/div>\n\t\t\t\t<\/div>\n\t\t\t\t\t<\/div>\n\t\t<\/div>\n\t\t\t\t\t\t\t<\/div>\n\t\t<\/section>\n\t\t\t\t\t\t\t<\/div>\n\t\t","protected":false},"excerpt":{"rendered":"<p>Ligera, geometr\u00eda simple, dise\u00f1o practico y revolucionario<br \/>\nLuz led de alto brillo y stop intermitente y luz de cola<br \/>\nRespaldo de marca<br \/>\n3 frenos : frenada activa (Guardabarro trasero), electr\u00f3nico regenerativo y disco con antibloqueo<\/p>\n","protected":false},"featured_media":1825,"comment_status":"open","ping_status":"closed","template":"","meta":{"_joinchat":[]},"pwb-brand":[39],"product_cat":[64],"product_tag":[73,74,67,66,65,63,75],"class_list":["post-912","product","type-product","status-publish","has-post-thumbnail","hentry","pwb-brand-gesolbike","product_cat-patinetas","product_tag-bogota","product_tag-colombia","product_tag-diseno-practico-y-revolucionario","product_tag-geometria-simple","product_tag-ligera","product_tag-patineta-smart-x7","product_tag-sur-america"],"brands":[{"id":39,"name":"Gesolbike","slug":"gesolbike"}],"_links":{"self":[{"href":"https:\/\/www.gesoltec.com\/index.php\/wp-json\/wp\/v2\/product\/912","targetHints":{"allow":["GET"]}}],"collection":[{"href":"https:\/\/www.gesoltec.com\/index.php\/wp-json\/wp\/v2\/product"}],"about":[{"href":"https:\/\/www.gesoltec.com\/index.php\/wp-json\/wp\/v2\/types\/product"}],"replies":[{"embeddable":true,"href":"https:\/\/www.gesoltec.com\/index.php\/wp-json\/wp\/v2\/comments?post=912"}],"version-history":[{"count":2,"href":"https:\/\/www.gesoltec.com\/index.php\/wp-json\/wp\/v2\/product\/912\/revisions"}],"predecessor-version":[{"id":974,"href":"https:\/\/www.gesoltec.com\/index.php\/wp-json\/wp\/v2\/product\/912\/revisions\/974"}],"wp:featuredmedia":[{"embeddable":true,"href":"https:\/\/www.gesoltec.com\/index.php\/wp-json\/wp\/v2\/media\/1825"}],"wp:attachment":[{"href":"https:\/\/www.gesoltec.com\/index.php\/wp-json\/wp\/v2\/media?parent=912"}],"wp:term":[{"taxonomy":"pwb-brand","embeddable":true,"href":"https:\/\/www.gesoltec.com\/index.php\/wp-json\/wp\/v2\/pwb-brand?post=912"},{"taxonomy":"product_cat","embeddable":true,"href":"https:\/\/www.gesoltec.com\/index.php\/wp-json\/wp\/v2\/product_cat?post=912"},{"taxonomy":"product_tag","embeddable":true,"href":"https:\/\/www.gesoltec.com\/index.php\/wp-json\/wp\/v2\/product_tag?post=912"}],"curies":[{"name":"wp","href":"https:\/\/api.w.org\/{rel}","templated":true}]}}