{"id":1758,"date":"2022-01-13T12:06:48","date_gmt":"2022-01-13T17:06:48","guid":{"rendered":"https:\/\/www.gesoltec.com\/?post_type=product&#038;p=1758"},"modified":"2023-05-18T15:47:40","modified_gmt":"2023-05-18T20:47:40","slug":"edge-1030-plus-bundle","status":"publish","type":"product","link":"https:\/\/www.gesoltec.com\/index.php\/producto\/edge-1030-plus-bundle\/","title":{"rendered":"Edge 1030 Plus Bundle"},"content":{"rendered":"\t\t<div data-elementor-type=\"wp-post\" data-elementor-id=\"1758\" class=\"elementor elementor-1758\">\n\t\t\t\t\t\t\t\t\t<section class=\"elementor-section elementor-top-section elementor-element elementor-element-8951e8e elementor-section-boxed elementor-section-height-default elementor-section-height-default\" data-id=\"8951e8e\" data-element_type=\"section\">\n\t\t\t\t\t\t<div class=\"elementor-container elementor-column-gap-default\">\n\t\t\t\t\t<div class=\"elementor-column elementor-col-100 elementor-top-column elementor-element elementor-element-e72f2c0\" data-id=\"e72f2c0\" data-element_type=\"column\">\n\t\t\t<div class=\"elementor-widget-wrap elementor-element-populated\">\n\t\t\t\t\t\t\t\t<div class=\"elementor-element elementor-element-bb128e4 elementor-invisible elementor-widget elementor-widget-text-editor\" data-id=\"bb128e4\" data-element_type=\"widget\" data-settings=\"{&quot;_animation&quot;:&quot;rollIn&quot;,&quot;_animation_delay&quot;:6}\" data-widget_type=\"text-editor.default\">\n\t\t\t\t<div class=\"elementor-widget-container\">\n\t\t\t<style>\/*! elementor - v3.13.2 - 11-05-2023 *\/\n.elementor-widget-text-editor.elementor-drop-cap-view-stacked .elementor-drop-cap{background-color:#69727d;color:#fff}.elementor-widget-text-editor.elementor-drop-cap-view-framed .elementor-drop-cap{color:#69727d;border:3px solid;background-color:transparent}.elementor-widget-text-editor:not(.elementor-drop-cap-view-default) .elementor-drop-cap{margin-top:8px}.elementor-widget-text-editor:not(.elementor-drop-cap-view-default) .elementor-drop-cap-letter{width:1em;height:1em}.elementor-widget-text-editor .elementor-drop-cap{float:left;text-align:center;line-height:1;font-size:50px}.elementor-widget-text-editor .elementor-drop-cap-letter{display:inline-block}<\/style>\t\t\t\t<h1 style=\"text-align: center;\"><span style=\"color: #458a43;\"><strong>Edge 1030 Plus Bundle<\/strong><\/span><\/h1>\t\t\t\t\t\t<\/div>\n\t\t\t\t<\/div>\n\t\t\t\t\t<\/div>\n\t\t<\/div>\n\t\t\t\t\t\t\t<\/div>\n\t\t<\/section>\n\t\t\t\t<section class=\"elementor-section elementor-top-section elementor-element elementor-element-6ba24f0 elementor-section-boxed elementor-section-height-default elementor-section-height-default\" data-id=\"6ba24f0\" data-element_type=\"section\">\n\t\t\t\t\t\t<div class=\"elementor-container elementor-column-gap-default\">\n\t\t\t\t\t<div class=\"elementor-column elementor-col-50 elementor-top-column elementor-element elementor-element-c631167\" data-id=\"c631167\" data-element_type=\"column\">\n\t\t\t<div class=\"elementor-widget-wrap elementor-element-populated\">\n\t\t\t\t\t\t\t\t<div class=\"elementor-element elementor-element-d5cf5d6 elementor-invisible elementor-widget elementor-widget-image\" data-id=\"d5cf5d6\" data-element_type=\"widget\" data-settings=\"{&quot;_animation&quot;:&quot;fadeIn&quot;,&quot;_animation_delay&quot;:4}\" data-widget_type=\"image.default\">\n\t\t\t\t<div class=\"elementor-widget-container\">\n\t\t\t<style>\/*! elementor - v3.13.2 - 11-05-2023 *\/\n.elementor-widget-image{text-align:center}.elementor-widget-image a{display:inline-block}.elementor-widget-image a img[src$=\".svg\"]{width:48px}.elementor-widget-image img{vertical-align:middle;display:inline-block}<\/style>\t\t\t\t\t\t\t\t\t\t\t\t<img decoding=\"async\" src=\"https:\/\/www.gesoltec.com\/wp-content\/uploads\/elementor\/thumbs\/Edge-1030-Plus-Bundle-gesolbike-piynknktpwmfy3v3a6wapt9199s9nookfzahav17z4.jpg\" title=\"Edge 1030 Plus Bundle gesolbike\" alt=\"Edge 1030 Plus Bundle gesolbike\" loading=\"lazy\" \/>\t\t\t\t\t\t\t\t\t\t\t\t\t\t\t<\/div>\n\t\t\t\t<\/div>\n\t\t\t\t\t<\/div>\n\t\t<\/div>\n\t\t\t\t<div class=\"elementor-column elementor-col-50 elementor-top-column elementor-element elementor-element-9dc21a6\" data-id=\"9dc21a6\" data-element_type=\"column\">\n\t\t\t<div class=\"elementor-widget-wrap elementor-element-populated\">\n\t\t\t\t\t\t\t\t<div class=\"elementor-element elementor-element-e038b26 elementor-invisible elementor-widget elementor-widget-image\" data-id=\"e038b26\" data-element_type=\"widget\" data-settings=\"{&quot;_animation&quot;:&quot;fadeIn&quot;,&quot;_animation_delay&quot;:4}\" data-widget_type=\"image.default\">\n\t\t\t\t<div class=\"elementor-widget-container\">\n\t\t\t\t\t\t\t\t\t\t\t\t\t\t\t<img decoding=\"async\" src=\"https:\/\/www.gesoltec.com\/wp-content\/uploads\/elementor\/thumbs\/Edge-1030-Plus-Bundle-1-gesolbike-piynpsr149nxhae48wxsv0iua6fks23otft4udenxc.jpg\" title=\"Edge 1030 Plus Bundle 1 gesolbike\" alt=\"Edge 1030 Plus Bundle 1 gesolbike\" loading=\"lazy\" \/>\t\t\t\t\t\t\t\t\t\t\t\t\t\t\t<\/div>\n\t\t\t\t<\/div>\n\t\t\t\t\t<\/div>\n\t\t<\/div>\n\t\t\t\t\t\t\t<\/div>\n\t\t<\/section>\n\t\t\t\t<section class=\"elementor-section elementor-top-section elementor-element elementor-element-560517a elementor-section-boxed elementor-section-height-default elementor-section-height-default\" data-id=\"560517a\" data-element_type=\"section\">\n\t\t\t\t\t\t<div class=\"elementor-container elementor-column-gap-default\">\n\t\t\t\t\t<div class=\"elementor-column elementor-col-100 elementor-top-column elementor-element elementor-element-249f958\" data-id=\"249f958\" data-element_type=\"column\">\n\t\t\t<div class=\"elementor-widget-wrap elementor-element-populated\">\n\t\t\t\t\t\t\t\t<div class=\"elementor-element elementor-element-f963c15 elementor-invisible elementor-widget elementor-widget-text-editor\" data-id=\"f963c15\" data-element_type=\"widget\" data-settings=\"{&quot;_animation&quot;:&quot;rotateInUpRight&quot;,&quot;_animation_delay&quot;:3}\" data-widget_type=\"text-editor.default\">\n\t\t\t\t<div class=\"elementor-widget-container\">\n\t\t\t\t\t\t\t<p><strong>Edge 1030 Plus Bundle<\/strong><\/p><p>Nunca deje de pedalear gracias al ciclocomputador con Gps definitivo.<\/p><p>El <strong>Edge 1030 Plus<\/strong> est\u00e1 preparado para cualquier recorrido, desde senderos de grava apartados hasta escaladas \u00e9picas.<\/p><p>Sincronice sesiones de entrenamiento en interiores y exteriores directamente con su dispositivo <strong>Garmin Edge 1030 Plus Bundle,<\/strong> vamos a entrenar, el <strong>Edge<\/strong> sugiere recorridos y sesiones de entrenamiento en funci\u00f3n de la carga de entreno actual.<\/p><p>No importa lo lejos que vaya, <strong>Edge<\/strong> siempre le indicar\u00e1 c\u00f3mo volver al punto de inicio, disfrute de m\u00e1s formas de estar en contacto, incluida la <strong>compatibilidad con inReach\u00ae.<\/strong><\/p><p>Reciba mensajes de texto y utilice sus aplicaciones de ciclismo favoritas con este ciclocomputador con funciones de conexi\u00f3n, pedalee m\u00e1s, cargue menos, disfrute de hasta 24 horas de bater\u00eda.<\/p><p>Obtenga m\u00e1s informaci\u00f3n sobre c\u00f3mo responde su cuerpo al entrenamiento, seguimiento <strong>VO2 m\u00e1ximo<\/strong>, tiempo de recuperaci\u00f3n, carga de entreno, foco de la carga de entreno y mucho m\u00e1s.<\/p><p>Reciba recomendaciones de recorridos adaptadas a sus preferencias y a su forma f\u00edsica en funci\u00f3n de la carga de entrenamniento actual y del <strong>Vo2 m\u00e1ximo<\/strong>.<\/p><p>Disfrute de sesiones de entrenamiento de interiores y exteriores con el creador de planes de entrenamiento inteligente atrav\u00e9s de la aplicaci\u00f3n <strong>Garmin Connect\u2122<\/strong>, o sincronice con su dispositivo <strong>Edge<\/strong> desde otras aplicaciones, como <strong>TrainingPeaks\u00ae y TrainerRoad.<\/strong><\/p><p>Prep\u00e1rese para cualquier entorno, compruebe c\u00f3mo aguanta su cuerpo en diferentes entornos con la aclimataci\u00f3n al calor y la altitud, consulte autom\u00e1ticamente lo que queda de ascenso y la pendiente durante las subidas al seguir una ruta o trayecto, le ayudar\u00e1 a calcular el esfuerzo y saber cu\u00e1nto queda por soportar.<\/p><p>Obtenga informaci\u00f3n sobre su estado f\u00edsico para mantener la energ\u00eda kil\u00f3metro a kil\u00f3metro, el <strong>Edge 1030 Plus<\/strong> le avisar\u00e1 cuando llegue la hora de hidratarse o de comer.<\/p><p>Aproveche las m\u00e9tricas de ciclismo avanzadas que se han dise\u00f1ado para ofrecer informaci\u00f3n sobre los cambios de rendimiento en funci\u00f3n de condiciones variables como la posici\u00f3n, los ajustes de la bicicleta, la duraci\u00f3n del recorrido y mucho m\u00e1s.<\/p><p>Realice un seguimiento de datos \u00e9picos de cada recorrido con las nuevas m\u00e9tricas de ciclismo de monta\u00f1a como el recuento, la distancia y la duraci\u00f3n de sus saltos.<\/p><p>No dude en pausar la gu\u00eda de rutas y las notificaciones fuera de trayecto cuando se desv\u00ede para explorar, cuando quiera volver a la ruta, el <strong>Edge 1030 Plus<\/strong> le mostrar\u00e1 el camino.<\/p><p>Realice recorridos con mapas preinstalados con mayor cobertura que antes, incluidos datos de rutas de todo el mundo para bicicleta de monta\u00f1a a trav\u00e9s <strong>Trailforks<\/strong>, tambi\u00e9n incluye datos de altura, puntos de inter\u00e9s y una funci\u00f3n de b\u00fasqueda de direcciones.<\/p><p>Importe rutas planificadas directamente a la aplicaci\u00f3n preinstalada<strong> Trailforks<\/strong> en el <strong>Edge 1030 Plus<\/strong>, estas rutas tienen en cuenta las condiciones de los senderos y la capacidad del ciclista para ayudarle a disfrutar del recorrido.<\/p><p>Si utiliza la aplicaci\u00f3n <strong>Trailforks<\/strong>, este nuevo modo muestra autom\u00e1ticamente las pr\u00f3ximas bifurcaciones en el recorrido y ofrece contexto mostrando d\u00f3nde se encuentra de lejos de la red de senderos.<\/p><p>No se pierdas nunca gracias a las indicaciones giro a giro y las alertas que le avisan del siguiente giro, el dispositivo <strong>Edge 1030 Plus<\/strong> posee la inteligencia suficiente para llevarlo al punto de inicio incluso si se desv\u00eda o decide regresar a casa antes de lo esperado.<\/p><p>No pierda el tiempo esperando gracias a unas velocidades de c\u00e1lculo de ruta que son el doble de r\u00e1pidas que las de los modelos anteriores, gracias a los millones y millones de kil\u00f3metros de recorridos que han cargado los ciclistas, el<strong> Edge 1030 Plus<\/strong> puede encontrar la mejor ruta de entre las carreteras (y senderos) m\u00e1s frecuentados.<\/p><p>Cree trayectos mediante la aplicaci\u00f3n <strong>Garmin Connect<\/strong> y descubra nuevos y emocionantes recorridos o planif\u00edquelos en otras plataformas, como <strong>Strava y Komoot,<\/strong> y sincron\u00edcelos autom\u00e1ticamente con su <strong>dispositivo Edge.<\/strong><\/p><p>Mantengase en contacto vaya donde vaya al vincular su <strong>dispositivo Edge<\/strong> con un <strong>dispositivo inReach\u00ae ,<\/strong> visualice y responda a mensajes de texto, comparta datos de ruta y active alertas de auxilio interactivas con una <strong>suscripci\u00f3n de inReach.<\/strong><\/p><p>Vincule el <strong>Edge 1030 Plus<\/strong> con nuestro radar de visi\u00f3n trasera y las luces <strong>Varia<\/strong> para que vea y lo vean con facilidad, este dispositivo <strong>Edge<\/strong> env\u00eda autom\u00e1ticamente su ubicaci\u00f3n a los contactos de emergencia predefinidos si detecta un incidente.<\/p><p>La alarma de bicicleta protegida con pin enviar\u00e1 una notificaci\u00f3n a su smartphone si la bicicleta se mueve de su lugar mientras entra a alg\u00fan sitio a beber agua o a hacer una parada t\u00e9cnica.<\/p><p>Mant\u00e8ngase en contacto con sus compa\u00f1eros cuando se separes del pelot\u00f3n, consulte la posici\u00f3n de sus compa\u00f1eros, incluso cuando los pierda de vista, y comparta su ubicaci\u00f3n con ellos.<\/p><p><strong>GroupTrack<\/strong> le informa de hasta 50 amigos a la vez, s\u00f2lo tiene que mirar la pantalla para ver las actualizaciones.<\/p><p>Reciba mensajes de texto y alertas directamente en el dispositivo Edge cuando est\u00e9 vinculado a un smartphone compatible, la aplicaci\u00f3n <strong>Garmin Connect<\/strong> re\u00fane a una pr\u00f3spera comunidad en l\u00ednea donde los usuarios pueden conectarse y competir e incluso compartir sus triunfos a trav\u00e9s de las redes sociales.<\/p><p>Descargue campos de datos personalizados desde nuestra tienda <strong>Connect IQ<\/strong> para consultar m\u00e1s estad\u00edsticas de un vistazo.<\/p><p>Vincule el <strong>Garmin Edge 1030 Plus Bundle<\/strong> con su rodillo de entrenamiento para interiores <strong>Tacx\u00ae<\/strong> para que pueda darlo todo cuando quiera y donde quiera.<\/p><p>Disfrute de sus recorridos al momento sin perder tiempo configurando los ajustes, obtenga perfiles de recorrido personalizados ya cumplimentados en funci\u00f3n de su dispositivo <strong>Edge<\/strong>, los tipos de recorridos o los sensores anteriores.<\/p><p>1 Cuando se vincula con un smartphone compatible.<br \/>2 La autonom\u00eda de la bater\u00eda puede variar en funci\u00f3n del uso.<br \/>3 *Al vincularlo con un sensor compatible.<br \/>4 Debes disponer de un plan de suscripci\u00f3n de inReach\u00ae para acceder a la red de sat\u00e9lites Iridium\u00ae con cobertura global y activar determinadas funciones, como el seguimiento en tiempo real, la mensajer\u00eda y la funci\u00f3n SOS.<br \/>5 Cuando se vincula con un smartphone compatible. Para consultar las limitaciones y los requisitos de las funciones de seguimiento y de seguridad,\u00a0<br \/><strong>TrainingPeaks\u00ae<\/strong> es una marca comercial registrada <strong>de Peaksware, LLC.<\/strong><\/p><p><strong>En la caja :<\/strong> <\/p><p>Est\u00e1ndar (solo dispositivo)<br \/><strong>Garmin Edge 1030 Plus<\/strong><br \/>Soportes (est\u00e1ndar y frontal)<br \/>Cable USB<br \/>Lanyard<br \/>Manuales<\/p><p><strong>Bundle<\/strong><\/p><p><strong>Garmin Edge 1030 Plus Bundle<\/strong><\/p><p>HRM-Dual\u2122<br \/>Sensor de cadencia<br \/>Sensor de velocidad<br \/>Soportes (est\u00e1ndar y frontal)<br \/>Cable USB<br \/>Lanyard<br \/>Manuales<\/p><p><strong>Caracter\u00edsticas generales :<\/strong> <\/p><p>Pantalla t\u00e1ctil LCD\/Color de 3.5 pulgadas.<br \/>Tama\u00f1o pantalla (8.89 cm)<br \/>Peso: 124 gramos.<br \/>Protecci\u00f3n contra el agua: IPX7.<br \/>Bater\u00eda: 24 horas.<br \/>Alt\u00edmetro, bar\u00f3metro y GPS, GLONASS + Galileo.<br \/>Mapas Garmin Cycle Map Incluidos.<br \/>Memoria interna: 32GB.<\/p><p><strong>Especificaciones :<\/strong> <\/p><p>Mapas y memoria<br \/>Posibilidad de agregar mapas<br \/>Mapa base<br \/>Almacenamiento y capacidad de carga de 32 gb de memnoria interna<br \/>Waypoints 200<br \/>Rutas 100 campos <br \/>Historial de actividades de hasta 200 horas<\/p><p><strong>Sensores :<\/strong><\/p><p>Gps, glonass, galileo, alt\u00ecmetro barom\u00e8trico, aceler\u00f2metro, sensor de luz ambiental<\/p><p><strong>Funciones inteligentes diarias :<\/strong><\/p><p>Conectividad Bluetooth\u00ae, Ant+\u00ae, Wi-Fi\u00ae<br \/>Connect Iq\u2122: pantallas de reloj, campos de datos , widgets y aplicaciones descargables<br \/>Notificaciones inteligentes<br \/>Respuesta de texto\/rechazo de llamada telef\u00f2nica con texto(androide).<br \/>Previsi\u00f2n de tiempo inteligente<br \/>Mando a distancia para virb<br \/>Compatibilidad con smartphones iphone, andoide<\/p><p><strong>Funciones de seguimiento y seguridad :<\/strong><\/p><p>Livetrack, grupo livetrack, mensajes de jinete a jinete, detecci\u00f2n de incidentes, asistencia, alarma de bicicleta, alertas meteorol\u00f2gicas, inreach compatible.<\/p><p><strong>Funciones de seguimiento en vivo de la actividad :<\/strong><\/p><p>Cantidad de calor\u00ecas quemadas<\/p><p><strong>Funciones de entrenamiento, planificaci\u00f3n y an\u00e1lisis :<\/strong><\/p><p>P\u00e0ginas de datos personalizables, auto pausa, entrenamiento a intervalos, sesiones de entrenamiento avanzadas, planes de entrenamiento descargables, sugerencias de entrenamiento diario, auto lap, vo2 m\u00e0ximo, efecto de entrenamiento(aeror\u00f2bico), control de recuperaci\u00f2n, partner virtual, corredor virtual, segmentos, cambio autom\u00e0tico de pantalla, trueup para datos fisiol\u00f2gicos.<\/p><p><strong>Medidas fisiol\u00f2gicas :<\/strong><\/p><p>Funciones de ocio al aire libre, planificaci\u00f2n de pendientes(climbpro), funciones de ciclismo, alertas de tiempo\/distancia\/activa una alarma al lelgar a la meta, trayectos, cursos en dispositivo, cycle map para establecer rutas de varias regiones, din\u00e0mica de ciclismo compatible, mtb, datos integrados trailforks, compatible con medidores de potencia, compatible con radar varia, compatible con luces varia.<\/p><p><strong>Conectividad :<\/strong> mando a distancia edge, control remoto varia, cambio eletr\u00f2nico ant, integraci\u00f2n con shimano di2 synchro shift, control del rodillo smart para entrenamiento, productos compatibles.<\/p>\t\t\t\t\t\t<\/div>\n\t\t\t\t<\/div>\n\t\t\t\t\t<\/div>\n\t\t<\/div>\n\t\t\t\t\t\t\t<\/div>\n\t\t<\/section>\n\t\t\t\t\t\t\t<\/div>\n\t\t","protected":false},"excerpt":{"rendered":"<p><strong>Edge 1030 Plus Bundle<\/strong><\/p>\n<p>Nunca deje de pedalear gracias al<strong> Ciclocomputador con Gps<\/strong> definitivo.<\/p>\n<p>El <strong>Edge 1030 Plus<\/strong> est\u00e1 preparado para cualquier recorrido, desde senderos de grava apartados hasta escaladas \u00e9picas.<\/p>\n","protected":false},"featured_media":1759,"comment_status":"open","ping_status":"closed","template":"","meta":{"_joinchat":[]},"pwb-brand":[40,39],"product_cat":[60],"product_tag":[73,141,74,149,75],"class_list":["post-1758","product","type-product","status-publish","has-post-thumbnail","hentry","pwb-brand-garmin","pwb-brand-gesolbike","product_cat-gps","product_tag-bogota","product_tag-ciclocomputador-con-gps","product_tag-colombia","product_tag-edge-1030-plus-bundle","product_tag-sur-america"],"brands":[{"id":40,"name":"Garmin","slug":"garmin"},{"id":39,"name":"Gesolbike","slug":"gesolbike"}],"_links":{"self":[{"href":"https:\/\/www.gesoltec.com\/index.php\/wp-json\/wp\/v2\/product\/1758","targetHints":{"allow":["GET"]}}],"collection":[{"href":"https:\/\/www.gesoltec.com\/index.php\/wp-json\/wp\/v2\/product"}],"about":[{"href":"https:\/\/www.gesoltec.com\/index.php\/wp-json\/wp\/v2\/types\/product"}],"replies":[{"embeddable":true,"href":"https:\/\/www.gesoltec.com\/index.php\/wp-json\/wp\/v2\/comments?post=1758"}],"version-history":[{"count":2,"href":"https:\/\/www.gesoltec.com\/index.php\/wp-json\/wp\/v2\/product\/1758\/revisions"}],"predecessor-version":[{"id":1774,"href":"https:\/\/www.gesoltec.com\/index.php\/wp-json\/wp\/v2\/product\/1758\/revisions\/1774"}],"wp:featuredmedia":[{"embeddable":true,"href":"https:\/\/www.gesoltec.com\/index.php\/wp-json\/wp\/v2\/media\/1759"}],"wp:attachment":[{"href":"https:\/\/www.gesoltec.com\/index.php\/wp-json\/wp\/v2\/media?parent=1758"}],"wp:term":[{"taxonomy":"pwb-brand","embeddable":true,"href":"https:\/\/www.gesoltec.com\/index.php\/wp-json\/wp\/v2\/pwb-brand?post=1758"},{"taxonomy":"product_cat","embeddable":true,"href":"https:\/\/www.gesoltec.com\/index.php\/wp-json\/wp\/v2\/product_cat?post=1758"},{"taxonomy":"product_tag","embeddable":true,"href":"https:\/\/www.gesoltec.com\/index.php\/wp-json\/wp\/v2\/product_tag?post=1758"}],"curies":[{"name":"wp","href":"https:\/\/api.w.org\/{rel}","templated":true}]}}