{"id":1716,"date":"2022-01-12T11:25:24","date_gmt":"2022-01-12T16:25:24","guid":{"rendered":"https:\/\/www.gesoltec.com\/?post_type=product&#038;p=1716"},"modified":"2023-05-18T15:45:49","modified_gmt":"2023-05-18T20:45:49","slug":"pedales-rally-rs-200","status":"publish","type":"product","link":"https:\/\/www.gesoltec.com\/index.php\/producto\/pedales-rally-rs-200\/","title":{"rendered":"Pedales Rally Rs 200"},"content":{"rendered":"\t\t<div data-elementor-type=\"wp-post\" data-elementor-id=\"1716\" class=\"elementor elementor-1716\">\n\t\t\t\t\t\t\t\t\t<section class=\"elementor-section elementor-top-section elementor-element elementor-element-0ae05ab elementor-section-boxed elementor-section-height-default elementor-section-height-default\" data-id=\"0ae05ab\" data-element_type=\"section\">\n\t\t\t\t\t\t<div class=\"elementor-container elementor-column-gap-default\">\n\t\t\t\t\t<div class=\"elementor-column elementor-col-100 elementor-top-column elementor-element elementor-element-af6906f\" data-id=\"af6906f\" data-element_type=\"column\">\n\t\t\t<div class=\"elementor-widget-wrap elementor-element-populated\">\n\t\t\t\t\t\t\t\t<div class=\"elementor-element elementor-element-c3cf8cf elementor-invisible elementor-widget elementor-widget-text-editor\" data-id=\"c3cf8cf\" data-element_type=\"widget\" data-settings=\"{&quot;_animation&quot;:&quot;zoomInUp&quot;,&quot;_animation_delay&quot;:8}\" data-widget_type=\"text-editor.default\">\n\t\t\t\t<div class=\"elementor-widget-container\">\n\t\t\t<style>\/*! elementor - v3.13.2 - 11-05-2023 *\/\n.elementor-widget-text-editor.elementor-drop-cap-view-stacked .elementor-drop-cap{background-color:#69727d;color:#fff}.elementor-widget-text-editor.elementor-drop-cap-view-framed .elementor-drop-cap{color:#69727d;border:3px solid;background-color:transparent}.elementor-widget-text-editor:not(.elementor-drop-cap-view-default) .elementor-drop-cap{margin-top:8px}.elementor-widget-text-editor:not(.elementor-drop-cap-view-default) .elementor-drop-cap-letter{width:1em;height:1em}.elementor-widget-text-editor .elementor-drop-cap{float:left;text-align:center;line-height:1;font-size:50px}.elementor-widget-text-editor .elementor-drop-cap-letter{display:inline-block}<\/style>\t\t\t\t<h1 style=\"text-align: center;\"><span style=\"color: #3d8a50;\"><strong>Pedales Rally Rs 200<\/strong><\/span><\/h1>\t\t\t\t\t\t<\/div>\n\t\t\t\t<\/div>\n\t\t\t\t\t<\/div>\n\t\t<\/div>\n\t\t\t\t\t\t\t<\/div>\n\t\t<\/section>\n\t\t\t\t<section class=\"elementor-section elementor-top-section elementor-element elementor-element-2cd6daf elementor-section-boxed elementor-section-height-default elementor-section-height-default\" data-id=\"2cd6daf\" data-element_type=\"section\">\n\t\t\t\t\t\t<div class=\"elementor-container elementor-column-gap-default\">\n\t\t\t\t\t<div class=\"elementor-column elementor-col-20 elementor-top-column elementor-element elementor-element-85dcd58\" data-id=\"85dcd58\" data-element_type=\"column\">\n\t\t\t<div class=\"elementor-widget-wrap elementor-element-populated\">\n\t\t\t\t\t\t\t\t<div class=\"elementor-element elementor-element-9d56148 elementor-invisible elementor-widget elementor-widget-image\" data-id=\"9d56148\" data-element_type=\"widget\" data-settings=\"{&quot;_animation&quot;:&quot;fadeIn&quot;,&quot;_animation_delay&quot;:3}\" data-widget_type=\"image.default\">\n\t\t\t\t<div class=\"elementor-widget-container\">\n\t\t\t<style>\/*! elementor - v3.13.2 - 11-05-2023 *\/\n.elementor-widget-image{text-align:center}.elementor-widget-image a{display:inline-block}.elementor-widget-image a img[src$=\".svg\"]{width:48px}.elementor-widget-image img{vertical-align:middle;display:inline-block}<\/style>\t\t\t\t\t\t\t\t\t\t\t\t<img loading=\"lazy\" decoding=\"async\" width=\"600\" height=\"600\" src=\"https:\/\/www.gesoltec.com\/wp-content\/uploads\/2022\/01\/pedales-rally-rs-200-gesolbike-4.jpg\" class=\"attachment-large size-large wp-image-1717\" alt=\"pedales rally rs 200 gesolbike 4\" srcset=\"https:\/\/www.gesoltec.com\/wp-content\/uploads\/2022\/01\/pedales-rally-rs-200-gesolbike-4.jpg 600w, https:\/\/www.gesoltec.com\/wp-content\/uploads\/2022\/01\/pedales-rally-rs-200-gesolbike-4-300x300.jpg 300w, https:\/\/www.gesoltec.com\/wp-content\/uploads\/2022\/01\/pedales-rally-rs-200-gesolbike-4-150x150.jpg 150w, https:\/\/www.gesoltec.com\/wp-content\/uploads\/2022\/01\/pedales-rally-rs-200-gesolbike-4-100x100.jpg 100w\" sizes=\"auto, (max-width: 600px) 100vw, 600px\" \/>\t\t\t\t\t\t\t\t\t\t\t\t\t\t\t<\/div>\n\t\t\t\t<\/div>\n\t\t\t\t\t<\/div>\n\t\t<\/div>\n\t\t\t\t<div class=\"elementor-column elementor-col-20 elementor-top-column elementor-element elementor-element-eb856c8\" data-id=\"eb856c8\" data-element_type=\"column\">\n\t\t\t<div class=\"elementor-widget-wrap elementor-element-populated\">\n\t\t\t\t\t\t\t\t<div class=\"elementor-element elementor-element-57a2b75 elementor-invisible elementor-widget elementor-widget-image\" data-id=\"57a2b75\" data-element_type=\"widget\" data-settings=\"{&quot;_animation&quot;:&quot;fadeIn&quot;,&quot;_animation_delay&quot;:3}\" data-widget_type=\"image.default\">\n\t\t\t\t<div class=\"elementor-widget-container\">\n\t\t\t\t\t\t\t\t\t\t\t\t\t\t\t<img loading=\"lazy\" decoding=\"async\" width=\"600\" height=\"600\" src=\"https:\/\/www.gesoltec.com\/wp-content\/uploads\/2022\/01\/pedales-rally-rs-200-gesolbike-3.jpg\" class=\"attachment-large size-large wp-image-1722\" alt=\"pedales rally rs 200 gesolbike 3\" srcset=\"https:\/\/www.gesoltec.com\/wp-content\/uploads\/2022\/01\/pedales-rally-rs-200-gesolbike-3.jpg 600w, https:\/\/www.gesoltec.com\/wp-content\/uploads\/2022\/01\/pedales-rally-rs-200-gesolbike-3-300x300.jpg 300w, https:\/\/www.gesoltec.com\/wp-content\/uploads\/2022\/01\/pedales-rally-rs-200-gesolbike-3-150x150.jpg 150w, https:\/\/www.gesoltec.com\/wp-content\/uploads\/2022\/01\/pedales-rally-rs-200-gesolbike-3-100x100.jpg 100w\" sizes=\"auto, (max-width: 600px) 100vw, 600px\" \/>\t\t\t\t\t\t\t\t\t\t\t\t\t\t\t<\/div>\n\t\t\t\t<\/div>\n\t\t\t\t\t<\/div>\n\t\t<\/div>\n\t\t\t\t<div class=\"elementor-column elementor-col-20 elementor-top-column elementor-element elementor-element-7e01202\" data-id=\"7e01202\" data-element_type=\"column\">\n\t\t\t<div class=\"elementor-widget-wrap elementor-element-populated\">\n\t\t\t\t\t\t\t\t<div class=\"elementor-element elementor-element-d9bcf15 elementor-invisible elementor-widget elementor-widget-image\" data-id=\"d9bcf15\" data-element_type=\"widget\" data-settings=\"{&quot;_animation&quot;:&quot;fadeIn&quot;,&quot;_animation_delay&quot;:3}\" data-widget_type=\"image.default\">\n\t\t\t\t<div class=\"elementor-widget-container\">\n\t\t\t\t\t\t\t\t\t\t\t\t\t\t\t<img loading=\"lazy\" decoding=\"async\" width=\"600\" height=\"600\" src=\"https:\/\/www.gesoltec.com\/wp-content\/uploads\/2022\/01\/pedales-rally-rs-200-gesolbike-2.jpg\" class=\"attachment-large size-large wp-image-1723\" alt=\"pedales rally rs 200 gesolbike 2\" srcset=\"https:\/\/www.gesoltec.com\/wp-content\/uploads\/2022\/01\/pedales-rally-rs-200-gesolbike-2.jpg 600w, https:\/\/www.gesoltec.com\/wp-content\/uploads\/2022\/01\/pedales-rally-rs-200-gesolbike-2-300x300.jpg 300w, https:\/\/www.gesoltec.com\/wp-content\/uploads\/2022\/01\/pedales-rally-rs-200-gesolbike-2-150x150.jpg 150w, https:\/\/www.gesoltec.com\/wp-content\/uploads\/2022\/01\/pedales-rally-rs-200-gesolbike-2-100x100.jpg 100w\" sizes=\"auto, (max-width: 600px) 100vw, 600px\" \/>\t\t\t\t\t\t\t\t\t\t\t\t\t\t\t<\/div>\n\t\t\t\t<\/div>\n\t\t\t\t\t<\/div>\n\t\t<\/div>\n\t\t\t\t<div class=\"elementor-column elementor-col-20 elementor-top-column elementor-element elementor-element-1d1ae51\" data-id=\"1d1ae51\" data-element_type=\"column\">\n\t\t\t<div class=\"elementor-widget-wrap elementor-element-populated\">\n\t\t\t\t\t\t\t\t<div class=\"elementor-element elementor-element-14cfe82 elementor-invisible elementor-widget elementor-widget-image\" data-id=\"14cfe82\" data-element_type=\"widget\" data-settings=\"{&quot;_animation&quot;:&quot;fadeIn&quot;,&quot;_animation_delay&quot;:3}\" data-widget_type=\"image.default\">\n\t\t\t\t<div class=\"elementor-widget-container\">\n\t\t\t\t\t\t\t\t\t\t\t\t\t\t\t<img loading=\"lazy\" decoding=\"async\" width=\"600\" height=\"600\" src=\"https:\/\/www.gesoltec.com\/wp-content\/uploads\/2022\/01\/pedales-rally-rs-200-gesolbike-1.jpg\" class=\"attachment-large size-large wp-image-1724\" alt=\"pedales rally rs 200 gesolbike 1\" srcset=\"https:\/\/www.gesoltec.com\/wp-content\/uploads\/2022\/01\/pedales-rally-rs-200-gesolbike-1.jpg 600w, https:\/\/www.gesoltec.com\/wp-content\/uploads\/2022\/01\/pedales-rally-rs-200-gesolbike-1-300x300.jpg 300w, https:\/\/www.gesoltec.com\/wp-content\/uploads\/2022\/01\/pedales-rally-rs-200-gesolbike-1-150x150.jpg 150w, https:\/\/www.gesoltec.com\/wp-content\/uploads\/2022\/01\/pedales-rally-rs-200-gesolbike-1-100x100.jpg 100w\" sizes=\"auto, (max-width: 600px) 100vw, 600px\" \/>\t\t\t\t\t\t\t\t\t\t\t\t\t\t\t<\/div>\n\t\t\t\t<\/div>\n\t\t\t\t\t<\/div>\n\t\t<\/div>\n\t\t\t\t<div class=\"elementor-column elementor-col-20 elementor-top-column elementor-element elementor-element-a4034b8\" data-id=\"a4034b8\" data-element_type=\"column\">\n\t\t\t<div class=\"elementor-widget-wrap elementor-element-populated\">\n\t\t\t\t\t\t\t\t<div class=\"elementor-element elementor-element-c37b738 elementor-invisible elementor-widget elementor-widget-image\" data-id=\"c37b738\" data-element_type=\"widget\" data-settings=\"{&quot;_animation&quot;:&quot;fadeIn&quot;,&quot;_animation_delay&quot;:3}\" data-widget_type=\"image.default\">\n\t\t\t\t<div class=\"elementor-widget-container\">\n\t\t\t\t\t\t\t\t\t\t\t\t\t\t\t<img loading=\"lazy\" decoding=\"async\" width=\"600\" height=\"600\" src=\"https:\/\/www.gesoltec.com\/wp-content\/uploads\/2022\/01\/pedales-rally-rs-200-gesolbike.jpg\" class=\"attachment-large size-large wp-image-1725\" alt=\"pedales rally rs 200 gesolbike\" srcset=\"https:\/\/www.gesoltec.com\/wp-content\/uploads\/2022\/01\/pedales-rally-rs-200-gesolbike.jpg 600w, https:\/\/www.gesoltec.com\/wp-content\/uploads\/2022\/01\/pedales-rally-rs-200-gesolbike-300x300.jpg 300w, https:\/\/www.gesoltec.com\/wp-content\/uploads\/2022\/01\/pedales-rally-rs-200-gesolbike-150x150.jpg 150w, https:\/\/www.gesoltec.com\/wp-content\/uploads\/2022\/01\/pedales-rally-rs-200-gesolbike-100x100.jpg 100w\" sizes=\"auto, (max-width: 600px) 100vw, 600px\" \/>\t\t\t\t\t\t\t\t\t\t\t\t\t\t\t<\/div>\n\t\t\t\t<\/div>\n\t\t\t\t\t<\/div>\n\t\t<\/div>\n\t\t\t\t\t\t\t<\/div>\n\t\t<\/section>\n\t\t\t\t<section class=\"elementor-section elementor-top-section elementor-element elementor-element-60808df elementor-section-boxed elementor-section-height-default elementor-section-height-default\" data-id=\"60808df\" data-element_type=\"section\">\n\t\t\t\t\t\t<div class=\"elementor-container elementor-column-gap-default\">\n\t\t\t\t\t<div class=\"elementor-column elementor-col-100 elementor-top-column elementor-element elementor-element-cf56c11\" data-id=\"cf56c11\" data-element_type=\"column\">\n\t\t\t<div class=\"elementor-widget-wrap elementor-element-populated\">\n\t\t\t\t\t\t\t\t<div class=\"elementor-element elementor-element-2d2814f elementor-invisible elementor-widget elementor-widget-text-editor\" data-id=\"2d2814f\" data-element_type=\"widget\" data-settings=\"{&quot;_animation&quot;:&quot;rotateInUpLeft&quot;,&quot;_animation_delay&quot;:5}\" data-widget_type=\"text-editor.default\">\n\t\t\t\t<div class=\"elementor-widget-container\">\n\t\t\t\t\t\t\t<p><strong>Pedales Rally Rs 200<\/strong><\/p><p>Lleve la potencia a los pedales : <strong>Rally Rs 200<\/strong> se pone a prueba hasta el l\u00edmite, para que usted tambi\u00e9n pueda alcanzarlo.<\/p><p>Este potenci\u00f3metro con detecci\u00f3n doble proporciona mediciones de potencia fiables y se puede cambiar de bicicleta f\u00e1cilmente, sin importar la m\u00e1quina que use o el recorrido que realice.<\/p><p>Se instala como cualquier otro pedal, por lo que cambiarlo de bicicleta es muy sencillo.<\/p><p>Tal cu\u00e0l, profundiza en su rendimiento con datos sobre la potencia total, la cadencia y mucho m\u00e1s.<\/p><p>Sin problemas a la hora de colocar los pies, los pedales son compatibles con las calas<strong> Shimano Spd-sl<\/strong>, gracias a la compatibilidad con los <strong>ciclocomputadores Edge\u00ae<\/strong>, actualizar el software y cargar los datos es de lo m\u00e1s f\u00e1cil.<\/p><p>Sincroniza los datos con sus aplicaciones favoritas para compartirlos y acceder incluso a m\u00e1s an\u00e1lisis, mucho m\u00e1s que vatios, la din\u00e1mica de ciclismo avanzada muestra el equilibrio entre la pierna izquierda y la derecha, entre otros datos.<\/p><p>Dise\u00f1o perfecto para ayudarle a darlo todo, un pedla con dise\u00f1o impecable, los <strong>potenci\u00f3metros Rally<\/strong> se han sometido a pruebas muy rigurosas para garantizar la m\u00e1xima fiabilidad, gracias al excepcional dise\u00f1o de sensores internos, estos elegantes pedales se instalan como cualquier otro y se pueden cambiar de bicicleta r\u00e1pidamente.<\/p><p><strong>Rally Rs 200<\/strong> mide mucho m\u00e1s que la potencia total y la cadencia, con ayuda de estas m\u00e9tricas, podr\u00e1 confeccionar entrenamientos en torno a sus puntos d\u00e9biles y fuertes, la mejor forma de mejorar.<\/p><p>Compatibilidad con cala para que pueda rodar con la m\u00e1xima comodidad, los pedales se han dise\u00f1ado pensando en sus calas <strong>Shimano Spd-sl<\/strong> favoritas.<\/p><p><strong>Eje transferible :<\/strong> disfrute de su pasi\u00f3n todo el a\u00f1o, ya sea en carretera, gravilla, ciclocr\u00f3s o cualquier otra variante de ciclismo, se puede instalar un eje transferible en los kits de cuerpo de pedal Rally\u2122 RK para carretera o Rally\u2122 XC para monta\u00f1a (se venden por separado).<\/p><p><strong>Bater\u00eca aut\u00f2noma :<\/strong> aseg\u00farese de no quedarse sin energ\u00eda durante las rutas y sesiones de entrenamiento m\u00e1s largas gracias a las hasta 120 horas de autonom\u00eda.<\/p><p><strong>Equilibrio a la izquierda y a la derecha<\/strong> : compare las mediciones de potencia en la pierna izquierda y la derecha para conocer mejor su simetr\u00eda de pedaleo y saber c\u00f3mo desarrolla la potencia.<\/p><p>Sentado y de pie controle el tiempo que permanece en cada posici\u00f3n y su eficacia en cada una de ellas.<\/p><p><strong>Fase de potencia :<\/strong> permite comprender mejor en qu\u00e9 punto de la pedalada se genera m\u00e1s energ\u00eda.<\/p><p><strong>Desviaci\u00f2n del centro de la superficie :<\/strong> controle el punto del pedal sobre el que se ejerce la fuerza y coloque la cala en el lugar id\u00f3neo.<\/p><p>Vincule <strong>Rally Rs 200<\/strong> con <strong>ciclocomputadores Edge<\/strong> compatibles y la aplicaci\u00f3n<strong> Garmin Connect\u2122<\/strong> para actualizar el software y cargar los datos con la m\u00e1xima facilidad.<\/p><p>Incluso se puede conectar con la aplicaci\u00f3n de entrenamiento de <strong>Tacx\u00ae<\/strong> al entrenar en interiores.<\/p><p><strong>Otras maneras para entrenar : Rally Rs 200<\/strong> te permite incorporar datos de potencia a aplicaciones de terceros, como <strong>Strava, TrainingPeaks\u00ae TrainerRoad<\/strong> y muchas m\u00e1s.<\/p>\t\t\t\t\t\t<\/div>\n\t\t\t\t<\/div>\n\t\t\t\t\t<\/div>\n\t\t<\/div>\n\t\t\t\t\t\t\t<\/div>\n\t\t<\/section>\n\t\t\t\t\t\t\t<\/div>\n\t\t","protected":false},"excerpt":{"rendered":"<p><strong>Pedales Rally Rs 200<\/strong><\/p>\n<p><strong>Lleve la potencia a los pedales : Rally RS200<\/strong> se pone a prueba hasta el l\u00edmite, para que usted tambi\u00e9n pueda alcanzarlo.<\/p>\n<p>Este potenci\u00f3metro con detecci\u00f3n doble proporciona mediciones de potencia fiables y se puede cambiar de bicicleta f\u00e1cilmente, sin importar la m\u00e1quina que use o el recorrido que realice.<\/p>\n","protected":false},"featured_media":1717,"comment_status":"open","ping_status":"closed","template":"","meta":{"_joinchat":[]},"pwb-brand":[40,39],"product_cat":[59],"product_tag":[73,74,138,147,75],"class_list":["post-1716","product","type-product","status-publish","has-post-thumbnail","hentry","pwb-brand-garmin","pwb-brand-gesolbike","product_cat-repuestos-bicicletas","product_tag-bogota","product_tag-colombia","product_tag-garmin","product_tag-pedales-rally-rs-200","product_tag-sur-america"],"brands":[{"id":40,"name":"Garmin","slug":"garmin"},{"id":39,"name":"Gesolbike","slug":"gesolbike"}],"_links":{"self":[{"href":"https:\/\/www.gesoltec.com\/index.php\/wp-json\/wp\/v2\/product\/1716","targetHints":{"allow":["GET"]}}],"collection":[{"href":"https:\/\/www.gesoltec.com\/index.php\/wp-json\/wp\/v2\/product"}],"about":[{"href":"https:\/\/www.gesoltec.com\/index.php\/wp-json\/wp\/v2\/types\/product"}],"replies":[{"embeddable":true,"href":"https:\/\/www.gesoltec.com\/index.php\/wp-json\/wp\/v2\/comments?post=1716"}],"version-history":[{"count":2,"href":"https:\/\/www.gesoltec.com\/index.php\/wp-json\/wp\/v2\/product\/1716\/revisions"}],"predecessor-version":[{"id":1741,"href":"https:\/\/www.gesoltec.com\/index.php\/wp-json\/wp\/v2\/product\/1716\/revisions\/1741"}],"wp:featuredmedia":[{"embeddable":true,"href":"https:\/\/www.gesoltec.com\/index.php\/wp-json\/wp\/v2\/media\/1717"}],"wp:attachment":[{"href":"https:\/\/www.gesoltec.com\/index.php\/wp-json\/wp\/v2\/media?parent=1716"}],"wp:term":[{"taxonomy":"pwb-brand","embeddable":true,"href":"https:\/\/www.gesoltec.com\/index.php\/wp-json\/wp\/v2\/pwb-brand?post=1716"},{"taxonomy":"product_cat","embeddable":true,"href":"https:\/\/www.gesoltec.com\/index.php\/wp-json\/wp\/v2\/product_cat?post=1716"},{"taxonomy":"product_tag","embeddable":true,"href":"https:\/\/www.gesoltec.com\/index.php\/wp-json\/wp\/v2\/product_tag?post=1716"}],"curies":[{"name":"wp","href":"https:\/\/api.w.org\/{rel}","templated":true}]}}