{"id":1636,"date":"2022-01-10T11:39:32","date_gmt":"2022-01-10T16:39:32","guid":{"rendered":"https:\/\/www.gesoltec.com\/?post_type=product&#038;p=1636"},"modified":"2023-05-18T15:43:04","modified_gmt":"2023-05-18T20:43:04","slug":"varia-ut-800","status":"publish","type":"product","link":"https:\/\/www.gesoltec.com\/index.php\/producto\/varia-ut-800\/","title":{"rendered":"Varia Ut 800"},"content":{"rendered":"\t\t<div data-elementor-type=\"wp-post\" data-elementor-id=\"1636\" class=\"elementor elementor-1636\">\n\t\t\t\t\t\t\t\t\t<section class=\"elementor-section elementor-top-section elementor-element elementor-element-ea1f507 elementor-section-boxed elementor-section-height-default elementor-section-height-default\" data-id=\"ea1f507\" data-element_type=\"section\">\n\t\t\t\t\t\t<div class=\"elementor-container elementor-column-gap-default\">\n\t\t\t\t\t<div class=\"elementor-column elementor-col-100 elementor-top-column elementor-element elementor-element-6398171\" data-id=\"6398171\" data-element_type=\"column\">\n\t\t\t<div class=\"elementor-widget-wrap elementor-element-populated\">\n\t\t\t\t\t\t\t\t<div class=\"elementor-element elementor-element-d4fac3e elementor-invisible elementor-widget elementor-widget-text-editor\" data-id=\"d4fac3e\" data-element_type=\"widget\" data-settings=\"{&quot;_animation&quot;:&quot;rollIn&quot;,&quot;_animation_delay&quot;:5}\" data-widget_type=\"text-editor.default\">\n\t\t\t\t<div class=\"elementor-widget-container\">\n\t\t\t<style>\/*! elementor - v3.13.2 - 11-05-2023 *\/\n.elementor-widget-text-editor.elementor-drop-cap-view-stacked .elementor-drop-cap{background-color:#69727d;color:#fff}.elementor-widget-text-editor.elementor-drop-cap-view-framed .elementor-drop-cap{color:#69727d;border:3px solid;background-color:transparent}.elementor-widget-text-editor:not(.elementor-drop-cap-view-default) .elementor-drop-cap{margin-top:8px}.elementor-widget-text-editor:not(.elementor-drop-cap-view-default) .elementor-drop-cap-letter{width:1em;height:1em}.elementor-widget-text-editor .elementor-drop-cap{float:left;text-align:center;line-height:1;font-size:50px}.elementor-widget-text-editor .elementor-drop-cap-letter{display:inline-block}<\/style>\t\t\t\t<h1 style=\"text-align: center;\"><span style=\"color: #3e8a50;\"><strong>Varia Ut 800 <\/strong><\/span><\/h1>\t\t\t\t\t\t<\/div>\n\t\t\t\t<\/div>\n\t\t\t\t\t<\/div>\n\t\t<\/div>\n\t\t\t\t\t\t\t<\/div>\n\t\t<\/section>\n\t\t\t\t<section class=\"elementor-section elementor-top-section elementor-element elementor-element-4460bb8 elementor-section-boxed elementor-section-height-default elementor-section-height-default\" data-id=\"4460bb8\" data-element_type=\"section\">\n\t\t\t\t\t\t<div class=\"elementor-container elementor-column-gap-default\">\n\t\t\t\t\t<div class=\"elementor-column elementor-col-50 elementor-top-column elementor-element elementor-element-25d0d00\" data-id=\"25d0d00\" data-element_type=\"column\">\n\t\t\t<div class=\"elementor-widget-wrap elementor-element-populated\">\n\t\t\t\t\t\t\t\t<div class=\"elementor-element elementor-element-6a524d2 elementor-invisible elementor-widget elementor-widget-image\" data-id=\"6a524d2\" data-element_type=\"widget\" data-settings=\"{&quot;_animation&quot;:&quot;fadeIn&quot;,&quot;_animation_delay&quot;:4}\" data-widget_type=\"image.default\">\n\t\t\t\t<div class=\"elementor-widget-container\">\n\t\t\t<style>\/*! elementor - v3.13.2 - 11-05-2023 *\/\n.elementor-widget-image{text-align:center}.elementor-widget-image a{display:inline-block}.elementor-widget-image a img[src$=\".svg\"]{width:48px}.elementor-widget-image img{vertical-align:middle;display:inline-block}<\/style>\t\t\t\t\t\t\t\t\t\t\t\t<img decoding=\"async\" src=\"https:\/\/www.gesoltec.com\/wp-content\/uploads\/elementor\/thumbs\/Varia-Ut-800-gesolbike-1-pitenqx3a4q4jz8rh3zpopl4qthopui8xl4o4tuzqo.jpg\" title=\"Varia Ut 800 gesolbike 1\" alt=\"Varia Ut 800 gesolbike 1\" loading=\"lazy\" \/>\t\t\t\t\t\t\t\t\t\t\t\t\t\t\t<\/div>\n\t\t\t\t<\/div>\n\t\t\t\t\t<\/div>\n\t\t<\/div>\n\t\t\t\t<div class=\"elementor-column elementor-col-50 elementor-top-column elementor-element elementor-element-ca71575\" data-id=\"ca71575\" data-element_type=\"column\">\n\t\t\t<div class=\"elementor-widget-wrap elementor-element-populated\">\n\t\t\t\t\t\t\t\t<div class=\"elementor-element elementor-element-bec13a2 elementor-invisible elementor-widget elementor-widget-image\" data-id=\"bec13a2\" data-element_type=\"widget\" data-settings=\"{&quot;_animation&quot;:&quot;fadeIn&quot;,&quot;_animation_delay&quot;:3}\" data-widget_type=\"image.default\">\n\t\t\t\t<div class=\"elementor-widget-container\">\n\t\t\t\t\t\t\t\t\t\t\t\t\t\t\t<img decoding=\"async\" src=\"https:\/\/www.gesoltec.com\/wp-content\/uploads\/elementor\/thumbs\/Varia-Ut-800-gesolbike-piteodh7u5l0ambztdqrcjw702ehukzt0osbngxjlc.jpg\" title=\"Varia Ut 800 gesolbike\" alt=\"Varia Ut 800 gesolbike\" loading=\"lazy\" \/>\t\t\t\t\t\t\t\t\t\t\t\t\t\t\t<\/div>\n\t\t\t\t<\/div>\n\t\t\t\t\t<\/div>\n\t\t<\/div>\n\t\t\t\t\t\t\t<\/div>\n\t\t<\/section>\n\t\t\t\t<section class=\"elementor-section elementor-top-section elementor-element elementor-element-3595431 elementor-section-boxed elementor-section-height-default elementor-section-height-default\" data-id=\"3595431\" data-element_type=\"section\">\n\t\t\t\t\t\t<div class=\"elementor-container elementor-column-gap-default\">\n\t\t\t\t\t<div class=\"elementor-column elementor-col-100 elementor-top-column elementor-element elementor-element-f3ea9b9\" data-id=\"f3ea9b9\" data-element_type=\"column\">\n\t\t\t<div class=\"elementor-widget-wrap elementor-element-populated\">\n\t\t\t\t\t\t\t\t<div class=\"elementor-element elementor-element-3051784 elementor-invisible elementor-widget elementor-widget-text-editor\" data-id=\"3051784\" data-element_type=\"widget\" data-settings=\"{&quot;_animation&quot;:&quot;swing&quot;,&quot;_animation_delay&quot;:4}\" data-widget_type=\"text-editor.default\">\n\t\t\t\t<div class=\"elementor-widget-container\">\n\t\t\t\t\t\t\t<p><strong>Varia Ut 800<\/strong><\/p><p><strong>La Garmin Varia<\/strong> Ut 800 es una luz frontal inteligente y potente de la marca americana presentada durante el 2017.<\/p><p>Dispone de 800 l\u00famenes en una estructura muy ligera y con un control inal\u00e1mbrico mediante su unidad Garmin.<\/p><p>Cuando se trata de montar en bicicleta, hay que estar atento con todos los sentidos.<\/p><p>Por ello, cuando la luz escasea, es necesario iluminar todo nuestro entorno, para poder ver cualquier obst\u00e1culo.<\/p><p><strong>Caracter\u00edsticas de la Garmin Varia Ut 800<\/strong><\/p><p>A groso modo, y como puedes consultar en la web de la oferta, estas son las principales caracter\u00edsticas :<\/p><p>Haz de luz estable de 800 l\u00famenes durante 90 minutos en el modo de potencia m\u00e1xima<br \/>Conectividad Ant+<br \/>Var\u00eda autom\u00e1ticamente la iluminaci\u00f3n de la luz<br \/>Cinco modos de funcionamiento<br \/>Resistencia Ipx7<br \/>Carga con conector micro usb<br \/>Conectores \u00abuniversales\u00bb de GoPro<br \/>Se puede montar sobre la bicicleta o el casco (ver edici\u00f3n trail)<\/p><p><strong>Modelos<\/strong><\/p><p>Luz delantera inteligente <strong>Varia\u2122 UT800. Edici\u00f3n Urban.<\/strong><\/p><p>La <strong>edici\u00f3n Urban<\/strong> incluye soporte frontal universal<\/p><p><strong>Luz delantera inteligente Varia\u2122 UT800.<\/strong><\/p><p><strong>Edici\u00f3n Trail.<\/strong> La edici\u00f3n Trail incluye soporte para casco.<\/p><p>Su funcionamiento es muy sencillo, pues dispone de un bot\u00f3n lateral con el que alternas entre los diferentes modos.<\/p><p>Gracias a su conectividad Ant+, puede buscar esta luz delantera desde su <strong>Garmin<\/strong>.<\/p><p>Con esta luz usted puede configurar diferentes opciones, como que se regule de forma autom\u00e1tica.<\/p><p>Cuanto m\u00e1s r\u00e1pido vaya, m\u00e1s brillar\u00e1 la <strong>Varia UT 800.<\/strong><\/p><p>Del mismo modo, cuando reduzca la velocidad, la intensidad de la luz tambi\u00e9n disminuir\u00e1 para ahorrar bater\u00eda.<\/p><p>Como ha visto, la mayor virtud es que el soporte universal es el de <strong>GoPro<\/strong>, con lo que de tener una c\u00e1mara de acci\u00f3n, muy posiblemente le sea m\u00e1s c\u00f3modo.<\/p><p>Por ello, podr\u00e1 usted usarla no solo en la bicicleta, sino que la podr\u00e1 anclar pr\u00e1cticamente all\u00ed donde una <strong>GoPro<\/strong> tenga cabida (mochila, casco, etc).<\/p>\t\t\t\t\t\t<\/div>\n\t\t\t\t<\/div>\n\t\t\t\t\t<\/div>\n\t\t<\/div>\n\t\t\t\t\t\t\t<\/div>\n\t\t<\/section>\n\t\t\t\t\t\t\t<\/div>\n\t\t","protected":false},"excerpt":{"rendered":"<p>La <strong>Garmin Varia Ut 800<\/strong> es una luz frontal inteligente y potente de la marca americana presentada durante el 2017.<\/p>\n<p>Dispone de 800 l\u00famenes en una estructura muy ligera y con un control inal\u00e1mbrico mediante su unidad Garmin.<\/p>\n","protected":false},"featured_media":1637,"comment_status":"open","ping_status":"closed","template":"","meta":{"_joinchat":[]},"pwb-brand":[40,39],"product_cat":[60],"product_tag":[73,74,143,75,142],"class_list":["post-1636","product","type-product","status-publish","has-post-thumbnail","hentry","pwb-brand-garmin","pwb-brand-gesolbike","product_cat-gps","product_tag-bogota","product_tag-colombia","product_tag-luz-frontal-inteligente","product_tag-sur-america","product_tag-varia-ut-800"],"brands":[{"id":40,"name":"Garmin","slug":"garmin"},{"id":39,"name":"Gesolbike","slug":"gesolbike"}],"_links":{"self":[{"href":"https:\/\/www.gesoltec.com\/index.php\/wp-json\/wp\/v2\/product\/1636","targetHints":{"allow":["GET"]}}],"collection":[{"href":"https:\/\/www.gesoltec.com\/index.php\/wp-json\/wp\/v2\/product"}],"about":[{"href":"https:\/\/www.gesoltec.com\/index.php\/wp-json\/wp\/v2\/types\/product"}],"replies":[{"embeddable":true,"href":"https:\/\/www.gesoltec.com\/index.php\/wp-json\/wp\/v2\/comments?post=1636"}],"version-history":[{"count":2,"href":"https:\/\/www.gesoltec.com\/index.php\/wp-json\/wp\/v2\/product\/1636\/revisions"}],"predecessor-version":[{"id":1652,"href":"https:\/\/www.gesoltec.com\/index.php\/wp-json\/wp\/v2\/product\/1636\/revisions\/1652"}],"wp:featuredmedia":[{"embeddable":true,"href":"https:\/\/www.gesoltec.com\/index.php\/wp-json\/wp\/v2\/media\/1637"}],"wp:attachment":[{"href":"https:\/\/www.gesoltec.com\/index.php\/wp-json\/wp\/v2\/media?parent=1636"}],"wp:term":[{"taxonomy":"pwb-brand","embeddable":true,"href":"https:\/\/www.gesoltec.com\/index.php\/wp-json\/wp\/v2\/pwb-brand?post=1636"},{"taxonomy":"product_cat","embeddable":true,"href":"https:\/\/www.gesoltec.com\/index.php\/wp-json\/wp\/v2\/product_cat?post=1636"},{"taxonomy":"product_tag","embeddable":true,"href":"https:\/\/www.gesoltec.com\/index.php\/wp-json\/wp\/v2\/product_tag?post=1636"}],"curies":[{"name":"wp","href":"https:\/\/api.w.org\/{rel}","templated":true}]}}