{"id":1616,"date":"2022-01-10T11:15:27","date_gmt":"2022-01-10T16:15:27","guid":{"rendered":"https:\/\/www.gesoltec.com\/?post_type=product&#038;p=1616"},"modified":"2023-06-24T04:25:17","modified_gmt":"2023-06-24T09:25:17","slug":"garmin-edge-530-sensor-bundle","status":"publish","type":"product","link":"https:\/\/www.gesoltec.com\/index.php\/producto\/garmin-edge-530-sensor-bundle\/","title":{"rendered":"Garmin Edge 530 Sensor Bundle"},"content":{"rendered":"\t\t<div data-elementor-type=\"wp-post\" data-elementor-id=\"1616\" class=\"elementor elementor-1616\">\n\t\t\t\t\t\t\t\t\t<section class=\"elementor-section elementor-top-section elementor-element elementor-element-157d0d4 elementor-section-boxed elementor-section-height-default elementor-section-height-default\" data-id=\"157d0d4\" data-element_type=\"section\">\n\t\t\t\t\t\t<div class=\"elementor-container elementor-column-gap-default\">\n\t\t\t\t\t<div class=\"elementor-column elementor-col-100 elementor-top-column elementor-element elementor-element-a46a017\" data-id=\"a46a017\" data-element_type=\"column\">\n\t\t\t<div class=\"elementor-widget-wrap elementor-element-populated\">\n\t\t\t\t\t\t\t\t<div class=\"elementor-element elementor-element-c751136 elementor-invisible elementor-widget elementor-widget-text-editor\" data-id=\"c751136\" data-element_type=\"widget\" data-settings=\"{&quot;_animation&quot;:&quot;lightSpeedIn&quot;,&quot;_animation_delay&quot;:5}\" data-widget_type=\"text-editor.default\">\n\t\t\t\t<div class=\"elementor-widget-container\">\n\t\t\t<style>\/*! elementor - v3.13.2 - 11-05-2023 *\/\n.elementor-widget-text-editor.elementor-drop-cap-view-stacked .elementor-drop-cap{background-color:#69727d;color:#fff}.elementor-widget-text-editor.elementor-drop-cap-view-framed .elementor-drop-cap{color:#69727d;border:3px solid;background-color:transparent}.elementor-widget-text-editor:not(.elementor-drop-cap-view-default) .elementor-drop-cap{margin-top:8px}.elementor-widget-text-editor:not(.elementor-drop-cap-view-default) .elementor-drop-cap-letter{width:1em;height:1em}.elementor-widget-text-editor .elementor-drop-cap{float:left;text-align:center;line-height:1;font-size:50px}.elementor-widget-text-editor .elementor-drop-cap-letter{display:inline-block}<\/style>\t\t\t\t<h1 style=\"text-align: center;\"><span style=\"color: #368f45;\"><strong>Garmin Edge 530 Sensor Bundle<\/strong><\/span><\/h1>\t\t\t\t\t\t<\/div>\n\t\t\t\t<\/div>\n\t\t\t\t\t<\/div>\n\t\t<\/div>\n\t\t\t\t\t\t\t<\/div>\n\t\t<\/section>\n\t\t\t\t<section class=\"elementor-section elementor-top-section elementor-element elementor-element-23d3dd2 elementor-section-boxed elementor-section-height-default elementor-section-height-default\" data-id=\"23d3dd2\" data-element_type=\"section\">\n\t\t\t\t\t\t<div class=\"elementor-container elementor-column-gap-default\">\n\t\t\t\t\t<div class=\"elementor-column elementor-col-100 elementor-top-column elementor-element elementor-element-0e13be6\" data-id=\"0e13be6\" data-element_type=\"column\">\n\t\t\t<div class=\"elementor-widget-wrap elementor-element-populated\">\n\t\t\t\t\t\t\t\t<div class=\"elementor-element elementor-element-5fe357c elementor-invisible elementor-widget elementor-widget-image\" data-id=\"5fe357c\" data-element_type=\"widget\" data-settings=\"{&quot;_animation&quot;:&quot;rollIn&quot;,&quot;_animation_delay&quot;:3}\" data-widget_type=\"image.default\">\n\t\t\t\t<div class=\"elementor-widget-container\">\n\t\t\t<style>\/*! elementor - v3.13.2 - 11-05-2023 *\/\n.elementor-widget-image{text-align:center}.elementor-widget-image a{display:inline-block}.elementor-widget-image a img[src$=\".svg\"]{width:48px}.elementor-widget-image img{vertical-align:middle;display:inline-block}<\/style>\t\t\t\t\t\t\t\t\t\t\t\t<img loading=\"lazy\" decoding=\"async\" width=\"465\" height=\"500\" src=\"https:\/\/www.gesoltec.com\/wp-content\/uploads\/2022\/01\/Garmin-Edge-530-Sensor-Bundle-gesolbike.jpg\" class=\"attachment-large size-large wp-image-1617\" alt=\"Garmin Edge 530 Sensor Bundle gesolbike\" srcset=\"https:\/\/www.gesoltec.com\/wp-content\/uploads\/2022\/01\/Garmin-Edge-530-Sensor-Bundle-gesolbike.jpg 465w, https:\/\/www.gesoltec.com\/wp-content\/uploads\/2022\/01\/Garmin-Edge-530-Sensor-Bundle-gesolbike-279x300.jpg 279w, https:\/\/www.gesoltec.com\/wp-content\/uploads\/2022\/01\/Garmin-Edge-530-Sensor-Bundle-gesolbike-300x323.jpg 300w\" sizes=\"auto, (max-width: 465px) 100vw, 465px\" \/>\t\t\t\t\t\t\t\t\t\t\t\t\t\t\t<\/div>\n\t\t\t\t<\/div>\n\t\t\t\t\t<\/div>\n\t\t<\/div>\n\t\t\t\t\t\t\t<\/div>\n\t\t<\/section>\n\t\t\t\t<section class=\"elementor-section elementor-top-section elementor-element elementor-element-01e33db elementor-section-boxed elementor-section-height-default elementor-section-height-default\" data-id=\"01e33db\" data-element_type=\"section\">\n\t\t\t\t\t\t<div class=\"elementor-container elementor-column-gap-default\">\n\t\t\t\t\t<div class=\"elementor-column elementor-col-100 elementor-top-column elementor-element elementor-element-fdf03b3\" data-id=\"fdf03b3\" data-element_type=\"column\">\n\t\t\t<div class=\"elementor-widget-wrap elementor-element-populated\">\n\t\t\t\t\t\t\t\t<div class=\"elementor-element elementor-element-68342eb elementor-invisible elementor-widget elementor-widget-text-editor\" data-id=\"68342eb\" data-element_type=\"widget\" data-settings=\"{&quot;_animation&quot;:&quot;lightSpeedIn&quot;,&quot;_animation_delay&quot;:2}\" data-widget_type=\"text-editor.default\">\n\t\t\t\t<div class=\"elementor-widget-container\">\n\t\t\t\t\t\t\t<p><strong>Garmin Edge 530 Sensor Bundle<\/strong><\/p><p>Ciclocomputador con gps que incluye monitor de frecuencia cardiaca y sensor de velocidad cadencia y mapa de Sur Am\u00e8rica.<\/p><p>El monitoreo din\u00e1mico del rendimiento brinda informaci\u00f3n sobre el<strong> Vo2<\/strong> m\u00e1ximo, la recuperaci\u00f3n, el equilibrio del entrenamiento, la aclimataci\u00f3n de calor y altitud, la nutrici\u00f3n, la hidrataci\u00f3n y mucho m\u00e1s.<\/p><p>Entre las funciones de seguridad para el ciclismo, se incluyen una nueva alarma de bicicleta, seguimiento y mensajer\u00eda de grupo, detecci\u00f3n de incidencias, compatibilidad con las luces y el <strong>radar retrovisor Varia\u2122<\/strong> para que pueda ver y lo vean a distancia.<\/p><p>Tambi\u00e9n incluye el <strong>mapa de ciclismo de Garmin<\/strong> con rutas populares, que lo ayudar\u00e1 a viajar como un lugare\u00f1o, adem\u00e1s de funciones como el rec\u00e1lculo de desviaci\u00f3n de trayectos y vuelta al inicio.<\/p><p>El modelo para bicicletas de monta\u00f1a integra informaci\u00f3n de <strong>Trailforks<\/strong>, que incluye clasificaciones de la dificultad de las rutas.<\/p><p>Personalice el dispositivo con widgets, campos de datos y aplicaciones gratuitas de la <strong>tienda de Connect IQ\u2122 Store<\/strong>.<\/p><p>La din\u00e1mica de <strong>Mtb<\/strong> permite llevar un registro del recuento de los saltos, la distancia de los saltos, el tiempo en el aire, la <strong>Grit<\/strong>, un medida de dificultad del trayecto, y el <strong>Flow<\/strong>, que analiza el descenso para que tenga una nueva meta que superar la pr\u00f3xima vez.<\/p><p>Duraci\u00f3n de la bater\u00eda : hasta 20 horas con Gps o hasta 40 horas si se utiliza la unidad de alimentaci\u00f3n opcional <strong>Garmin Charge<\/strong> o si se utiliza en el modo de ahorro de bater\u00eda.<\/p><p>A qui\u00e9n le importa que la <strong>ciclocomputadora Edge 530<\/strong> brinde informaci\u00f3n y monitoreo din\u00e1mico del rendimiento para mejorar el desempe\u00f1o? Pues a usted. As\u00ed que, sin importar si es un finalista que gana un lugar en el podio, un calificado para<strong> Kona<\/strong>, un fan\u00e1tico de la gravilla, un ciclista urbano, profesional, de descenso o algo parecido, el <strong>Edge 530<\/strong> es la opci\u00f3n ideal para acompa\u00f1arlo en sus rutas.<\/p><p>Lleve su entrenamiento al siguiente nivel<\/p><p>El dispositivo <strong>Edge 530<\/strong> va m\u00e1s all\u00e1 de la recopilaci\u00f3n de datos, ya que brinda informaci\u00f3n din\u00e1mica del rendimiento que lo ayudar\u00e1 a superarse a s\u00ed mismo.<\/p><p>Descubra c\u00f3mo se comporta su cuerpo en diferentes ambientes gracias a la aclimataci\u00f3n de calor y altitud.<\/p><p>Reciba notificaciones durante el recorrido sobre cu\u00e1ndo es hora de hidratarse o comer. Revise la informaci\u00f3n para ver si su entrenamiento m\u00e1s reciente fue equilibrado en cuanto a resistencia, umbral y esfuerzos de alta intensidad.<\/p><p>Cuando se vincula con sensores compatibles, el <strong>Edge 530<\/strong> muestra su curva de potencia y compara el esfuerzo que realiz\u00f3 en el recorrido con los de semanas y meses anteriores.<\/p><p>Sin importar d\u00f3nde entrene, es posible sincronizar sesiones de entrenamiento estructuradas de <strong>TrainingPeaks<\/strong> y de nuestra comunidad en l\u00ednea de actividad f\u00edsica, <strong>Garmin Connect<\/strong>\u2122 con su dispositivo Edge.<\/p><p>Tambi\u00e9n es posible revisar los pr\u00f3ximos entrenamientos de la semana y realizar la sesi\u00f3n de entrenamiento correspondiente a la perfecci\u00f3n cuando se necesite.<\/p><p>Pedale\u00e9 con confianza<\/p><p>Ya sea que est\u00e9 entrenando con amigos o si se dirige al trabajo, el dispositivo <strong>Edge 530<\/strong> considera las variables de seguridad con seriedad.<\/p><p>Este dispositivo cuenta con seguimientos y mensajer\u00eda de grupo, para que pueda mantenerse en contacto con los dem\u00e1s si se separa del grupo.<\/p><p>Tambi\u00e9n dispone de una funci\u00f3n de detecci\u00f3n de incidencias, que, en caso de ocurrir una, env\u00eda autom\u00e1ticamente su ubicaci\u00f3n a los contactos de emergencia.<\/p><p>Para estar m\u00e1s alerta del entorno, es posible vincular el <strong>Edge 530<\/strong> con las luces y el radar retrovisor de Varia, de forma que pueda ver y lo vean a distancia.<\/p><p>Adem\u00e1s, la nueva alarma para bicicletas con protecci\u00f3n de PIN enviar\u00e1 una notificaci\u00f3n a su smartphone si la bicicleta se mueve cuando no est\u00e9 cerca, ya sea que se haya detenido a tomar agua o a descansar.<\/p><p><strong>Edge 530<\/strong> viene precargado con el <strong>mapa de ciclismo Garmin<\/strong> e incluye indicaciones giro a giro y alertas de navegaci\u00f3n que le informan sobre los siguientes giros.<\/p><p>Para ayudarlo a viajar como un lugare\u00f1o, la funci\u00f3n de rutas populares elige los caminos y las rutas m\u00e1s transitados por otros ciclistas.<\/p><p>Adem\u00e1s, el dispositivo <strong>Edge 530<\/strong> es lo suficientemente inteligente como para guiarlo de vuelta a la ruta, o de vuelta al inicio, en caso de que se desv\u00ede o decida volver a casa antes.<\/p><p>Y con las velocidades de c\u00e1lculo de rutas dos veces m\u00e1s r\u00e1pidas que en los modelos anteriores, pasar\u00e1 m\u00e1s tiempo en la ruta, sin tener que esperar dem\u00e1s.<\/p><p>Cuando necesite un cambio de ambiente, el <strong>Edge 530<\/strong> ser\u00e1 su gu\u00eda directa para el ciclismo de monta\u00f1a.<\/p><p>Comience por descargar gratis la aplicaci\u00f3n <strong>Trailforks<\/strong> en nuestra tienda<strong> Connect IQ Store<\/strong> y, luego, desbloquee el contenido de mapas de <strong>Trailforks en la Edge<\/strong>.<\/p><p>Con recorridos de m\u00e1s de 80 pa\u00edses, <strong>Trailforks<\/strong> incluye la mejor y m\u00e1s actualizada informaci\u00f3n, como las condiciones del camino, los mapas populares y mucho m\u00e1s.<\/p><p>Adem\u00e1s, cuando se detiene a mitad del recorrido, el nuevo modo <strong>Forksight<\/strong> muestra autom\u00e1ticamente las pr\u00f3ximas bifurcaciones en la ruta, y lo orienta, ya que muestra d\u00f3nde se encuentra dentro de la red de caminos.<\/p><p>Durante el recorrido, el <strong>Edge 530<\/strong> lleva un registro de incre\u00edbles detalles gracias a las nuevas m\u00e9tricas de ciclismo de monta\u00f1a, como el recuento de saltos, la distancia de los saltos y el tiempo en el aire.<\/p><p>Entre otras funciones del ciclismo de monta\u00f1a se incluyen la<strong> Grit<\/strong>, que mide la dificultad de una ruta con el Gps, la elevaci\u00f3n y los datos del aceler\u00f3metro, y el <strong>Flow<\/strong>, que mide la facilidad con la que desciende por un trayecto, de modo que tendr\u00e1 una nueva meta que superar la pr\u00f3xima vez.<\/p><p>Las subidas se pueden transformar en su arma secreta gracias al <strong>Edge 530<\/strong> y la nueva funci\u00f3n <strong>ClimbPro<\/strong>.<\/p><p>Muestra autom\u00e1ticamente el resto del ascenso y el grado cuando se encuentra subiendo mientras sigue una ruta o trayecto. Le indica cu\u00e1nto tiempo le queda, lo que lo ayudar\u00e1 a medir sus esfuerzos durante lo que queda de subida.<\/p><p>Vincule una ciclocomputadora Edge compatible con un sistema <strong>Shimano Steps eBike<\/strong> admitido y obtendr\u00e1 una pantalla de estado eBike dedicada, campos de datos y soporte para el estado del sistema, adem\u00e1s de mensajes de advertencia.<\/p><p>Adem\u00e1s de las m\u00e9tricas de Edge, como el tiempo, la distancia y la velocidad, tambi\u00e9n puede ver los niveles de pedaleo asistido, la posici\u00f3n de la marcha, la autonom\u00eda de la bater\u00eda y la distancia restante durante un recorrido.<\/p><p>Solo <strong>Garmin<\/strong> le permite personalizar el dispositivo con aplicaciones gratuitas, widgets y campos de datos de la tienda <strong>Connect IQ Store.<\/strong><\/p><p>Las aplicaciones como <strong>AccuWeather MinuteCast<\/strong> le indican cu\u00e1ndo va a dejar de llover para que pueda determinar la cantidad de tiempo ideal de su recorrido.<\/p><p>Y si planifica sus recorridos en sitios como <strong>Strava, a Komoot o Wikiloc,<\/strong> descargue esas aplicaciones para que pueda importar sus rutas favoritas directamente al Edge.<\/p><p>O si est\u00e1 buscando una cafeter\u00eda cercana o una tienda de bicicletas, utilice la <strong>aplicaci\u00f3n Yelp<\/strong> para descargar las ubicaciones en su dispositivo Edge y viajar directamente hacia ellas.<\/p><p><strong>La caja contiene :<\/strong><\/p><p>Edge 530 Sensor Bundle<br \/>Soporte est\u00e1ndar<br \/>Soporte frontal<br \/>Sensor de velocidad<br \/>Sensor de cadencia<br \/>Monitor de frecuencia card\u00edaca<br \/>Correa<br \/>Cable USB<br \/>Documentaci\u00f3n<\/p>\t\t\t\t\t\t<\/div>\n\t\t\t\t<\/div>\n\t\t\t\t\t<\/div>\n\t\t<\/div>\n\t\t\t\t\t\t\t<\/div>\n\t\t<\/section>\n\t\t\t\t\t\t\t<\/div>\n\t\t","protected":false},"excerpt":{"rendered":"<p><strong>Ciclocomputador con gps<\/strong> que incluye monitor de frecuencia cardiaca y sensor de velocidad cadencia y mapa de Sur Am\u00e8rica.<\/p>\n<p>El monitoreo din\u00e1mico del rendimiento brinda informaci\u00f3n sobre el <strong>Vo2<\/strong> m\u00e1ximo, la recuperaci\u00f3n, el equilibrio del entrenamiento, la aclimataci\u00f3n de calor y altitud, la nutrici\u00f3n, la hidrataci\u00f3n y mucho m\u00e1s.<\/p>\n","protected":false},"featured_media":1617,"comment_status":"open","ping_status":"closed","template":"","meta":{"_joinchat":[]},"pwb-brand":[40,39],"product_cat":[60],"product_tag":[73,141,74,140,75],"class_list":["post-1616","product","type-product","status-publish","has-post-thumbnail","hentry","pwb-brand-garmin","pwb-brand-gesolbike","product_cat-gps","product_tag-bogota","product_tag-ciclocomputador-con-gps","product_tag-colombia","product_tag-garmin-edge-530-sensor-bundle","product_tag-sur-america"],"brands":[{"id":40,"name":"Garmin","slug":"garmin"},{"id":39,"name":"Gesolbike","slug":"gesolbike"}],"_links":{"self":[{"href":"https:\/\/www.gesoltec.com\/index.php\/wp-json\/wp\/v2\/product\/1616","targetHints":{"allow":["GET"]}}],"collection":[{"href":"https:\/\/www.gesoltec.com\/index.php\/wp-json\/wp\/v2\/product"}],"about":[{"href":"https:\/\/www.gesoltec.com\/index.php\/wp-json\/wp\/v2\/types\/product"}],"replies":[{"embeddable":true,"href":"https:\/\/www.gesoltec.com\/index.php\/wp-json\/wp\/v2\/comments?post=1616"}],"version-history":[{"count":2,"href":"https:\/\/www.gesoltec.com\/index.php\/wp-json\/wp\/v2\/product\/1616\/revisions"}],"predecessor-version":[{"id":1635,"href":"https:\/\/www.gesoltec.com\/index.php\/wp-json\/wp\/v2\/product\/1616\/revisions\/1635"}],"wp:featuredmedia":[{"embeddable":true,"href":"https:\/\/www.gesoltec.com\/index.php\/wp-json\/wp\/v2\/media\/1617"}],"wp:attachment":[{"href":"https:\/\/www.gesoltec.com\/index.php\/wp-json\/wp\/v2\/media?parent=1616"}],"wp:term":[{"taxonomy":"pwb-brand","embeddable":true,"href":"https:\/\/www.gesoltec.com\/index.php\/wp-json\/wp\/v2\/pwb-brand?post=1616"},{"taxonomy":"product_cat","embeddable":true,"href":"https:\/\/www.gesoltec.com\/index.php\/wp-json\/wp\/v2\/product_cat?post=1616"},{"taxonomy":"product_tag","embeddable":true,"href":"https:\/\/www.gesoltec.com\/index.php\/wp-json\/wp\/v2\/product_tag?post=1616"}],"curies":[{"name":"wp","href":"https:\/\/api.w.org\/{rel}","templated":true}]}}