{"id":1595,"date":"2022-01-08T16:20:31","date_gmt":"2022-01-08T21:20:31","guid":{"rendered":"https:\/\/www.gesoltec.com\/?post_type=product&#038;p=1595"},"modified":"2023-05-18T15:41:08","modified_gmt":"2023-05-18T20:41:08","slug":"edge-530","status":"publish","type":"product","link":"https:\/\/www.gesoltec.com\/index.php\/producto\/edge-530\/","title":{"rendered":"Edge 530"},"content":{"rendered":"\t\t<div data-elementor-type=\"wp-post\" data-elementor-id=\"1595\" class=\"elementor elementor-1595\">\n\t\t\t\t\t\t\t\t\t<section class=\"elementor-section elementor-top-section elementor-element elementor-element-d57cf9f elementor-section-boxed elementor-section-height-default elementor-section-height-default\" data-id=\"d57cf9f\" data-element_type=\"section\">\n\t\t\t\t\t\t<div class=\"elementor-container elementor-column-gap-default\">\n\t\t\t\t\t<div class=\"elementor-column elementor-col-100 elementor-top-column elementor-element elementor-element-4d2055c\" data-id=\"4d2055c\" data-element_type=\"column\">\n\t\t\t<div class=\"elementor-widget-wrap elementor-element-populated\">\n\t\t\t\t\t\t\t\t<div class=\"elementor-element elementor-element-6150848 elementor-invisible elementor-widget elementor-widget-text-editor\" data-id=\"6150848\" data-element_type=\"widget\" data-settings=\"{&quot;_animation&quot;:&quot;jello&quot;,&quot;_animation_delay&quot;:6}\" data-widget_type=\"text-editor.default\">\n\t\t\t\t<div class=\"elementor-widget-container\">\n\t\t\t<style>\/*! elementor - v3.13.2 - 11-05-2023 *\/\n.elementor-widget-text-editor.elementor-drop-cap-view-stacked .elementor-drop-cap{background-color:#69727d;color:#fff}.elementor-widget-text-editor.elementor-drop-cap-view-framed .elementor-drop-cap{color:#69727d;border:3px solid;background-color:transparent}.elementor-widget-text-editor:not(.elementor-drop-cap-view-default) .elementor-drop-cap{margin-top:8px}.elementor-widget-text-editor:not(.elementor-drop-cap-view-default) .elementor-drop-cap-letter{width:1em;height:1em}.elementor-widget-text-editor .elementor-drop-cap{float:left;text-align:center;line-height:1;font-size:50px}.elementor-widget-text-editor .elementor-drop-cap-letter{display:inline-block}<\/style>\t\t\t\t<h1 style=\"text-align: center;\"><span style=\"color: #37993f;\"><strong>Edge 530<\/strong><\/span><\/h1>\t\t\t\t\t\t<\/div>\n\t\t\t\t<\/div>\n\t\t\t\t\t<\/div>\n\t\t<\/div>\n\t\t\t\t\t\t\t<\/div>\n\t\t<\/section>\n\t\t\t\t<section class=\"elementor-section elementor-top-section elementor-element elementor-element-e382b7f elementor-section-boxed elementor-section-height-default elementor-section-height-default\" data-id=\"e382b7f\" data-element_type=\"section\">\n\t\t\t\t\t\t<div class=\"elementor-container elementor-column-gap-default\">\n\t\t\t\t\t<div class=\"elementor-column elementor-col-50 elementor-top-column elementor-element elementor-element-5987e7d\" data-id=\"5987e7d\" data-element_type=\"column\">\n\t\t\t<div class=\"elementor-widget-wrap elementor-element-populated\">\n\t\t\t\t\t\t\t\t<div class=\"elementor-element elementor-element-58e56d4 elementor-invisible elementor-widget elementor-widget-image\" data-id=\"58e56d4\" data-element_type=\"widget\" data-settings=\"{&quot;_animation&quot;:&quot;fadeIn&quot;,&quot;_animation_delay&quot;:4}\" data-widget_type=\"image.default\">\n\t\t\t\t<div class=\"elementor-widget-container\">\n\t\t\t<style>\/*! elementor - v3.13.2 - 11-05-2023 *\/\n.elementor-widget-image{text-align:center}.elementor-widget-image a{display:inline-block}.elementor-widget-image a img[src$=\".svg\"]{width:48px}.elementor-widget-image img{vertical-align:middle;display:inline-block}<\/style>\t\t\t\t\t\t\t\t\t\t\t\t<img decoding=\"async\" src=\"https:\/\/www.gesoltec.com\/wp-content\/uploads\/elementor\/thumbs\/garmin-Edge-530-gesolbike-piq9l9ru13w1pr808bk4qjq9epvqjfonhanku3la9k.jpg\" title=\"garmin Edge 530 gesolbike\" alt=\"garmin Edge 530 gesolbike\" loading=\"lazy\" \/>\t\t\t\t\t\t\t\t\t\t\t\t\t\t\t<\/div>\n\t\t\t\t<\/div>\n\t\t\t\t\t<\/div>\n\t\t<\/div>\n\t\t\t\t<div class=\"elementor-column elementor-col-50 elementor-top-column elementor-element elementor-element-d850ccc\" data-id=\"d850ccc\" data-element_type=\"column\">\n\t\t\t<div class=\"elementor-widget-wrap elementor-element-populated\">\n\t\t\t\t\t\t\t\t<div class=\"elementor-element elementor-element-4811eb3 elementor-invisible elementor-widget elementor-widget-image\" data-id=\"4811eb3\" data-element_type=\"widget\" data-settings=\"{&quot;_animation&quot;:&quot;fadeIn&quot;,&quot;_animation_delay&quot;:4}\" data-widget_type=\"image.default\">\n\t\t\t\t<div class=\"elementor-widget-container\">\n\t\t\t\t\t\t\t\t\t\t\t\t\t\t\t<img decoding=\"async\" src=\"https:\/\/www.gesoltec.com\/wp-content\/uploads\/elementor\/thumbs\/garmin-Edge-530-1-gesolbike-piq9k0nkx26a8h1jjs21ev44w8249ypjb3c9stg6k8.jpg\" title=\"garmin Edge 530 1 gesolbike\" alt=\"garmin Edge 530 1 gesolbike\" loading=\"lazy\" \/>\t\t\t\t\t\t\t\t\t\t\t\t\t\t\t<\/div>\n\t\t\t\t<\/div>\n\t\t\t\t\t<\/div>\n\t\t<\/div>\n\t\t\t\t\t\t\t<\/div>\n\t\t<\/section>\n\t\t\t\t<section class=\"elementor-section elementor-top-section elementor-element elementor-element-4296c04 elementor-section-boxed elementor-section-height-default elementor-section-height-default\" data-id=\"4296c04\" data-element_type=\"section\">\n\t\t\t\t\t\t<div class=\"elementor-container elementor-column-gap-default\">\n\t\t\t\t\t<div class=\"elementor-column elementor-col-100 elementor-top-column elementor-element elementor-element-6b652df\" data-id=\"6b652df\" data-element_type=\"column\">\n\t\t\t<div class=\"elementor-widget-wrap elementor-element-populated\">\n\t\t\t\t\t\t\t\t<div class=\"elementor-element elementor-element-d808942 elementor-invisible elementor-widget elementor-widget-text-editor\" data-id=\"d808942\" data-element_type=\"widget\" data-settings=\"{&quot;_animation&quot;:&quot;slideInLeft&quot;,&quot;_animation_delay&quot;:5}\" data-widget_type=\"text-editor.default\">\n\t\t\t\t<div class=\"elementor-widget-container\">\n\t\t\t\t\t\t\t<p><strong>Edge 530<\/strong><\/p><p>Suba cada puerto y tome cada curva como si se las conociese.<\/p><p>Adem\u00e1s, encuentre las rutas m\u00e1s frecuentadas por los ciclistas locales.<\/p><p>Pierdase en el recorrido con la certeza de que<strong> Edge<\/strong> siempre le mostrar\u00e1 el camino de vuelta. No necesita llevar a nadie detr\u00e1s.<\/p><p>Esfuercese al m\u00e1ximo y, despu\u00e9s, superese.<\/p><p>Compare sus esfuerzos recientes con recorridos anteriores.<\/p><p>Por fin un entrenador que no le grita.<\/p><p>Sincronice sesiones de entrenamiento estructuradas directamente con su <strong>Edge<\/strong>.<\/p><p>Consulte sus estad\u00edsticas. Todas. Controle m\u00e1s m\u00e9tricas de rendimiento que nunca.<\/p><p>Cuanto m\u00e1s largo sea el recorrido, mejor.<\/p><p>Disfrute de hasta 20 horas de recorrido antes de tener que recargar la bater\u00eda.<\/p><p>Obtenga m\u00e1s informaci\u00f3n sobre c\u00f3mo responde su cuerpo al entrenamiento.<\/p><p>Seguimiento consumo m\u00e1ximo de ox\u00edgeno<strong> (Vo2 max)<\/strong>, tiempo de recuperaci\u00f3n, carga de entrenamiento, foco de la carga de entreno y mucho m\u00e1s.<\/p><p>C\u00f3mo de efectivo es su entrenamiento? Eval\u00fae autom\u00e1ticamente su historial de ejercicio reciente y sus indicadores de rendimiento para saber si su entrenamiento es productivo, si ha llegado a su pico de forma o si est\u00e1 realizando un sobreesfuerzo.<\/p><p>Prep\u00e1rese para cualquier entorno. Compruebe c\u00f3mo aguanta su cuerpo en diferentes entornos con la aclimataci\u00f3n al calor y la altitud.<\/p><p>Consulta la pantalla de estado espec\u00edfica para <strong>eBike<\/strong>, los campos de datos, la informaci\u00f3n sobre el estado del sistema y los mensajes de advertencia.<\/p><p>Incluso puede ver el nivel de pedaleo asistido, la marcha seleccionada, el nivel de bater\u00eda y mucho m\u00e1s durante el recorrido.<\/p><p>Este dispositivo <strong>Edge<\/strong> es compatible con los sistemas de cambio electr\u00f3nico <strong>Shimano Di2<\/strong>, que ahora ofrece conectividad inal\u00e1mbrica para disfrutar de una configuraci\u00f3n, una visualizaci\u00f3n y un registro r\u00e1pidos y autom\u00e1ticos de los datos de cambio con sistemas de marchas de hasta 12 velocidades.<\/p><p>Consulte los datos de las marchas delantera y trasera, as\u00ed como el estado de la bater\u00eda de los sistemas de cambio izquierdo y derecho.<\/p><p>Aproveche las m\u00e9tricas de ciclismo avanzadas que se han dise\u00f1ado para ofrecer informaci\u00f3n sobre los cambios de rendimiento en funci\u00f3n de condiciones variables como la posici\u00f3n, los ajustes de la bicicleta, la duraci\u00f3n del recorrido y mucho m\u00e1s.<\/p><p>Realice un seguimiento de datos \u00e9picos de cada recorrido con las nuevas m\u00e9tricas de ciclismo de monta\u00f1a como el recuento, la distancia y la duraci\u00f3n de sus saltos.<\/p><p><strong>Grit<\/strong> de los recorridos se clasifica a partir de los datos del gps, la altitud y otros datos.<\/p><p><strong>Flow<\/strong> mide la suavidad con la que desciendes un sendero para que tenga un objetivo que superar la pr\u00f3xima vez.<\/p><p>Sincroniza sesiones de entrenamiento de <strong>TrainingPeaks\u00ae<\/strong> y nuestra comunidad virtual, <strong>Garmin Connect\u2122<\/strong>, directamente en su <strong>Edge<\/strong>.<\/p><p>Consulte su pr\u00f3ximo entreno e inicia la sesi\u00f3n de entrenamiento correspondiente sin problemas, consulte autom\u00e1ticamente lo que queda de ascenso y la pendiente durante las subidas al seguir una ruta o trayecto.<\/p><p>Le ayudar\u00e1 a calcular el esfuerzo y saber cu\u00e1nto queda por soportar.<\/p><p>El Edge 530 ofrece hasta 20 horas de autonom\u00eda con gps y hasta 40 horas cuando se utiliza con la <strong>Garmin Charge\u2122<\/strong> bater\u00eda opcional o en modo ahorro de energ\u00eda.<\/p><p>Tanto si sus recorridos son por la monta\u00f1a, la grava o la carretera, consulta la informaci\u00f3n clave del mapa en funci\u00f3n del tipo de recorrido, las rutas f\u00e1ciles de interpretar aptas para bicicletas son m\u00e1s visibles, para que encuentre lo que busca al instante.<\/p><p>Realiza recorridos con mapas preinstalados con mayor cobertura que antes, incluidos datos de rutas de todo el mundo para bicicleta de monta\u00f1a a trav\u00e9s <strong>Trailforks.<\/strong><\/p><p>Realice un seguimiento de los detalles de cada recorrido con m\u00e9tricas de ciclismo de monta\u00f1a, adem\u00e1s de mediciones de dificultad y fluidez especializadas que punt\u00faan la dificultad de los senderos y la suavidad con la que desciende, lo que le ofrece una puntuaci\u00f3n que superar para la pr\u00f3xima vez.<\/p><p>Si utiliza la aplicaci\u00f3n <strong>Trailforks,<\/strong> este nuevo modo muestra autom\u00e1ticamente las pr\u00f3ximas bifurcaciones en el recorrido y ofrece contexto mostrando d\u00f3nde se encuentre de la red de senderos.<\/p><p>No se pierda nunca gracias a las indicaciones giro a giro y las alertas que le avisan del siguiente giro.<\/p><p>El Edge\u00ae 530 posee la inteligencia suficiente para reconducirlo a la ruta (o llevarlo al punto de inicio) si se desv\u00eda o decide regresar a casa antes de lo esperado.<\/p><p>Preparese para ponerse en marcha m\u00e1s r\u00e1pido, nuestras rutas ahora se calculan m\u00e1s r\u00e1pido y se almacenan en cach\u00e9 para que pueda pasar m\u00e1s tiempo pedaleando y menos esperando.<\/p><p>Gracias a los millones y millones de kil\u00f3metros de recorridos que han cargado los ciclistas, el <strong>Edge\u00ae 530<\/strong> puede encontrar la mejor ruta de entre las carreteras (y senderos) m\u00e1s frecuentados.<\/p><p>Vincule el Edge\u00ae 530 con nuestro Radar de visi\u00f3n trasera y las luces Varia para que vea y sea visto con facilidad.<\/p><p>Este dispositivo <strong>Edge<\/strong> env\u00eda autom\u00e1ticamente su ubicaci\u00f3n a los contactos de emergencia predefinidos si detecta un incidente.<\/p><p>La detecci\u00f3n de incidentes est\u00e1 activada de forma predeterminada solo en los siguientes perfiles de actividad : carretera, gravilla, desplazamiento al trabajo, paseo y <strong>eBike<\/strong>.<\/p><p>La alarma de bicicleta protegida con PIN enviar\u00e1 una notificaci\u00f3n a su smartphone si la bicicleta se mueve de su lugar mientras entra a alg\u00fan sitio a beber agua o a hacer una parada t\u00e9cnica.<\/p><p>Mantengase en contacto con sus compa\u00f1eros cuando se separe del pelot\u00f3n.<\/p><p>Utilice <strong>LiveTrack<\/strong> para permitir que sus amigos y familiares sigan su ubicaci\u00f3n en tiempo real e incluso vean todo el trayecto planificado previamente, tenga la seguridad de saber que sus seres queridos conocen exactamente su ubicaci\u00f3n.<\/p><p>Reciba mensajes de texto y alertas directamente en su <strong>Edge<\/strong> cuando est\u00e9 vinculado a un smartphone compatible.<\/p><p>Descargue campos de datos personalizados y obtenga aplicaciones y widgets de la tienda <strong>Connect IQ.<\/strong><\/p><p>La aplicaci\u00f3n <strong>Garmin Connect<\/strong> re\u00fane a una pr\u00f3spera comunidad online donde los usuarios pueden conectarse y competir, e incluso compartir sus triunfos, a trav\u00e9s de las redes sociales.<\/p><p>Disfrute de las plataformas de entreno y cartograf\u00eda favoritas en el dispositivo <strong>Edge<\/strong> y explore nuevas rutas y recorridos con <strong>Strava, Komoot, Training Peaks<\/strong> y muchas m\u00e1s.<\/p><p><strong>Caracter\u00edsticas f\u00edsicas y de rendimiento :<\/strong><\/p><p>Compatible con alimentaci\u00f3n en el viaje (bater\u00eda garmin charge)<br \/>Dimensiones de la unidad (ancho\/alto\/profundidad)<br \/>Pantalla en color<br \/>Tama\u00f1o de la pantalla (ancho\/alto) 2.6 color<br \/>Resoluci\u00f3n de la pantalla (ancho\/alto) 246 x 322 pixeles<br \/>Peso : 75,8 g<br \/>Batrer\u00eda : Ion-litio recargable<br \/>Autonom\u00eda de la pila\/bater\u00eda hasta 20 horas<br \/>Modo de ahorro de bater\u00eda<br \/>Resistencia al agua Ipx7<\/p><p><strong>Adicional<\/strong><\/p><p><strong>Caracter\u00edsticas adicionales :<\/strong><\/p><p>Alertas (se activa una alarma al alcanzar los objetivos de tiempo, distancia, frecuencia cardiaca y calor\u00edas establecidos) : s\u00ed<br \/>Compatibilidad con radar y luces para bicicleta Varia\u2122: s\u00ed<br \/>LiveTrack: s\u00ed<br \/>An\u00e1lisis avanzado del rendimiento y la potencia, incluido el nuevo tiempo en zona, el seguimiento de ftp, el consumo m\u00e1ximo de ox\u00edgeno espec\u00edfico para ciclismo, el tiempo de recuperaci\u00f3n y la din\u00e1mica de ciclismo<br \/>Perfil de rodillo para la visualizaci\u00f3n y el control de datos del rodillo Turbo compatible<br \/>Compatibilidad con segmentos en el dispositivo para una competici\u00f3n din\u00e1mica y motivadora en el recorrido<br \/>Temperatura de funcionamiento : de -20 \u00b0C a +55 \u00b0C<br \/>Funciones de conectividad a trav\u00e9s de smartphone : s\u00ed<br \/>Integraci\u00f3n con sistemas de cambio electr\u00f3nico <strong>Shimano Di2<\/strong> : s\u00ed<br \/>Alertas meteorol\u00f3gicas : s\u00ed<br \/>Para las sesiones de entrenamiento avanzadas se necesita una cuenta de <strong>Garmin Connect<\/strong><\/p>\t\t\t\t\t\t<\/div>\n\t\t\t\t<\/div>\n\t\t\t\t\t<\/div>\n\t\t<\/div>\n\t\t\t\t\t\t\t<\/div>\n\t\t<\/section>\n\t\t\t\t\t\t\t<\/div>\n\t\t","protected":false},"excerpt":{"rendered":"<p>Suba cada puerto y tome cada curva como si se las conociese.<\/p>\n<p>Adem\u00e1s, encuentre las rutas m\u00e1s frecuentadas por los ciclistas locales.<\/p>\n<p>Pi\u00e9rdase en el recorrido con la certeza de que <strong>Edge<\/strong> siempre le mostrar\u00e1 el camino de vuelta. No necesita llevar a nadie detr\u00e1s.<\/p>\n","protected":false},"featured_media":1596,"comment_status":"open","ping_status":"closed","template":"","meta":{"_joinchat":[]},"pwb-brand":[40,39],"product_cat":[60],"product_tag":[73,74,139,138,135,75],"class_list":["post-1595","product","type-product","status-publish","has-post-thumbnail","hentry","pwb-brand-garmin","pwb-brand-gesolbike","product_cat-gps","product_tag-bogota","product_tag-colombia","product_tag-edge-530","product_tag-garmin","product_tag-gps","product_tag-sur-america"],"brands":[{"id":40,"name":"Garmin","slug":"garmin"},{"id":39,"name":"Gesolbike","slug":"gesolbike"}],"_links":{"self":[{"href":"https:\/\/www.gesoltec.com\/index.php\/wp-json\/wp\/v2\/product\/1595","targetHints":{"allow":["GET"]}}],"collection":[{"href":"https:\/\/www.gesoltec.com\/index.php\/wp-json\/wp\/v2\/product"}],"about":[{"href":"https:\/\/www.gesoltec.com\/index.php\/wp-json\/wp\/v2\/types\/product"}],"replies":[{"embeddable":true,"href":"https:\/\/www.gesoltec.com\/index.php\/wp-json\/wp\/v2\/comments?post=1595"}],"version-history":[{"count":2,"href":"https:\/\/www.gesoltec.com\/index.php\/wp-json\/wp\/v2\/product\/1595\/revisions"}],"predecessor-version":[{"id":1614,"href":"https:\/\/www.gesoltec.com\/index.php\/wp-json\/wp\/v2\/product\/1595\/revisions\/1614"}],"wp:featuredmedia":[{"embeddable":true,"href":"https:\/\/www.gesoltec.com\/index.php\/wp-json\/wp\/v2\/media\/1596"}],"wp:attachment":[{"href":"https:\/\/www.gesoltec.com\/index.php\/wp-json\/wp\/v2\/media?parent=1595"}],"wp:term":[{"taxonomy":"pwb-brand","embeddable":true,"href":"https:\/\/www.gesoltec.com\/index.php\/wp-json\/wp\/v2\/pwb-brand?post=1595"},{"taxonomy":"product_cat","embeddable":true,"href":"https:\/\/www.gesoltec.com\/index.php\/wp-json\/wp\/v2\/product_cat?post=1595"},{"taxonomy":"product_tag","embeddable":true,"href":"https:\/\/www.gesoltec.com\/index.php\/wp-json\/wp\/v2\/product_tag?post=1595"}],"curies":[{"name":"wp","href":"https:\/\/api.w.org\/{rel}","templated":true}]}}