{"id":1577,"date":"2022-01-07T13:17:48","date_gmt":"2022-01-07T18:17:48","guid":{"rendered":"https:\/\/www.gesoltec.com\/?post_type=product&#038;p=1577"},"modified":"2023-05-18T15:40:12","modified_gmt":"2023-05-18T20:40:12","slug":"edge-830-sensor-bundle","status":"publish","type":"product","link":"https:\/\/www.gesoltec.com\/index.php\/producto\/edge-830-sensor-bundle\/","title":{"rendered":"Edge 830 Sensor Bundle"},"content":{"rendered":"\t\t<div data-elementor-type=\"wp-post\" data-elementor-id=\"1577\" class=\"elementor elementor-1577\">\n\t\t\t\t\t\t\t\t\t<section class=\"elementor-section elementor-top-section elementor-element elementor-element-ddbdcc1 elementor-section-boxed elementor-section-height-default elementor-section-height-default\" data-id=\"ddbdcc1\" data-element_type=\"section\">\n\t\t\t\t\t\t<div class=\"elementor-container elementor-column-gap-default\">\n\t\t\t\t\t<div class=\"elementor-column elementor-col-100 elementor-top-column elementor-element elementor-element-185ed5b\" data-id=\"185ed5b\" data-element_type=\"column\">\n\t\t\t<div class=\"elementor-widget-wrap elementor-element-populated\">\n\t\t\t\t\t\t\t\t<div class=\"elementor-element elementor-element-34dfd15 elementor-invisible elementor-widget elementor-widget-text-editor\" data-id=\"34dfd15\" data-element_type=\"widget\" data-settings=\"{&quot;_animation&quot;:&quot;rotateInUpRight&quot;,&quot;_animation_delay&quot;:6}\" data-widget_type=\"text-editor.default\">\n\t\t\t\t<div class=\"elementor-widget-container\">\n\t\t\t<style>\/*! elementor - v3.13.2 - 11-05-2023 *\/\n.elementor-widget-text-editor.elementor-drop-cap-view-stacked .elementor-drop-cap{background-color:#69727d;color:#fff}.elementor-widget-text-editor.elementor-drop-cap-view-framed .elementor-drop-cap{color:#69727d;border:3px solid;background-color:transparent}.elementor-widget-text-editor:not(.elementor-drop-cap-view-default) .elementor-drop-cap{margin-top:8px}.elementor-widget-text-editor:not(.elementor-drop-cap-view-default) .elementor-drop-cap-letter{width:1em;height:1em}.elementor-widget-text-editor .elementor-drop-cap{float:left;text-align:center;line-height:1;font-size:50px}.elementor-widget-text-editor .elementor-drop-cap-letter{display:inline-block}<\/style>\t\t\t\t<h1 style=\"text-align: center;\"><span style=\"color: #318736;\"><strong>Edge 830 Sensor Bundle<\/strong><\/span><\/h1>\t\t\t\t\t\t<\/div>\n\t\t\t\t<\/div>\n\t\t\t\t\t<\/div>\n\t\t<\/div>\n\t\t\t\t\t\t\t<\/div>\n\t\t<\/section>\n\t\t\t\t<section class=\"elementor-section elementor-top-section elementor-element elementor-element-75d0505 elementor-section-boxed elementor-section-height-default elementor-section-height-default\" data-id=\"75d0505\" data-element_type=\"section\">\n\t\t\t\t\t\t<div class=\"elementor-container elementor-column-gap-default\">\n\t\t\t\t\t<div class=\"elementor-column elementor-col-100 elementor-top-column elementor-element elementor-element-171b87e\" data-id=\"171b87e\" data-element_type=\"column\">\n\t\t\t<div class=\"elementor-widget-wrap elementor-element-populated\">\n\t\t\t\t\t\t\t\t<div class=\"elementor-element elementor-element-1af449b elementor-invisible elementor-widget elementor-widget-image\" data-id=\"1af449b\" data-element_type=\"widget\" data-settings=\"{&quot;_animation&quot;:&quot;flash&quot;,&quot;_animation_delay&quot;:5}\" data-widget_type=\"image.default\">\n\t\t\t\t<div class=\"elementor-widget-container\">\n\t\t\t<style>\/*! elementor - v3.13.2 - 11-05-2023 *\/\n.elementor-widget-image{text-align:center}.elementor-widget-image a{display:inline-block}.elementor-widget-image a img[src$=\".svg\"]{width:48px}.elementor-widget-image img{vertical-align:middle;display:inline-block}<\/style>\t\t\t\t\t\t\t\t\t\t\t\t<img loading=\"lazy\" decoding=\"async\" width=\"600\" height=\"600\" src=\"https:\/\/www.gesoltec.com\/wp-content\/uploads\/2022\/01\/Edge-830-sensor-bundle-gesolbike.webp\" class=\"attachment-large size-large wp-image-1578\" alt=\"Edge 830 sensor bundle gesolbike\" srcset=\"https:\/\/www.gesoltec.com\/wp-content\/uploads\/2022\/01\/Edge-830-sensor-bundle-gesolbike.webp 600w, https:\/\/www.gesoltec.com\/wp-content\/uploads\/2022\/01\/Edge-830-sensor-bundle-gesolbike-300x300.webp 300w, https:\/\/www.gesoltec.com\/wp-content\/uploads\/2022\/01\/Edge-830-sensor-bundle-gesolbike-150x150.webp 150w, https:\/\/www.gesoltec.com\/wp-content\/uploads\/2022\/01\/Edge-830-sensor-bundle-gesolbike-100x100.webp 100w\" sizes=\"auto, (max-width: 600px) 100vw, 600px\" \/>\t\t\t\t\t\t\t\t\t\t\t\t\t\t\t<\/div>\n\t\t\t\t<\/div>\n\t\t\t\t\t<\/div>\n\t\t<\/div>\n\t\t\t\t\t\t\t<\/div>\n\t\t<\/section>\n\t\t\t\t<section class=\"elementor-section elementor-top-section elementor-element elementor-element-39a8be0 elementor-section-boxed elementor-section-height-default elementor-section-height-default\" data-id=\"39a8be0\" data-element_type=\"section\">\n\t\t\t\t\t\t<div class=\"elementor-container elementor-column-gap-default\">\n\t\t\t\t\t<div class=\"elementor-column elementor-col-100 elementor-top-column elementor-element elementor-element-d485f18\" data-id=\"d485f18\" data-element_type=\"column\">\n\t\t\t<div class=\"elementor-widget-wrap elementor-element-populated\">\n\t\t\t\t\t\t\t\t<div class=\"elementor-element elementor-element-03ad508 elementor-invisible elementor-widget elementor-widget-text-editor\" data-id=\"03ad508\" data-element_type=\"widget\" data-settings=\"{&quot;_animation&quot;:&quot;lightSpeedIn&quot;,&quot;_animation_delay&quot;:5}\" data-widget_type=\"text-editor.default\">\n\t\t\t\t<div class=\"elementor-widget-container\">\n\t\t\t\t\t\t\t<p><strong>Edge 830 Sensor Bundle<\/strong><\/p><p><strong>Ciclocomputador Garmin Edge 830 Sensor Bundle<\/strong><\/p><p>El control din\u00e1mico del rendimiento proporciona informaci\u00f3n sobre <strong>VO2<\/strong> m\u00e1ximo, recuperaci\u00f3n, el foco de equilibrio de entrenamiento, aclimataci\u00f3n al calor y la altitud, nutrici\u00f3n, hidrataci\u00f3n y mucho m\u00e1s.<\/p><p>Las funciones de seguridad para ciclistas incluyen una nueva alarma de bicicleta, seguimiento y mensajes grupales, detecci\u00f3n de incidentes y compatibilidad con el radar retrovisor y las luces <strong>Varia\u2122<\/strong> para que veas y te vean.<\/p><p>Incluye <strong>Garmin Cycle Map<\/strong> con capacidad para establecer rutas por carreteras populares, de modo que podr\u00e1s recorrerlas como si ya las conocieses, adem\u00e1s de la funci\u00f3n de creaci\u00f3n de trayectos desde el propio dispositivo, rec\u00e1lculo fuera de trayecto y volver al inicio; el modelo de bicicleta de monta\u00f1a cuenta con datos de <strong>Trailforks<\/strong> integrados, que incluyen clasificaciones de dificultad para senderos.<\/p><p>Personal\u00edzalo con aplicaciones, widgets y campos de datos gratuitos de la tienda <strong>Connect IQ\u2122.<\/strong><\/p><p>Las din\u00e1micas para el ciclismo de monta\u00f1a controlan el recuento, la distancia y la duraci\u00f3n de tus saltos, as\u00ed como la dificultad del trayecto y la fluidez del descenso, para que tengas una marca que batir la pr\u00f3xima vez<\/p><p>Autonom\u00eda de la bater\u00eda : hasta 20 horas con <strong>Gps<\/strong>; ampliable hasta 40 horas con el pack de alimentaci\u00f3n <strong>Garmin Charge\u2122<\/strong> opcional o en el modo de ahorro de energ\u00eda.<\/p><p><strong>El Edge 830 hace algo m\u00e1s que recopilar datos :<\/strong> proporciona informaci\u00f3n de rendimiento din\u00e1mica que te ayudar\u00e1 a batir todas tus marcas.<\/p><p>Comprueba c\u00f3mo aguanta su cuerpo en diferentes entornos con la aclimataci\u00f3n al calor y la altitud.<\/p><p>Recibe notificaciones durante el recorrido cuando llegue la hora de hidratarte o de comer.<\/p><p>Comprueba si su \u00faltimo entrenamiento fu\u00e8 equilibrado en t\u00e9rminos de resistencia, umbrales y esfuerzos de alta intensidad.<\/p><p>Cuando se vincula con sensores <strong>Garmin<\/strong> compatibles, el <strong>Edge 830<\/strong> calcula incluso la curva de potencia, una nueva m\u00e9trica de seguimiento de potencia que compara tu esfuerzo con el de semanas y meses anteriores.<\/p><p>Independientemente de d\u00f3nde entrenes, puedes sincronizar sesiones de entrenamiento estructuradas desde <strong>TrainingPeaks\u2122<\/strong> y nuestra comunidad virtual de deporte, <strong>Garmin Connect\u2122<\/strong>, directamente al dispositivo <strong>Edge<\/strong>.<\/p><p>Tambi\u00e9n puedes ver el pr\u00f3ximo entrenamiento de la semana e iniciarlo sin problemas cuando sea necesario.<\/p><p>Tanto si entrena con amigos o vas en bici al trabajo, el dispositivo <strong>Edge 830<\/strong> se toma en serio la seguridad.<\/p><p>Permite hacer un seguimiento y mensajes grupales, para que puedas mantenerte en contacto cuando te separes del grupo.<\/p><p>Tambi\u00e9n dispone de detecci\u00f3n de incidentes, que env\u00eda autom\u00e1ticamente tu ubicaci\u00f3n a los contactos de emergencia si detecta un problema.<\/p><p>Para disfrutar de un mejor conocimiento del entorno, vincula el <strong>Edge 830<\/strong> con nuestro radar retrovisor y las luces Varia para que veas y te vean.<\/p><p>Adem\u00e1s, la nueva alarma de bicicleta protegida con pin enviar\u00e1 una notificaci\u00f3n a su smartphone si la bicicleta se mueve de su lugar mientras entra a alg\u00fan sitio a beber agua o a hacer una parada t\u00e9cnica.<\/p><p>El <strong>830<\/strong> cuenta con <strong>Garmin Cycle Map<\/strong>, que incluye indicaciones giro a giro y alertas de navegaci\u00f3n que te avisan cuando se acerca una curva.<\/p><p>Utiliza la pantalla t\u00e1ctil brillante y eficaz para crear nuevas rutas y trayectos directamente en el dispositivo <strong>Edge<\/strong>.<\/p><p>Recorra las rutas como si ya la conocieses gracias a la funci\u00f3n de rutas populares, que elige las carreteras y senderos m\u00e1s transitados por otros ciclistas.<\/p><p>El <strong>Edge 830<\/strong> posee la inteligencia suficiente para reconducirte a la ruta (o llevarte al punto de inicio) si se desv\u00eda o decide regresar a casa antes de lo esperado.<\/p><p>Su velocidad de c\u00e1lculo de rutas el doble de r\u00e1pida que en los modelos anteriores, as\u00ed que pasar\u00e1 m\u00e1s tiempo pedaleando que esperando.<\/p><p><strong>La versi\u00f3n Edge 830 Sensor Bundle incluye :<\/strong><\/p><p>Edge 830<br \/>Soporte estandar<br \/>Soporte frontal<br \/>Sensor de velocidad<br \/>Sensor de cadencia<br \/>Monitor de frecuencia cardiaca<br \/>Lanyard<br \/>Cable USB<br \/>Manuales<\/p><p><strong>Adicional<\/strong><\/p><p>Las notificaciones inteligentes muestran solo mensajes de texto y llamadas<br \/>Memoria interna: 16 GB<br \/>R\u00e9cords de ciclismo personales: s\u00ed<br \/>Compatibilidad con radar y luces para bicicleta Varia\u2122: s\u00ed<br \/>Compatibilidad con el mando a distancia Edge\u00ae: s\u00ed<br \/>LiveTrack: s\u00ed<br \/>GroupTrack: s\u00ed<br \/>An\u00e1lisis avanzado del rendimiento y la potencia, que incluye VO2 m\u00e1ximo, seguimiento de FTP\/vatios\/kg, condici\u00f3n de rendimiento\/umbral de lactato\/puntuaci\u00f3n de estr\u00e9s, as\u00ed como din\u00e1micas de ciclismo avanzadas y funciones de conectividad<br \/>Perfil de rodillo para la visualizaci\u00f3n y el control de datos del rodillo Turbo compatible<br \/>Compatibilidad con segmentos en el dispositivo para una competici\u00f3n din\u00e1mica y motivadora en el recorrido: s\u00ed<br \/>Temperatura de funcionamiento: de -20 \u00b0C a +55 \u00b0C<br \/>Funciones de conectividad a trav\u00e9s de smartphone: s\u00ed<br \/>Compatibilidad con Garmin Connect\u2122 y Garmin Connect\u2122 Mobile: s\u00ed<br \/>Integraci\u00f3n con sistemas de cambio electr\u00f3nico Shimano Di2: s\u00ed<\/p><p><strong>Caracter\u00ecsticas adicionales :<\/strong><\/p><p>Alertas meteorol\u00f3gicas: s\u00ed<br \/>Compatibilidad con conexi\u00f3n Wi-Fi\u00ae: s\u00ed<br \/>Luz ambiental: s\u00ed<br \/>Rutas de ida y vuelta: s\u00ed<br \/>Planificador de rutas: s\u00ed<br \/>Detecci\u00f3n de incidencias: s\u00ed<br \/>Planes\/sesiones de entrenamiento: s\u00ed<br \/>Compatibilidad con Connect IQ\u2122: s\u00ed<br \/>Indicaciones de audio: s\u00ed<br \/>Inicio autom\u00e1tico (el cron\u00f3metro se inicia autom\u00e1ticamente a la velocidad personalizada): s\u00ed<br \/>Compatibilidad con los sistemas de cambio electr\u00f3nico ANT+\u2122: s\u00ed<br \/>Compatible con rodillo ANT+: s\u00ed<br \/>Compatibilidad con los segmentos de Strava: s\u00ed<br \/>Puntuaci\u00f3n de estr\u00e9s: s\u00ed<br \/>Modo de ahorro de energ\u00eda : aumenta la autonom\u00eda de la bater\u00eda hasta un 50 % al mismo tiempo que realiza el seguimiento de los detalles del recorrido<\/p><p>Para las sesiones de entrenamiento avanzadas se necesita una cuenta de <strong>Garmin Connect<\/strong><\/p>\t\t\t\t\t\t<\/div>\n\t\t\t\t<\/div>\n\t\t\t\t\t<\/div>\n\t\t<\/div>\n\t\t\t\t\t\t\t<\/div>\n\t\t<\/section>\n\t\t\t\t\t\t\t<\/div>\n\t\t","protected":false},"excerpt":{"rendered":"<p><strong>Edge 830 Sensor Bundle<\/strong><\/p>\n<p><strong>Ciclocomputador Garmin Edge 830 Sensor Bundle<\/strong><\/p>\n<p>El control din\u00e1mico del rendimiento proporciona informaci\u00f3n sobre <strong>VO2<\/strong> m\u00e1ximo, recuperaci\u00f3n, el foco de equilibrio de entrenamiento, aclimataci\u00f3n al calor y la altitud, nutrici\u00f3n, hidrataci\u00f3n y mucho m\u00e1s.<\/p>\n","protected":false},"featured_media":1578,"comment_status":"open","ping_status":"closed","template":"","meta":{"_joinchat":[]},"pwb-brand":[40,39],"product_cat":[60],"product_tag":[73,137,74,136,138,135,75],"class_list":["post-1577","product","type-product","status-publish","has-post-thumbnail","hentry","pwb-brand-garmin","pwb-brand-gesolbike","product_cat-gps","product_tag-bogota","product_tag-ciclocomputador","product_tag-colombia","product_tag-edge-830-sensor-bundle","product_tag-garmin","product_tag-gps","product_tag-sur-america"],"brands":[{"id":40,"name":"Garmin","slug":"garmin"},{"id":39,"name":"Gesolbike","slug":"gesolbike"}],"_links":{"self":[{"href":"https:\/\/www.gesoltec.com\/index.php\/wp-json\/wp\/v2\/product\/1577","targetHints":{"allow":["GET"]}}],"collection":[{"href":"https:\/\/www.gesoltec.com\/index.php\/wp-json\/wp\/v2\/product"}],"about":[{"href":"https:\/\/www.gesoltec.com\/index.php\/wp-json\/wp\/v2\/types\/product"}],"replies":[{"embeddable":true,"href":"https:\/\/www.gesoltec.com\/index.php\/wp-json\/wp\/v2\/comments?post=1577"}],"version-history":[{"count":2,"href":"https:\/\/www.gesoltec.com\/index.php\/wp-json\/wp\/v2\/product\/1577\/revisions"}],"predecessor-version":[{"id":1592,"href":"https:\/\/www.gesoltec.com\/index.php\/wp-json\/wp\/v2\/product\/1577\/revisions\/1592"}],"wp:featuredmedia":[{"embeddable":true,"href":"https:\/\/www.gesoltec.com\/index.php\/wp-json\/wp\/v2\/media\/1578"}],"wp:attachment":[{"href":"https:\/\/www.gesoltec.com\/index.php\/wp-json\/wp\/v2\/media?parent=1577"}],"wp:term":[{"taxonomy":"pwb-brand","embeddable":true,"href":"https:\/\/www.gesoltec.com\/index.php\/wp-json\/wp\/v2\/pwb-brand?post=1577"},{"taxonomy":"product_cat","embeddable":true,"href":"https:\/\/www.gesoltec.com\/index.php\/wp-json\/wp\/v2\/product_cat?post=1577"},{"taxonomy":"product_tag","embeddable":true,"href":"https:\/\/www.gesoltec.com\/index.php\/wp-json\/wp\/v2\/product_tag?post=1577"}],"curies":[{"name":"wp","href":"https:\/\/api.w.org\/{rel}","templated":true}]}}