{"id":1553,"date":"2022-01-06T13:13:49","date_gmt":"2022-01-06T18:13:49","guid":{"rendered":"https:\/\/www.gesoltec.com\/?post_type=product&#038;p=1553"},"modified":"2023-05-18T15:39:01","modified_gmt":"2023-05-18T20:39:01","slug":"garmin-edge-830-plus","status":"publish","type":"product","link":"https:\/\/www.gesoltec.com\/index.php\/producto\/garmin-edge-830-plus\/","title":{"rendered":"Garmin Edge 830 Plus"},"content":{"rendered":"\t\t<div data-elementor-type=\"wp-post\" data-elementor-id=\"1553\" class=\"elementor elementor-1553\">\n\t\t\t\t\t\t\t\t\t<section class=\"elementor-section elementor-top-section elementor-element elementor-element-d6821ef elementor-section-boxed elementor-section-height-default elementor-section-height-default\" data-id=\"d6821ef\" data-element_type=\"section\">\n\t\t\t\t\t\t<div class=\"elementor-container elementor-column-gap-default\">\n\t\t\t\t\t<div class=\"elementor-column elementor-col-100 elementor-top-column elementor-element elementor-element-33f19c7\" data-id=\"33f19c7\" data-element_type=\"column\">\n\t\t\t<div class=\"elementor-widget-wrap elementor-element-populated\">\n\t\t\t\t\t\t\t\t<div class=\"elementor-element elementor-element-e76a97b elementor-invisible elementor-widget elementor-widget-text-editor\" data-id=\"e76a97b\" data-element_type=\"widget\" data-settings=\"{&quot;_animation&quot;:&quot;rotateIn&quot;,&quot;_animation_delay&quot;:7}\" data-widget_type=\"text-editor.default\">\n\t\t\t\t<div class=\"elementor-widget-container\">\n\t\t\t<style>\/*! elementor - v3.13.2 - 11-05-2023 *\/\n.elementor-widget-text-editor.elementor-drop-cap-view-stacked .elementor-drop-cap{background-color:#69727d;color:#fff}.elementor-widget-text-editor.elementor-drop-cap-view-framed .elementor-drop-cap{color:#69727d;border:3px solid;background-color:transparent}.elementor-widget-text-editor:not(.elementor-drop-cap-view-default) .elementor-drop-cap{margin-top:8px}.elementor-widget-text-editor:not(.elementor-drop-cap-view-default) .elementor-drop-cap-letter{width:1em;height:1em}.elementor-widget-text-editor .elementor-drop-cap{float:left;text-align:center;line-height:1;font-size:50px}.elementor-widget-text-editor .elementor-drop-cap-letter{display:inline-block}<\/style>\t\t\t\t<h1 style=\"text-align: center;\"><span style=\"color: #388f42;\"><strong>Garmin Edge 830 Plus<\/strong><\/span><\/h1>\t\t\t\t\t\t<\/div>\n\t\t\t\t<\/div>\n\t\t\t\t\t<\/div>\n\t\t<\/div>\n\t\t\t\t\t\t\t<\/div>\n\t\t<\/section>\n\t\t\t\t<section class=\"elementor-section elementor-top-section elementor-element elementor-element-b9e63b0 elementor-section-boxed elementor-section-height-default elementor-section-height-default\" data-id=\"b9e63b0\" data-element_type=\"section\">\n\t\t\t\t\t\t<div class=\"elementor-container elementor-column-gap-default\">\n\t\t\t\t\t<div class=\"elementor-column elementor-col-50 elementor-top-column elementor-element elementor-element-c26d1ad\" data-id=\"c26d1ad\" data-element_type=\"column\">\n\t\t\t<div class=\"elementor-widget-wrap elementor-element-populated\">\n\t\t\t\t\t\t\t\t<div class=\"elementor-element elementor-element-61bdd8e elementor-invisible elementor-widget elementor-widget-image\" data-id=\"61bdd8e\" data-element_type=\"widget\" data-settings=\"{&quot;_animation&quot;:&quot;fadeIn&quot;,&quot;_animation_delay&quot;:3}\" data-widget_type=\"image.default\">\n\t\t\t\t<div class=\"elementor-widget-container\">\n\t\t\t<style>\/*! elementor - v3.13.2 - 11-05-2023 *\/\n.elementor-widget-image{text-align:center}.elementor-widget-image a{display:inline-block}.elementor-widget-image a img[src$=\".svg\"]{width:48px}.elementor-widget-image img{vertical-align:middle;display:inline-block}<\/style>\t\t\t\t\t\t\t\t\t\t\t\t<img decoding=\"async\" src=\"https:\/\/www.gesoltec.com\/wp-content\/uploads\/elementor\/thumbs\/Garmin-Edge-830-1-plus-gesolbike-pimk3cqi9rl5waosvmnc7h7mxafk74vebabtyd6rv8.jpg\" title=\"Garmin Edge 830 1 plus gesolbike\" alt=\"Garmin Edge 830 1 plus gesolbike\" loading=\"lazy\" \/>\t\t\t\t\t\t\t\t\t\t\t\t\t\t\t<\/div>\n\t\t\t\t<\/div>\n\t\t\t\t\t<\/div>\n\t\t<\/div>\n\t\t\t\t<div class=\"elementor-column elementor-col-50 elementor-top-column elementor-element elementor-element-47bd6e7\" data-id=\"47bd6e7\" data-element_type=\"column\">\n\t\t\t<div class=\"elementor-widget-wrap elementor-element-populated\">\n\t\t\t\t\t\t\t\t<div class=\"elementor-element elementor-element-27d2276 elementor-invisible elementor-widget elementor-widget-image\" data-id=\"27d2276\" data-element_type=\"widget\" data-settings=\"{&quot;_animation&quot;:&quot;fadeIn&quot;,&quot;_animation_delay&quot;:3}\" data-widget_type=\"image.default\">\n\t\t\t\t<div class=\"elementor-widget-container\">\n\t\t\t\t\t\t\t\t\t\t\t\t\t\t\t<img decoding=\"async\" src=\"https:\/\/www.gesoltec.com\/wp-content\/uploads\/elementor\/thumbs\/Garmin-Edge-830-plus-gesolbike-pimk2zkrm335dr7x0gyk8kj6lw8f7df5lh718hqaac.jpg\" title=\"Garmin Edge 830 plus gesolbike\" alt=\"Garmin Edge 830 plus gesolbike\" loading=\"lazy\" \/>\t\t\t\t\t\t\t\t\t\t\t\t\t\t\t<\/div>\n\t\t\t\t<\/div>\n\t\t\t\t\t<\/div>\n\t\t<\/div>\n\t\t\t\t\t\t\t<\/div>\n\t\t<\/section>\n\t\t\t\t<section class=\"elementor-section elementor-top-section elementor-element elementor-element-5466048 elementor-section-boxed elementor-section-height-default elementor-section-height-default\" data-id=\"5466048\" data-element_type=\"section\">\n\t\t\t\t\t\t<div class=\"elementor-container elementor-column-gap-default\">\n\t\t\t\t\t<div class=\"elementor-column elementor-col-100 elementor-top-column elementor-element elementor-element-bca6a9c\" data-id=\"bca6a9c\" data-element_type=\"column\">\n\t\t\t<div class=\"elementor-widget-wrap elementor-element-populated\">\n\t\t\t\t\t\t\t\t<div class=\"elementor-element elementor-element-1303ab2 elementor-invisible elementor-widget elementor-widget-text-editor\" data-id=\"1303ab2\" data-element_type=\"widget\" data-settings=\"{&quot;_animation&quot;:&quot;rotateInDownRight&quot;,&quot;_animation_delay&quot;:5}\" data-widget_type=\"text-editor.default\">\n\t\t\t\t<div class=\"elementor-widget-container\">\n\t\t\t\t\t\t\t<p><strong>Garmin Edge 830 Plus<\/strong><\/p><p><strong>El Garmin Edge 830<\/strong> es posiblemente el gps m\u00e1s completo del mercado en funci\u00f3n de su precio.<\/p><p>Si incorparamos sensores de frecuencia cardiaca (FC) y cadencia a nuestro <strong>Garmin<\/strong> vamos a poder medir datos fisiol\u00f3gicos como el control de recuperaci\u00f3n, en defenitiva, entrenamientos m\u00e1s inteligentes para mejorar nuestro rendimiento sobre la bicicleta.<\/p><p>Las completas funciones de entrenamiento y la navegaci\u00f3n con pantalla t\u00e1ctil hacen que sea un modelo muy deseado.<\/p><p>Enfocado tambi\u00e9n para <strong>Mtb<\/strong> y otros par\u00e1metros de mejora<\/p><p>Una de las grandes novedades que trajo este dispositivo fu\u00e8 su enfoque.<\/p><p>Si antes estaba m\u00e1s enfocado para ciclismo en carretera ahora trae funciones espec\u00edficas para <strong>Mtb<\/strong> como la distancia en los saltos, la velocidad y el tiempo en el aire.<\/p><p>Otro aspecto muy interesante es la dificultad del trayecto.<\/p><p>Esto es muy interesante porque puede conocer la dificultad de una ruta y regularla.<\/p><p><strong>Garmin<\/strong> clasifica entre 0 y 20 puntos ruta f\u00e1cil, ruta moderada entre 20 y 40 puntos, y m\u00e1s de 40 ruta dif\u00edcil o dura.<\/p><p>La fluidez es otro aspecto muy interesante que incorpora el <strong>Edge 830.<\/strong><\/p><p>B\u00e1sicamente es un valor que calcula si has realizado muchos cambios de ritmo en una ruta, cuanto m\u00e1s baja sea la puntuaci\u00f3n es que has tenido menos cambios bruscos de velocidad.<\/p><p><strong>Pantalla \u00b7 Interfaz<\/strong><\/p><p>La pantalla del <strong>Garmin Edge 830<\/strong> es la gran diferencia respecto a su predecesor el Edge 820 y es el gran reclamo para quienes se decantan por este modelo en vez del <strong>Garmin Edge 530<\/strong>.<\/p><p>El tama\u00f1o de la pantalla es de 2.6 pulgadas y una resoluci\u00f3n de 246 x 322 p\u00edxeles.<\/p><p>Con este modelo <strong>Garmin<\/strong> resolvi\u00f3 definitivamente los problemas en la luminosidad de sus pantallas.<\/p><p>Adem\u00e1s de ser t\u00e1ctil, la pantalla se puede usar con guantes e incluso con lluvia.<\/p><p>Las funciones t\u00e1ctiles son una gran ventaja ya que mejora notablemente la interacci\u00f3n con el dispositivo sin el uso de botones.<\/p><p><strong>Bater\u00eda &#8211; Dise\u00f1o<\/strong><\/p><p>A nivel de bater\u00eda tiene una duraci\u00f3n de hasta 20 horas.<\/p><p>Una mejora considerable respecto a modelos anteriores gracias a la instalaci\u00f3n del chipset <strong>GNSS de Sony<\/strong>, con esto <strong>Garmin<\/strong> ha conseguido mejorar la velocidad de procesado (en mapas de navegaci\u00f3n donde m\u00e1s se nota) y aumentando la duraci\u00f3n de la bater\u00eda, hasta 48 horas en modo de ahorro de bater\u00eda.<\/p><p>A nivel de dise\u00f1o, desde nuestro punto de vista este es uno de los aspectos a mejorar del <strong>Edge 830<\/strong> ya que pueden aprovechar el marco actual y conseguir una pantalla m\u00e1s expandida.<\/p><p>No obstante, es un dispositivo robusto que puede resistir ciertas ca\u00eddas y con una pantalla bastante grande.<\/p><p><strong>Sensores \u00b7 Conectividad<\/strong><\/p><p>La conectividad con sensores es uno de los puntos fuertes de este dispositivo gracias a la compatibilidad con <strong>Ant+ y Bluetooth<\/strong>, este \u00faltimo no es compatible con modelos como el <strong>Edge 520 Plus o el 820.<\/strong><\/p><p>Gracias a <strong>Ant+<\/strong> se puede conectar con sensores de velocidad, cadencia y frecuencia cardiaca, medidores de potencia, rodillos inteligentes, cambios electr\u00f3nicos o luces entre otros.<\/p><p>Esto supone una gran ventaja ya que adem\u00e1s de los sensores caracter\u00edsticos de <strong>Garmin<\/strong> funciona tambi\u00e9n con sensores de otras marcas m\u00e1s baratos.<\/p><p><strong>Funciones de entrenamiento<\/strong><\/p><p>Las funciones de entrenamiento son un salto de calidad respecto al modelo <strong>Garmin Edge 520 Plus<\/strong> el otro m\u00e1s vendido de la marca.<\/p><p>Sin embargo, las funciones que vamos a explicar a continuaci\u00f3n son casi id\u00e9nticas a las del <strong>Garmin Edge 530<\/strong>, un <strong>Edge 830<\/strong> en peque\u00f1o que no cuenta con pantalla t\u00e1ctil.<\/p><p><strong>Se\u00f1al Gps<\/strong><\/p><p><strong>La se\u00f1al Gps<\/strong> de este ciclocomputador es r\u00e1pida y precisa como en pr\u00e1cticamente todas las marcas y utiliza el sistema de posicionamiento <strong>Glonass y Galileo.<\/strong><\/p><p>Aunque algunas versiones del <strong>Edge 830<\/strong> ha experimentado algunas fallas con el sistema <strong>Galileo<\/strong> y es recomendable <strong>Glonass<\/strong> que es muy preciso.<\/p><p><strong>Funciones de navegaci\u00f3n \u00b7 Mapas<\/strong><\/p><p>Esta junto a la pantalla t\u00e1ctil es la principal raz\u00f3n para elegir el <strong>Garmin Edge 830<\/strong> y que lo hacen un <strong>gps<\/strong> realmente completo.<\/p><p>Si para usted es primordial el uso de las funciones de navegaci\u00f3n para explorar nuevas rutas con un<strong> Gps<\/strong> especializado en entrenamiento el <strong>Edge 830<\/strong> es sin duda su modelo ideal.<\/p><p>Las rutas se cargan en segundos, podemos crear rutas de navegaci\u00f3n a bordo eligiendo un destino (funci\u00f3n que no trae por ejemplo el <strong>Edge 530<\/strong> ya que se requiere de un dispositivo externo).<\/p><p>Adem\u00e1s se puede hacer zoom en el mapa con los dedos gracias al manejo t\u00e1ctil.<\/p><p><strong>Trailforks y Forksight<\/strong><\/p><p>Espec\u00edficamente para <strong>Mtb<\/strong> este dispositivo aventaja a cualquier modelo de gama inferior gracias a su integraci\u00f3n con <strong>Trailforks<\/strong>, una base de datos de senderos para bici de monta\u00f1a que aporta una mejor informaci\u00f3n para rutas y creado expresamente para <strong>Mountain Bike.<\/strong><\/p><p>Si no conoce esta herramienta, es mantenida por los propios usuarios y es la m\u00e1s grande del mundo en cuanto a rutas de monta\u00f1a.<\/p><p>Introducci\u00f3n a <strong>Trailforks<\/strong><\/p><p>Otro a\u00f1adido que el <strong>Edge 830<\/strong> posee para utilizar junto a <strong>Trailforks<\/strong> es el denominado <strong>Forksight.<\/strong><\/p><p>Una herramienta para senderos que muestra en bifurcaciones opciones disponibles de ruta catalogadas por su nivel de dificultad.<\/p><p>No obstante, para que esto funcione necesita andar en bici por lugares donde haya una importante comunidad ciclista ya que esta es quien alimenta<strong> Trailforks.<\/strong><\/p><p><strong>Aplicaciones<\/strong><\/p><p>Adem\u00e1s de la ventaja de poder usar <strong>Garmin Connect<\/strong> para entrenamientos avanzados es compatible con m\u00e1s de 30 apps diferentes y otros tantos widgets.<\/p><p>Algunas aplicaciones a destacar son <strong>Strava, TrailForks, Komoot, vPower, Training Peaks , Stopwatch.<\/strong><\/p><p><strong>Funciones que se destacan :<\/strong><\/p><p><strong>Climb Pro<\/strong><\/p><p>Para ciclismo en carretera esta es sin duda una de las grandes herramientas del <strong>Edge 830<\/strong>.<\/p><p><strong>Climb Pro<\/strong> solo funciona si hemos cargado la ruta previamente a nuestro gps, y le permite ver un perfil detallado de las subidas a las que se va a enfrentar.<\/p><p>Esta es una herramienta excelente ya que adem\u00e1s de mostrarnos la altimetria de los puertos de monta\u00f1a, nos dice la distancia para coronar, metros por ascender y el desnivel medio.<\/p><p>Color verde : Del 0% al 3%<br \/>Color amarillo : Del 3% al 6%<br \/>Color naranja : Del 6% al 9%<br \/>Color rojo : Del 9% al 12%<br \/>Color rojo oscuro : M\u00e1s del 12%<\/p><p><strong>Caracter\u00ecsticas generales :<\/strong><\/p><p>Pantalla de 2.6 pulgadas.<br \/><strong>Tama\u00f1o :<\/strong> (4.9 x 7.3 x 2.1 cm)<br \/><strong>Peso :<\/strong> 79 gramos.<br \/><strong>Protecci\u00f3n contra el agua :<\/strong> IPX7<br \/><strong>Bater\u00eda :<\/strong> hasta 20 horas de duraci\u00f3n<br \/>Alt\u00edmetro, bar\u00f3metro y GPS, GLONASS + Galileo<br \/>Mapas Garmin Cycle Map Incluidos.<br \/><strong>Memoria interna :<\/strong> 16GB<br \/>Conectividad con sensores Ant+ (potencia, velocidad, cadencia y Fc).<\/p>\t\t\t\t\t\t<\/div>\n\t\t\t\t<\/div>\n\t\t\t\t\t<\/div>\n\t\t<\/div>\n\t\t\t\t\t\t\t<\/div>\n\t\t<\/section>\n\t\t\t\t\t\t\t<\/div>\n\t\t","protected":false},"excerpt":{"rendered":"<p>El Garmin <strong>Edge 830<\/strong> es posiblemente el gps m\u00e1s completo del mercado en funci\u00f3n de su precio.<\/p>\n","protected":false},"featured_media":1554,"comment_status":"open","ping_status":"closed","template":"","meta":{"_joinchat":[]},"pwb-brand":[40,39],"product_cat":[60],"product_tag":[73,74,133,135,134,75],"class_list":["post-1553","product","type-product","status-publish","has-post-thumbnail","hentry","pwb-brand-garmin","pwb-brand-gesolbike","product_cat-gps","product_tag-bogota","product_tag-colombia","product_tag-garmin-edge-830-plus","product_tag-gps","product_tag-sensores-de-frecuencia-cardiaca","product_tag-sur-america"],"brands":[{"id":40,"name":"Garmin","slug":"garmin"},{"id":39,"name":"Gesolbike","slug":"gesolbike"}],"_links":{"self":[{"href":"https:\/\/www.gesoltec.com\/index.php\/wp-json\/wp\/v2\/product\/1553","targetHints":{"allow":["GET"]}}],"collection":[{"href":"https:\/\/www.gesoltec.com\/index.php\/wp-json\/wp\/v2\/product"}],"about":[{"href":"https:\/\/www.gesoltec.com\/index.php\/wp-json\/wp\/v2\/types\/product"}],"replies":[{"embeddable":true,"href":"https:\/\/www.gesoltec.com\/index.php\/wp-json\/wp\/v2\/comments?post=1553"}],"version-history":[{"count":2,"href":"https:\/\/www.gesoltec.com\/index.php\/wp-json\/wp\/v2\/product\/1553\/revisions"}],"predecessor-version":[{"id":1573,"href":"https:\/\/www.gesoltec.com\/index.php\/wp-json\/wp\/v2\/product\/1553\/revisions\/1573"}],"wp:featuredmedia":[{"embeddable":true,"href":"https:\/\/www.gesoltec.com\/index.php\/wp-json\/wp\/v2\/media\/1554"}],"wp:attachment":[{"href":"https:\/\/www.gesoltec.com\/index.php\/wp-json\/wp\/v2\/media?parent=1553"}],"wp:term":[{"taxonomy":"pwb-brand","embeddable":true,"href":"https:\/\/www.gesoltec.com\/index.php\/wp-json\/wp\/v2\/pwb-brand?post=1553"},{"taxonomy":"product_cat","embeddable":true,"href":"https:\/\/www.gesoltec.com\/index.php\/wp-json\/wp\/v2\/product_cat?post=1553"},{"taxonomy":"product_tag","embeddable":true,"href":"https:\/\/www.gesoltec.com\/index.php\/wp-json\/wp\/v2\/product_tag?post=1553"}],"curies":[{"name":"wp","href":"https:\/\/api.w.org\/{rel}","templated":true}]}}