{"id":1499,"date":"2022-01-05T11:24:32","date_gmt":"2022-01-05T16:24:32","guid":{"rendered":"https:\/\/www.gesoltec.com\/?post_type=product&#038;p=1499"},"modified":"2023-05-18T15:36:26","modified_gmt":"2023-05-18T20:36:26","slug":"gafas-aspire-clarity","status":"publish","type":"product","link":"https:\/\/www.gesoltec.com\/index.php\/producto\/gafas-aspire-clarity\/","title":{"rendered":"Gafas Aspire Clarity"},"content":{"rendered":"\t\t<div data-elementor-type=\"wp-post\" data-elementor-id=\"1499\" class=\"elementor elementor-1499\">\n\t\t\t\t\t\t\t\t\t<section class=\"elementor-section elementor-top-section elementor-element elementor-element-65c3be9 elementor-section-boxed elementor-section-height-default elementor-section-height-default\" data-id=\"65c3be9\" data-element_type=\"section\">\n\t\t\t\t\t\t<div class=\"elementor-container elementor-column-gap-default\">\n\t\t\t\t\t<div class=\"elementor-column elementor-col-100 elementor-top-column elementor-element elementor-element-5659eba\" data-id=\"5659eba\" data-element_type=\"column\">\n\t\t\t<div class=\"elementor-widget-wrap elementor-element-populated\">\n\t\t\t\t\t\t\t\t<div class=\"elementor-element elementor-element-fe0d3da elementor-invisible elementor-widget elementor-widget-text-editor\" data-id=\"fe0d3da\" data-element_type=\"widget\" data-settings=\"{&quot;_animation&quot;:&quot;rotateInDownLeft&quot;,&quot;_animation_delay&quot;:7}\" data-widget_type=\"text-editor.default\">\n\t\t\t\t<div class=\"elementor-widget-container\">\n\t\t\t<style>\/*! elementor - v3.13.2 - 11-05-2023 *\/\n.elementor-widget-text-editor.elementor-drop-cap-view-stacked .elementor-drop-cap{background-color:#69727d;color:#fff}.elementor-widget-text-editor.elementor-drop-cap-view-framed .elementor-drop-cap{color:#69727d;border:3px solid;background-color:transparent}.elementor-widget-text-editor:not(.elementor-drop-cap-view-default) .elementor-drop-cap{margin-top:8px}.elementor-widget-text-editor:not(.elementor-drop-cap-view-default) .elementor-drop-cap-letter{width:1em;height:1em}.elementor-widget-text-editor .elementor-drop-cap{float:left;text-align:center;line-height:1;font-size:50px}.elementor-widget-text-editor .elementor-drop-cap-letter{display:inline-block}<\/style>\t\t\t\t<h1 style=\"text-align: center;\"><span style=\"color: #319145;\"><strong>Gafas Aspire Clarity<\/strong><\/span><\/h1>\t\t\t\t\t\t<\/div>\n\t\t\t\t<\/div>\n\t\t\t\t\t<\/div>\n\t\t<\/div>\n\t\t\t\t\t\t\t<\/div>\n\t\t<\/section>\n\t\t\t\t<section class=\"elementor-section elementor-top-section elementor-element elementor-element-2b2f9c2 elementor-section-boxed elementor-section-height-default elementor-section-height-default\" data-id=\"2b2f9c2\" data-element_type=\"section\">\n\t\t\t\t\t\t<div class=\"elementor-container elementor-column-gap-default\">\n\t\t\t\t\t<div class=\"elementor-column elementor-col-100 elementor-top-column elementor-element elementor-element-0eaf3d4\" data-id=\"0eaf3d4\" data-element_type=\"column\">\n\t\t\t<div class=\"elementor-widget-wrap elementor-element-populated\">\n\t\t\t\t\t\t\t\t<div class=\"elementor-element elementor-element-e7cb190 elementor-invisible elementor-widget elementor-widget-text-editor\" data-id=\"e7cb190\" data-element_type=\"widget\" data-settings=\"{&quot;_animation&quot;:&quot;rotateInUpRight&quot;,&quot;_animation_delay&quot;:8}\" data-widget_type=\"text-editor.default\">\n\t\t\t\t<div class=\"elementor-widget-container\">\n\t\t\t\t\t\t\t<p>Las <strong>Gafas Aspire Clarity<\/strong> se han perfeccionado para ofrecer un mejor rendimiento en la bicicleta conservando su estilo urbano.<\/p><p>Un marco de <strong>grilamid<\/strong> ligero proporciona flexibilidad y durabilidad.<\/p><p>Manteni\u00e9ndose fieles a la herencia activa de <strong>Poc<\/strong>, las gafas cuentan con agarraderas de <strong>goma hidr\u00f3fila<\/strong> en la nariz y la sien para garantizar un ajuste seguro, incluso cuando est\u00e1n mojadas.<\/p><p>Con tecnolog\u00eda <strong>Clarity<\/strong> de los l\u00edderes de la industria \u00f3ptica <strong>Carl Zeiss Vision Sunlens<\/strong>, las lentes controlan el espectro de color para mejorar el contraste y la definici\u00f3n del color, por lo que la visi\u00f3n puede mantenerse n\u00edtida cuando se conduce por carretera, <strong>Mtb<\/strong> o en entornos urbanos.<\/p><p>Desarrollados en asociaci\u00f3n con <strong>Zeiss<\/strong>, los lentes<strong> Clarity<\/strong> filtran picos espec\u00edficos en el espectro de colores para mejorar la visi\u00f3n donde pedaleas.<\/p><p><strong>Dimensiones del marco de Aspire<\/strong><\/p><p>Altura : 58 mm<br \/>Ancho : 147,25 mm<br \/>Longitud de la patilla (desde la bisagra) : 115 mm<br \/>Protecci\u00f3n UV completa (UV400)<br \/>Tecnolog\u00eda Clarity<br \/>La pieza nasal y las patillas de goma mantienen el agarre incluso cuando est\u00e1n mojadas<br \/>Patillas ajustables<\/p><p><br \/><strong>Combinaci\u00f3n de color de montura y lente<\/strong><\/p><p>Blanco hidr\u00f3geno Clarity Road Violet \/ Silver Mirror &#8211; CAT 3 VLT 13%<\/p><p>Negro de uranio Claridad Urban Cold Brown \/ Silver Mirror &#8211; CAT 2 VLT 22%<\/p><p>Negro uranio Clarity MTB Marr\u00f3n \/ Plata Espejo &#8211; CAT 2 VLT 20%<\/p><p>Negro de uranio Clarity Road Violet \/ Gold Mirror &#8211; CAT 2 VLT 23%<\/p><p>Amarillo sulfito Clarity Urban Brown \/ Silver Mirror &#8211; CAT 2 VLT 20%<\/p><p>Azul plomo Clarity Road Violet \/ Gold Mirror &#8211; CAT 2 VLT 23%<\/p><p>Apophyllite Green Clarity Trail Marr\u00f3n \/ Plata Espejo &#8211; CAT 2 VLT 20%<\/p><p>Kalkopyrit Blue Clarity Road Violet \/ Silver Mirror &#8211; CAT 3 VLT 13%<\/p><p>Marr\u00f3n tortuga Clarity Road Violet \/ Silver Mirror &#8211; CAT 3 VLT 13%<\/p>\t\t\t\t\t\t<\/div>\n\t\t\t\t<\/div>\n\t\t\t\t\t<\/div>\n\t\t<\/div>\n\t\t\t\t\t\t\t<\/div>\n\t\t<\/section>\n\t\t\t\t<section class=\"elementor-section elementor-top-section elementor-element elementor-element-66b8931 elementor-section-boxed elementor-section-height-default elementor-section-height-default\" data-id=\"66b8931\" data-element_type=\"section\">\n\t\t\t\t\t\t<div class=\"elementor-container elementor-column-gap-default\">\n\t\t\t\t\t<div class=\"elementor-column elementor-col-33 elementor-top-column elementor-element elementor-element-8b7e675\" data-id=\"8b7e675\" data-element_type=\"column\">\n\t\t\t<div class=\"elementor-widget-wrap elementor-element-populated\">\n\t\t\t\t\t\t\t\t<div class=\"elementor-element elementor-element-55cdc7e elementor-invisible elementor-widget elementor-widget-image\" data-id=\"55cdc7e\" data-element_type=\"widget\" data-settings=\"{&quot;_animation&quot;:&quot;fadeIn&quot;,&quot;_animation_delay&quot;:5}\" data-widget_type=\"image.default\">\n\t\t\t\t<div class=\"elementor-widget-container\">\n\t\t\t<style>\/*! elementor - v3.13.2 - 11-05-2023 *\/\n.elementor-widget-image{text-align:center}.elementor-widget-image a{display:inline-block}.elementor-widget-image a img[src$=\".svg\"]{width:48px}.elementor-widget-image img{vertical-align:middle;display:inline-block}<\/style>\t\t\t\t\t\t\t\t\t\t\t\t<img decoding=\"async\" src=\"https:\/\/www.gesoltec.com\/wp-content\/uploads\/elementor\/thumbs\/gafas-aspire-clarity-gesolbike-1-pikos7mjiexbdhgktyls7ebvodte3dpqzquks5kp7w.jpg\" title=\"gafas aspire clarity gesolbike\" alt=\"gafas aspire clarity gesolbike\" loading=\"lazy\" \/>\t\t\t\t\t\t\t\t\t\t\t\t\t\t\t<\/div>\n\t\t\t\t<\/div>\n\t\t\t\t\t<\/div>\n\t\t<\/div>\n\t\t\t\t<div class=\"elementor-column elementor-col-33 elementor-top-column elementor-element elementor-element-2b327b8\" data-id=\"2b327b8\" data-element_type=\"column\">\n\t\t\t<div class=\"elementor-widget-wrap elementor-element-populated\">\n\t\t\t\t\t\t\t\t<div class=\"elementor-element elementor-element-08c76b2 elementor-invisible elementor-widget elementor-widget-image\" data-id=\"08c76b2\" data-element_type=\"widget\" data-settings=\"{&quot;_animation&quot;:&quot;fadeIn&quot;,&quot;_animation_delay&quot;:4}\" data-widget_type=\"image.default\">\n\t\t\t\t<div class=\"elementor-widget-container\">\n\t\t\t\t\t\t\t\t\t\t\t\t\t\t\t<img decoding=\"async\" src=\"https:\/\/www.gesoltec.com\/wp-content\/uploads\/elementor\/thumbs\/gafas-aspire-clarity-gesolbike-1-1-pikoslq4cxgm7mw3jmp6qsrsl5vwau9q1omuzazsmk.jpg\" title=\"gafas aspire clarity gesolbike 1\" alt=\"gafas aspire clarity gesolbike 1\" loading=\"lazy\" \/>\t\t\t\t\t\t\t\t\t\t\t\t\t\t\t<\/div>\n\t\t\t\t<\/div>\n\t\t\t\t\t<\/div>\n\t\t<\/div>\n\t\t\t\t<div class=\"elementor-column elementor-col-33 elementor-top-column elementor-element elementor-element-f96ac8b\" data-id=\"f96ac8b\" data-element_type=\"column\">\n\t\t\t<div class=\"elementor-widget-wrap elementor-element-populated\">\n\t\t\t\t\t\t\t\t<div class=\"elementor-element elementor-element-ab8bd00 elementor-invisible elementor-widget elementor-widget-image\" data-id=\"ab8bd00\" data-element_type=\"widget\" data-settings=\"{&quot;_animation&quot;:&quot;fadeIn&quot;,&quot;_animation_delay&quot;:4}\" data-widget_type=\"image.default\">\n\t\t\t\t<div class=\"elementor-widget-container\">\n\t\t\t\t\t\t\t\t\t\t\t\t\t\t\t<img decoding=\"async\" src=\"https:\/\/www.gesoltec.com\/wp-content\/uploads\/elementor\/thumbs\/gafas-aspire-clarity-gesolbike-2-pikot3l1ys52c865ncf3k69jvhfvd38mg5133k9bcc.jpg\" title=\"gafas aspire clarity gesolbike 2\" alt=\"gafas aspire clarity gesolbike 2\" loading=\"lazy\" \/>\t\t\t\t\t\t\t\t\t\t\t\t\t\t\t<\/div>\n\t\t\t\t<\/div>\n\t\t\t\t\t<\/div>\n\t\t<\/div>\n\t\t\t\t\t\t\t<\/div>\n\t\t<\/section>\n\t\t\t\t\t\t\t<\/div>\n\t\t","protected":false},"excerpt":{"rendered":"<p>Las <strong>Gafas Aspire Clarity<\/strong> se han perfeccionado para ofrecer un mejor rendimiento en la bicicleta conservando su estilo urbano.<\/p>\n","protected":false},"featured_media":1500,"comment_status":"open","ping_status":"closed","template":"","meta":{"_joinchat":[]},"pwb-brand":[39,35],"product_cat":[62],"product_tag":[127,73,116,129,74,128,125,126,75],"class_list":["post-1499","product","type-product","status-publish","has-post-thumbnail","hentry","pwb-brand-gesolbike","pwb-brand-poc","product_cat-lentes-ciclismo","product_tag-aspire","product_tag-bogota","product_tag-ciclismo","product_tag-clarity","product_tag-colombia","product_tag-gafas","product_tag-gafas-aspire-clarity","product_tag-lentes","product_tag-sur-america"],"brands":[{"id":39,"name":"Gesolbike","slug":"gesolbike"},{"id":35,"name":"Poc","slug":"poc"}],"_links":{"self":[{"href":"https:\/\/www.gesoltec.com\/index.php\/wp-json\/wp\/v2\/product\/1499","targetHints":{"allow":["GET"]}}],"collection":[{"href":"https:\/\/www.gesoltec.com\/index.php\/wp-json\/wp\/v2\/product"}],"about":[{"href":"https:\/\/www.gesoltec.com\/index.php\/wp-json\/wp\/v2\/types\/product"}],"replies":[{"embeddable":true,"href":"https:\/\/www.gesoltec.com\/index.php\/wp-json\/wp\/v2\/comments?post=1499"}],"version-history":[{"count":2,"href":"https:\/\/www.gesoltec.com\/index.php\/wp-json\/wp\/v2\/product\/1499\/revisions"}],"predecessor-version":[{"id":1521,"href":"https:\/\/www.gesoltec.com\/index.php\/wp-json\/wp\/v2\/product\/1499\/revisions\/1521"}],"wp:featuredmedia":[{"embeddable":true,"href":"https:\/\/www.gesoltec.com\/index.php\/wp-json\/wp\/v2\/media\/1500"}],"wp:attachment":[{"href":"https:\/\/www.gesoltec.com\/index.php\/wp-json\/wp\/v2\/media?parent=1499"}],"wp:term":[{"taxonomy":"pwb-brand","embeddable":true,"href":"https:\/\/www.gesoltec.com\/index.php\/wp-json\/wp\/v2\/pwb-brand?post=1499"},{"taxonomy":"product_cat","embeddable":true,"href":"https:\/\/www.gesoltec.com\/index.php\/wp-json\/wp\/v2\/product_cat?post=1499"},{"taxonomy":"product_tag","embeddable":true,"href":"https:\/\/www.gesoltec.com\/index.php\/wp-json\/wp\/v2\/product_tag?post=1499"}],"curies":[{"name":"wp","href":"https:\/\/api.w.org\/{rel}","templated":true}]}}