{"id":1466,"date":"2022-01-05T11:05:56","date_gmt":"2022-01-05T16:05:56","guid":{"rendered":"https:\/\/www.gesoltec.com\/?post_type=product&#038;p=1466"},"modified":"2023-05-18T15:35:11","modified_gmt":"2023-05-18T20:35:11","slug":"gafas-grave","status":"publish","type":"product","link":"https:\/\/www.gesoltec.com\/index.php\/producto\/gafas-grave\/","title":{"rendered":"Gafas Grave"},"content":{"rendered":"\t\t<div data-elementor-type=\"wp-post\" data-elementor-id=\"1466\" class=\"elementor elementor-1466\">\n\t\t\t\t\t\t\t\t\t<section class=\"elementor-section elementor-top-section elementor-element elementor-element-1e28ce1 elementor-section-boxed elementor-section-height-default elementor-section-height-default\" data-id=\"1e28ce1\" data-element_type=\"section\">\n\t\t\t\t\t\t<div class=\"elementor-container elementor-column-gap-default\">\n\t\t\t\t\t<div class=\"elementor-column elementor-col-100 elementor-top-column elementor-element elementor-element-e9d1cba\" data-id=\"e9d1cba\" data-element_type=\"column\">\n\t\t\t<div class=\"elementor-widget-wrap elementor-element-populated\">\n\t\t\t\t\t\t\t\t<div class=\"elementor-element elementor-element-5e8fea6 elementor-invisible elementor-widget elementor-widget-text-editor\" data-id=\"5e8fea6\" data-element_type=\"widget\" data-settings=\"{&quot;_animation&quot;:&quot;bounce&quot;,&quot;_animation_delay&quot;:4}\" data-widget_type=\"text-editor.default\">\n\t\t\t\t<div class=\"elementor-widget-container\">\n\t\t\t<style>\/*! elementor - v3.13.2 - 11-05-2023 *\/\n.elementor-widget-text-editor.elementor-drop-cap-view-stacked .elementor-drop-cap{background-color:#69727d;color:#fff}.elementor-widget-text-editor.elementor-drop-cap-view-framed .elementor-drop-cap{color:#69727d;border:3px solid;background-color:transparent}.elementor-widget-text-editor:not(.elementor-drop-cap-view-default) .elementor-drop-cap{margin-top:8px}.elementor-widget-text-editor:not(.elementor-drop-cap-view-default) .elementor-drop-cap-letter{width:1em;height:1em}.elementor-widget-text-editor .elementor-drop-cap{float:left;text-align:center;line-height:1;font-size:50px}.elementor-widget-text-editor .elementor-drop-cap-letter{display:inline-block}<\/style>\t\t\t\t<h1 style=\"text-align: center;\"><span style=\"color: #388543;\"><strong>Gafas Grave<\/strong><\/span><\/h1>\t\t\t\t\t\t<\/div>\n\t\t\t\t<\/div>\n\t\t\t\t\t<\/div>\n\t\t<\/div>\n\t\t\t\t\t\t\t<\/div>\n\t\t<\/section>\n\t\t\t\t<section class=\"elementor-section elementor-top-section elementor-element elementor-element-f597cff elementor-section-boxed elementor-section-height-default elementor-section-height-default\" data-id=\"f597cff\" data-element_type=\"section\">\n\t\t\t\t\t\t<div class=\"elementor-container elementor-column-gap-default\">\n\t\t\t\t\t<div class=\"elementor-column elementor-col-100 elementor-top-column elementor-element elementor-element-7fb4d19\" data-id=\"7fb4d19\" data-element_type=\"column\">\n\t\t\t<div class=\"elementor-widget-wrap elementor-element-populated\">\n\t\t\t\t\t\t\t\t<div class=\"elementor-element elementor-element-89a63ba elementor-invisible elementor-widget elementor-widget-image\" data-id=\"89a63ba\" data-element_type=\"widget\" data-settings=\"{&quot;_animation&quot;:&quot;bounceIn&quot;,&quot;_animation_delay&quot;:6}\" data-widget_type=\"image.default\">\n\t\t\t\t<div class=\"elementor-widget-container\">\n\t\t\t<style>\/*! elementor - v3.13.2 - 11-05-2023 *\/\n.elementor-widget-image{text-align:center}.elementor-widget-image a{display:inline-block}.elementor-widget-image a img[src$=\".svg\"]{width:48px}.elementor-widget-image img{vertical-align:middle;display:inline-block}<\/style>\t\t\t\t\t\t\t\t\t\t\t\t<img loading=\"lazy\" decoding=\"async\" width=\"522\" height=\"310\" src=\"https:\/\/www.gesoltec.com\/wp-content\/uploads\/2022\/01\/gafas-grave-poc-gesolbike-2.jpg\" class=\"attachment-large size-large wp-image-1467\" alt=\"gafas grave poc gesolbike 2\" srcset=\"https:\/\/www.gesoltec.com\/wp-content\/uploads\/2022\/01\/gafas-grave-poc-gesolbike-2.jpg 522w, https:\/\/www.gesoltec.com\/wp-content\/uploads\/2022\/01\/gafas-grave-poc-gesolbike-2-300x178.jpg 300w\" sizes=\"auto, (max-width: 522px) 100vw, 522px\" \/>\t\t\t\t\t\t\t\t\t\t\t\t\t\t\t<\/div>\n\t\t\t\t<\/div>\n\t\t\t\t\t<\/div>\n\t\t<\/div>\n\t\t\t\t\t\t\t<\/div>\n\t\t<\/section>\n\t\t\t\t<section class=\"elementor-section elementor-top-section elementor-element elementor-element-3988660 elementor-section-boxed elementor-section-height-default elementor-section-height-default\" data-id=\"3988660\" data-element_type=\"section\">\n\t\t\t\t\t\t<div class=\"elementor-container elementor-column-gap-default\">\n\t\t\t\t\t<div class=\"elementor-column elementor-col-100 elementor-top-column elementor-element elementor-element-1189c5d\" data-id=\"1189c5d\" data-element_type=\"column\">\n\t\t\t<div class=\"elementor-widget-wrap elementor-element-populated\">\n\t\t\t\t\t\t\t\t<div class=\"elementor-element elementor-element-ce05d0a elementor-invisible elementor-widget elementor-widget-text-editor\" data-id=\"ce05d0a\" data-element_type=\"widget\" data-settings=\"{&quot;_animation&quot;:&quot;rotateInDownLeft&quot;,&quot;_animation_delay&quot;:4}\" data-widget_type=\"text-editor.default\">\n\t\t\t\t<div class=\"elementor-widget-container\">\n\t\t\t\t\t\t\t<p>Las <strong>gafas Crave<\/strong> presentan una montura de <strong>Grilamid<\/strong> ligero, flexible y duradero, que lo hace perfecto para casi cualquier esfuerzo atl\u00e9tico.<\/p><p>La goma hidr\u00f3fila permanece adherida incluso cuando est\u00e1 mojada, por lo que los lentes se pegar\u00e1n a su nariz cuando se mueva, independientemente de la lluvia o la transpiraci\u00f3n.<\/p><p>La lente de PC duradera de <strong>Carl Zeiss Vision<\/strong> ofrece un rendimiento \u00f3ptico excepcional y la construcci\u00f3n de la montura abierta proporciona ventilaci\u00f3n que ayuda a evacuar el vapor.<\/p><p>La lente est\u00e1 tratada con <strong>ripel<\/strong> para ayudar a mantener la niebla, la suciedad y la mugre lejos de sus lentes y para que el agua se pierda.<\/p><p>Han sido dise\u00f1adas para combinarse perfectamente con los cascos <strong>Tectal y Tectal Race<\/strong> y tambi\u00e9n presenta una construcci\u00f3n de bisagra a presi\u00f3n para mejorar la durabilidad y evitar romper la montura al recibir un golpe.<\/p><p><strong>Caracter\u00edsticas lente :<\/strong><\/p><p>&#8211; Condici\u00f3n de luz &#8211; Sol<br \/>&#8211; Tratamientos &#8211; Ripel<br \/>&#8211; VLT 32.0%<br \/>&#8211; Categor\u00eda de lente: 3<br \/>&#8211; Tipo de lente &#8211; lente de PC por <strong>Carl Zeiss Vision<\/strong><\/p>\t\t\t\t\t\t<\/div>\n\t\t\t\t<\/div>\n\t\t\t\t\t<\/div>\n\t\t<\/div>\n\t\t\t\t\t\t\t<\/div>\n\t\t<\/section>\n\t\t\t\t<section class=\"elementor-section elementor-top-section elementor-element elementor-element-bafa265 elementor-section-boxed elementor-section-height-default elementor-section-height-default\" data-id=\"bafa265\" data-element_type=\"section\">\n\t\t\t\t\t\t<div class=\"elementor-container elementor-column-gap-default\">\n\t\t\t\t\t<div class=\"elementor-column elementor-col-50 elementor-top-column elementor-element elementor-element-ad767d9\" data-id=\"ad767d9\" data-element_type=\"column\">\n\t\t\t<div class=\"elementor-widget-wrap elementor-element-populated\">\n\t\t\t\t\t\t\t\t<div class=\"elementor-element elementor-element-6b7c757 elementor-invisible elementor-widget elementor-widget-image\" data-id=\"6b7c757\" data-element_type=\"widget\" data-settings=\"{&quot;_animation&quot;:&quot;fadeIn&quot;,&quot;_animation_delay&quot;:6}\" data-widget_type=\"image.default\">\n\t\t\t\t<div class=\"elementor-widget-container\">\n\t\t\t\t\t\t\t\t\t\t\t\t\t\t\t<img decoding=\"async\" src=\"https:\/\/www.gesoltec.com\/wp-content\/uploads\/elementor\/thumbs\/gafas-grave-poc-gesolbike-1-piknvb9zcst4fqy8srg6d0vyfrx9vj84373adnpef8.jpg\" title=\"gafas grave poc gesolbike 1\" alt=\"gafas grave poc gesolbike 1\" loading=\"lazy\" \/>\t\t\t\t\t\t\t\t\t\t\t\t\t\t\t<\/div>\n\t\t\t\t<\/div>\n\t\t\t\t\t<\/div>\n\t\t<\/div>\n\t\t\t\t<div class=\"elementor-column elementor-col-50 elementor-top-column elementor-element elementor-element-e7e82be\" data-id=\"e7e82be\" data-element_type=\"column\">\n\t\t\t<div class=\"elementor-widget-wrap elementor-element-populated\">\n\t\t\t\t\t\t\t\t<div class=\"elementor-element elementor-element-c3656d5 elementor-invisible elementor-widget elementor-widget-image\" data-id=\"c3656d5\" data-element_type=\"widget\" data-settings=\"{&quot;_animation&quot;:&quot;fadeIn&quot;,&quot;_animation_delay&quot;:6}\" data-widget_type=\"image.default\">\n\t\t\t\t<div class=\"elementor-widget-container\">\n\t\t\t\t\t\t\t\t\t\t\t\t\t\t\t<img decoding=\"async\" src=\"https:\/\/www.gesoltec.com\/wp-content\/uploads\/elementor\/thumbs\/gafas-grave-poc-gesolbike-pikobw5hwli784v8zfg9uc9nng7cnc1o19cm4d4eo4.jpg\" title=\"gafas grave poc gesolbike\" alt=\"gafas grave poc gesolbike\" loading=\"lazy\" \/>\t\t\t\t\t\t\t\t\t\t\t\t\t\t\t<\/div>\n\t\t\t\t<\/div>\n\t\t\t\t\t<\/div>\n\t\t<\/div>\n\t\t\t\t\t\t\t<\/div>\n\t\t<\/section>\n\t\t\t\t\t\t\t<\/div>\n\t\t","protected":false},"excerpt":{"rendered":"<p>Las <strong>gafas Crave<\/strong> presentan una montura de <strong>Grilamid<\/strong> ligero, flexible y duradero, que lo hace perfecto para casi cualquier esfuerzo atl\u00e9tico.<\/p>\n","protected":false},"featured_media":1467,"comment_status":"open","ping_status":"closed","template":"","meta":{"_joinchat":[]},"pwb-brand":[39,35],"product_cat":[62],"product_tag":[73,74,122,123,75,124],"class_list":["post-1466","product","type-product","status-publish","has-post-thumbnail","hentry","pwb-brand-gesolbike","pwb-brand-poc","product_cat-lentes-ciclismo","product_tag-bogota","product_tag-colombia","product_tag-gafas-grave","product_tag-lentes-ciclismo","product_tag-sur-america","product_tag-tecnologia-clarity"],"brands":[{"id":39,"name":"Gesolbike","slug":"gesolbike"},{"id":35,"name":"Poc","slug":"poc"}],"_links":{"self":[{"href":"https:\/\/www.gesoltec.com\/index.php\/wp-json\/wp\/v2\/product\/1466","targetHints":{"allow":["GET"]}}],"collection":[{"href":"https:\/\/www.gesoltec.com\/index.php\/wp-json\/wp\/v2\/product"}],"about":[{"href":"https:\/\/www.gesoltec.com\/index.php\/wp-json\/wp\/v2\/types\/product"}],"replies":[{"embeddable":true,"href":"https:\/\/www.gesoltec.com\/index.php\/wp-json\/wp\/v2\/comments?post=1466"}],"version-history":[{"count":2,"href":"https:\/\/www.gesoltec.com\/index.php\/wp-json\/wp\/v2\/product\/1466\/revisions"}],"predecessor-version":[{"id":1496,"href":"https:\/\/www.gesoltec.com\/index.php\/wp-json\/wp\/v2\/product\/1466\/revisions\/1496"}],"wp:featuredmedia":[{"embeddable":true,"href":"https:\/\/www.gesoltec.com\/index.php\/wp-json\/wp\/v2\/media\/1467"}],"wp:attachment":[{"href":"https:\/\/www.gesoltec.com\/index.php\/wp-json\/wp\/v2\/media?parent=1466"}],"wp:term":[{"taxonomy":"pwb-brand","embeddable":true,"href":"https:\/\/www.gesoltec.com\/index.php\/wp-json\/wp\/v2\/pwb-brand?post=1466"},{"taxonomy":"product_cat","embeddable":true,"href":"https:\/\/www.gesoltec.com\/index.php\/wp-json\/wp\/v2\/product_cat?post=1466"},{"taxonomy":"product_tag","embeddable":true,"href":"https:\/\/www.gesoltec.com\/index.php\/wp-json\/wp\/v2\/product_tag?post=1466"}],"curies":[{"name":"wp","href":"https:\/\/api.w.org\/{rel}","templated":true}]}}