{"id":1420,"date":"2022-01-04T14:23:13","date_gmt":"2022-01-04T19:23:13","guid":{"rendered":"https:\/\/www.gesoltec.com\/?post_type=product&#038;p=1420"},"modified":"2023-05-18T15:33:10","modified_gmt":"2023-05-18T20:33:10","slug":"regime","status":"publish","type":"product","link":"https:\/\/www.gesoltec.com\/index.php\/producto\/regime\/","title":{"rendered":"Regime"},"content":{"rendered":"\t\t<div data-elementor-type=\"wp-post\" data-elementor-id=\"1420\" class=\"elementor elementor-1420\">\n\t\t\t\t\t\t\t\t\t<section class=\"elementor-section elementor-top-section elementor-element elementor-element-c439d20 elementor-section-boxed elementor-section-height-default elementor-section-height-default\" data-id=\"c439d20\" data-element_type=\"section\">\n\t\t\t\t\t\t<div class=\"elementor-container elementor-column-gap-default\">\n\t\t\t\t\t<div class=\"elementor-column elementor-col-100 elementor-top-column elementor-element elementor-element-dbe17ef\" data-id=\"dbe17ef\" data-element_type=\"column\">\n\t\t\t<div class=\"elementor-widget-wrap elementor-element-populated\">\n\t\t\t\t\t\t\t\t<div class=\"elementor-element elementor-element-e21b5e6 elementor-invisible elementor-widget elementor-widget-text-editor\" data-id=\"e21b5e6\" data-element_type=\"widget\" data-settings=\"{&quot;_animation&quot;:&quot;fadeInRight&quot;,&quot;_animation_delay&quot;:5}\" data-widget_type=\"text-editor.default\">\n\t\t\t\t<div class=\"elementor-widget-container\">\n\t\t\t<style>\/*! elementor - v3.13.2 - 11-05-2023 *\/\n.elementor-widget-text-editor.elementor-drop-cap-view-stacked .elementor-drop-cap{background-color:#69727d;color:#fff}.elementor-widget-text-editor.elementor-drop-cap-view-framed .elementor-drop-cap{color:#69727d;border:3px solid;background-color:transparent}.elementor-widget-text-editor:not(.elementor-drop-cap-view-default) .elementor-drop-cap{margin-top:8px}.elementor-widget-text-editor:not(.elementor-drop-cap-view-default) .elementor-drop-cap-letter{width:1em;height:1em}.elementor-widget-text-editor .elementor-drop-cap{float:left;text-align:center;line-height:1;font-size:50px}.elementor-widget-text-editor .elementor-drop-cap-letter{display:inline-block}<\/style>\t\t\t\t<h1 style=\"text-align: center;\"><span style=\"color: #3f9e5a;\"><strong>Regime<\/strong><\/span><\/h1>\t\t\t\t\t\t<\/div>\n\t\t\t\t<\/div>\n\t\t\t\t\t<\/div>\n\t\t<\/div>\n\t\t\t\t\t\t\t<\/div>\n\t\t<\/section>\n\t\t\t\t<section class=\"elementor-section elementor-top-section elementor-element elementor-element-3ac642c elementor-section-boxed elementor-section-height-default elementor-section-height-default\" data-id=\"3ac642c\" data-element_type=\"section\">\n\t\t\t\t\t\t<div class=\"elementor-container elementor-column-gap-default\">\n\t\t\t\t\t<div class=\"elementor-column elementor-col-100 elementor-top-column elementor-element elementor-element-39f390f\" data-id=\"39f390f\" data-element_type=\"column\">\n\t\t\t<div class=\"elementor-widget-wrap elementor-element-populated\">\n\t\t\t\t\t\t\t\t<div class=\"elementor-element elementor-element-cff90ac elementor-invisible elementor-widget elementor-widget-text-editor\" data-id=\"cff90ac\" data-element_type=\"widget\" data-settings=\"{&quot;_animation&quot;:&quot;rotateIn&quot;,&quot;_animation_delay&quot;:9}\" data-widget_type=\"text-editor.default\">\n\t\t\t\t<div class=\"elementor-widget-container\">\n\t\t\t\t\t\t\t<p>Las exclusivas zapatillas <strong>Giro Regime<\/strong> dominan la carretera con confort total, estas zapatillas rinden al m\u00e1ximo en carreteras largas y duras.<\/p><p>Con la parte superior en malla <strong>Synchwire\u2122<\/strong> ultraligera, las <strong>Regime<\/strong> se ajustan y se sienten como una segunda piel, adem\u00e1s, el <strong>Tpu termosoldado<\/strong> proporciona un soporte estructural y gran resistencia a la arena y la suciedad.<\/p><p>El ajuste r\u00e1pido e intuitivo est\u00e1 garantizado gracias a los <strong>diales Boa L6<\/strong>, los cordones de acero y las gu\u00edas de <strong>Boa IP-1<\/strong> suaves que permiten obtener un ajuste preciso con una distribuci\u00f3n uniforme de la presi\u00f3n para garantizar la m\u00e1xima comodidad.<\/p><p>Por \u00faltimo, la avanzada placa de compuesto de carbono garantiza una transferencia de potencia eficiente, al tiempo que permite un ajuste de 5 mm para un posicionamiento \u00f3ptimo de las calas.<\/p><p><strong>Caracter\u00edsticas generales del producto :<\/strong><br \/><br \/><strong>Construcci\u00f3n del dorso :<\/strong> parte superior <strong>Synchwire<\/strong> de una sola pieza con construcci\u00f3n termo-soldada, perforaciones realizadas con l\u00e1ser, sistema <strong>BOA\u00ae Fit L6<\/strong> con ajuste de 1mm y leng\u00fceta reflectante en el tal\u00f3n.<\/p><p><strong>Plantilla :<\/strong> Plantilla 3D, con soporte medio del arco del pie.<\/p><p><strong>Disciplina :<\/strong> Ciclismo.<\/p><p>Suela externa : suela : placa de compuesto de carbono con 3 tornillos, almohadillas de <strong>Tpu<\/strong> de doble inyecci\u00f3n, calas de acero inoxidable con ajuste de 5mm hacia delante\/atr\u00e1s.<\/p><p><strong>Sexo :<\/strong> unisex.<\/p><p><strong>Peso del producto :<\/strong> 265 g (talla 42).<\/p><p><strong>Tecnolog\u00edas<\/strong><\/p><p>Suela de carbono compuesto<\/p><p>La placa de la suela de compuesto de carbono avanzada patentada por <strong>Giro<\/strong> garantiza una transferencia de potencia eficiente y una mejor respuesta del pedal, al tiempo que permite un ajuste de 5 mm para la colocaci\u00f3n \u00f3ptima de las calas.<\/p><p>Es el equilibrio ideal entre rigidez, durabilidad y ligereza.<\/p><p><strong>Detalles reflectantes<\/strong><\/p><p>Los detalles reflectantes mejoran la visibilidad de noche o en condiciones de poca iluminaci\u00f3n.<\/p><p><strong>Synchwire<\/strong><\/p><p>La construcci\u00f3n Synchwire es una parte superior sin costuras, ventilada y reforzada para crear una zapatilla de ciclismo ligera con una incre\u00edble transpiraci\u00f3n y una excelente integridad estructural.<\/p><p><strong>Synchwire<\/strong> es un avanzado compuesto termo-soldado que proporciona una durabilidad infinita.<\/p><p>Una l\u00e1mina interior de tela no tejida distribuye la fuerza del sistema <strong>Boa\u00ae<\/strong> a la parte superior para la transferencia directa de la potencia, y una malla de monofilamento mejora la ventilaci\u00f3n.<\/p><p><strong>Boa\u00ae<\/strong><\/p><p>El sistema <strong>Boa\u00ae Fit<\/strong> ofrece un microajuste r\u00e1pido.<\/p><p>Este sistema reduce el peso y proporciona un ajuste m\u00e1s preciso (incrementos de 1 mm) que las hebillas tradicionales, y tambi\u00e9n ofrece una funci\u00f3n de liberaci\u00f3n incremental.<\/p><p>Las piezas del sistema <strong>Boa\u00ae Fit<\/strong> est\u00e1n garantizadas durante la vida \u00fatil del producto.<\/p>\t\t\t\t\t\t<\/div>\n\t\t\t\t<\/div>\n\t\t\t\t\t<\/div>\n\t\t<\/div>\n\t\t\t\t\t\t\t<\/div>\n\t\t<\/section>\n\t\t\t\t<section class=\"elementor-section elementor-top-section elementor-element elementor-element-994c8bc elementor-section-boxed elementor-section-height-default elementor-section-height-default\" data-id=\"994c8bc\" data-element_type=\"section\">\n\t\t\t\t\t\t<div class=\"elementor-container elementor-column-gap-default\">\n\t\t\t\t\t<div class=\"elementor-column elementor-col-33 elementor-top-column elementor-element elementor-element-8ce0c4e\" data-id=\"8ce0c4e\" data-element_type=\"column\">\n\t\t\t<div class=\"elementor-widget-wrap elementor-element-populated\">\n\t\t\t\t\t\t\t\t<div class=\"elementor-element elementor-element-1e6041c elementor-invisible elementor-widget elementor-widget-image\" data-id=\"1e6041c\" data-element_type=\"widget\" data-settings=\"{&quot;_animation&quot;:&quot;fadeIn&quot;,&quot;_animation_delay&quot;:4}\" data-widget_type=\"image.default\">\n\t\t\t\t<div class=\"elementor-widget-container\">\n\t\t\t<style>\/*! elementor - v3.13.2 - 11-05-2023 *\/\n.elementor-widget-image{text-align:center}.elementor-widget-image a{display:inline-block}.elementor-widget-image a img[src$=\".svg\"]{width:48px}.elementor-widget-image img{vertical-align:middle;display:inline-block}<\/style>\t\t\t\t\t\t\t\t\t\t\t\t<img decoding=\"async\" src=\"https:\/\/www.gesoltec.com\/wp-content\/uploads\/elementor\/thumbs\/zapatillas-giro-regime-gesolbike-1-pij5qss6xwirp1klvzgenwf411y1ckn8wnyez1fnho.jpg\" title=\"zapatillas giro regime gesolbike 1\" alt=\"zapatillas giro regime gesolbike 1\" loading=\"lazy\" \/>\t\t\t\t\t\t\t\t\t\t\t\t\t\t\t<\/div>\n\t\t\t\t<\/div>\n\t\t\t\t\t<\/div>\n\t\t<\/div>\n\t\t\t\t<div class=\"elementor-column elementor-col-33 elementor-top-column elementor-element elementor-element-c04215a\" data-id=\"c04215a\" data-element_type=\"column\">\n\t\t\t<div class=\"elementor-widget-wrap elementor-element-populated\">\n\t\t\t\t\t\t\t\t<div class=\"elementor-element elementor-element-e5d42e8 elementor-invisible elementor-widget elementor-widget-image\" data-id=\"e5d42e8\" data-element_type=\"widget\" data-settings=\"{&quot;_animation&quot;:&quot;fadeIn&quot;,&quot;_animation_delay&quot;:4}\" data-widget_type=\"image.default\">\n\t\t\t\t<div class=\"elementor-widget-container\">\n\t\t\t\t\t\t\t\t\t\t\t\t\t\t\t<img decoding=\"async\" src=\"https:\/\/www.gesoltec.com\/wp-content\/uploads\/elementor\/thumbs\/zapatillas-giro-regime-gesolbike-pij6emyu9n5k50y1oseseduydug5k8a6inkq4o37os.jpg\" title=\"zapatillas giro regime gesolbike\" alt=\"zapatillas giro regime gesolbike\" loading=\"lazy\" \/>\t\t\t\t\t\t\t\t\t\t\t\t\t\t\t<\/div>\n\t\t\t\t<\/div>\n\t\t\t\t\t<\/div>\n\t\t<\/div>\n\t\t\t\t<div class=\"elementor-column elementor-col-33 elementor-top-column elementor-element elementor-element-c5a4551\" data-id=\"c5a4551\" data-element_type=\"column\">\n\t\t\t<div class=\"elementor-widget-wrap elementor-element-populated\">\n\t\t\t\t\t\t\t\t<div class=\"elementor-element elementor-element-9b094a7 elementor-invisible elementor-widget elementor-widget-image\" data-id=\"9b094a7\" data-element_type=\"widget\" data-settings=\"{&quot;_animation&quot;:&quot;fadeIn&quot;,&quot;_animation_delay&quot;:4}\" data-widget_type=\"image.default\">\n\t\t\t\t<div class=\"elementor-widget-container\">\n\t\t\t\t\t\t\t\t\t\t\t\t\t\t\t<img decoding=\"async\" src=\"https:\/\/www.gesoltec.com\/wp-content\/uploads\/elementor\/thumbs\/zapatillas-giro-regime-gesolbike-2-pij6euhjsbfupwn4gvnsybyn4xf39t417oslyvs2b0.jpg\" title=\"zapatillas giro regime gesolbike 2\" alt=\"zapatillas giro regime gesolbike 2\" loading=\"lazy\" \/>\t\t\t\t\t\t\t\t\t\t\t\t\t\t\t<\/div>\n\t\t\t\t<\/div>\n\t\t\t\t\t<\/div>\n\t\t<\/div>\n\t\t\t\t\t\t\t<\/div>\n\t\t<\/section>\n\t\t\t\t\t\t\t<\/div>\n\t\t","protected":false},"excerpt":{"rendered":"<p>Las exclusivas zapatillas <strong>Giro Regime<\/strong> dominan la carretera con confort total, estas zapatillas rinden al m\u00e1ximo en carreteras largas y duras.<\/p>\n","protected":false},"featured_media":1421,"comment_status":"open","ping_status":"closed","template":"","meta":{"_joinchat":[]},"pwb-brand":[39,37],"product_cat":[61],"product_tag":[73,116,74,118,119,75,115],"class_list":["post-1420","product","type-product","status-publish","has-post-thumbnail","hentry","pwb-brand-gesolbike","pwb-brand-giro","product_cat-zapatillas","product_tag-bogota","product_tag-ciclismo","product_tag-colombia","product_tag-giro","product_tag-regime","product_tag-sur-america","product_tag-zapatillas"],"brands":[{"id":39,"name":"Gesolbike","slug":"gesolbike"},{"id":37,"name":"Giro","slug":"giro"}],"_links":{"self":[{"href":"https:\/\/www.gesoltec.com\/index.php\/wp-json\/wp\/v2\/product\/1420","targetHints":{"allow":["GET"]}}],"collection":[{"href":"https:\/\/www.gesoltec.com\/index.php\/wp-json\/wp\/v2\/product"}],"about":[{"href":"https:\/\/www.gesoltec.com\/index.php\/wp-json\/wp\/v2\/types\/product"}],"replies":[{"embeddable":true,"href":"https:\/\/www.gesoltec.com\/index.php\/wp-json\/wp\/v2\/comments?post=1420"}],"version-history":[{"count":2,"href":"https:\/\/www.gesoltec.com\/index.php\/wp-json\/wp\/v2\/product\/1420\/revisions"}],"predecessor-version":[{"id":1446,"href":"https:\/\/www.gesoltec.com\/index.php\/wp-json\/wp\/v2\/product\/1420\/revisions\/1446"}],"wp:featuredmedia":[{"embeddable":true,"href":"https:\/\/www.gesoltec.com\/index.php\/wp-json\/wp\/v2\/media\/1421"}],"wp:attachment":[{"href":"https:\/\/www.gesoltec.com\/index.php\/wp-json\/wp\/v2\/media?parent=1420"}],"wp:term":[{"taxonomy":"pwb-brand","embeddable":true,"href":"https:\/\/www.gesoltec.com\/index.php\/wp-json\/wp\/v2\/pwb-brand?post=1420"},{"taxonomy":"product_cat","embeddable":true,"href":"https:\/\/www.gesoltec.com\/index.php\/wp-json\/wp\/v2\/product_cat?post=1420"},{"taxonomy":"product_tag","embeddable":true,"href":"https:\/\/www.gesoltec.com\/index.php\/wp-json\/wp\/v2\/product_tag?post=1420"}],"curies":[{"name":"wp","href":"https:\/\/api.w.org\/{rel}","templated":true}]}}