{"id":1357,"date":"2022-01-04T13:34:22","date_gmt":"2022-01-04T18:34:22","guid":{"rendered":"https:\/\/www.gesoltec.com\/?post_type=product&#038;p=1357"},"modified":"2023-05-18T15:31:10","modified_gmt":"2023-05-18T20:31:10","slug":"cadet","status":"publish","type":"product","link":"https:\/\/www.gesoltec.com\/index.php\/producto\/cadet\/","title":{"rendered":"Cadet"},"content":{"rendered":"\t\t<div data-elementor-type=\"wp-post\" data-elementor-id=\"1357\" class=\"elementor elementor-1357\">\n\t\t\t\t\t\t\t\t\t<section class=\"elementor-section elementor-top-section elementor-element elementor-element-6a8aa29 elementor-section-boxed elementor-section-height-default elementor-section-height-default\" data-id=\"6a8aa29\" data-element_type=\"section\">\n\t\t\t\t\t\t<div class=\"elementor-container elementor-column-gap-default\">\n\t\t\t\t\t<div class=\"elementor-column elementor-col-100 elementor-top-column elementor-element elementor-element-f62bea6\" data-id=\"f62bea6\" data-element_type=\"column\">\n\t\t\t<div class=\"elementor-widget-wrap elementor-element-populated\">\n\t\t\t\t\t\t\t\t<div class=\"elementor-element elementor-element-ef045b7 elementor-invisible elementor-widget elementor-widget-text-editor\" data-id=\"ef045b7\" data-element_type=\"widget\" data-settings=\"{&quot;_animation&quot;:&quot;rotateIn&quot;,&quot;_animation_delay&quot;:4}\" data-widget_type=\"text-editor.default\">\n\t\t\t\t<div class=\"elementor-widget-container\">\n\t\t\t<style>\/*! elementor - v3.13.2 - 11-05-2023 *\/\n.elementor-widget-text-editor.elementor-drop-cap-view-stacked .elementor-drop-cap{background-color:#69727d;color:#fff}.elementor-widget-text-editor.elementor-drop-cap-view-framed .elementor-drop-cap{color:#69727d;border:3px solid;background-color:transparent}.elementor-widget-text-editor:not(.elementor-drop-cap-view-default) .elementor-drop-cap{margin-top:8px}.elementor-widget-text-editor:not(.elementor-drop-cap-view-default) .elementor-drop-cap-letter{width:1em;height:1em}.elementor-widget-text-editor .elementor-drop-cap{float:left;text-align:center;line-height:1;font-size:50px}.elementor-widget-text-editor .elementor-drop-cap-letter{display:inline-block}<\/style>\t\t\t\t<h1 style=\"text-align: center;\"><span style=\"color: #2a8532;\"><strong>Cadet<\/strong><\/span><\/h1>\t\t\t\t\t\t<\/div>\n\t\t\t\t<\/div>\n\t\t\t\t\t<\/div>\n\t\t<\/div>\n\t\t\t\t\t\t\t<\/div>\n\t\t<\/section>\n\t\t\t\t<section class=\"elementor-section elementor-top-section elementor-element elementor-element-6ae750b elementor-section-boxed elementor-section-height-default elementor-section-height-default\" data-id=\"6ae750b\" data-element_type=\"section\">\n\t\t\t\t\t\t<div class=\"elementor-container elementor-column-gap-default\">\n\t\t\t\t\t<div class=\"elementor-column elementor-col-100 elementor-top-column elementor-element elementor-element-4c9a349\" data-id=\"4c9a349\" data-element_type=\"column\">\n\t\t\t<div class=\"elementor-widget-wrap elementor-element-populated\">\n\t\t\t\t\t\t\t\t<div class=\"elementor-element elementor-element-848836c elementor-invisible elementor-widget elementor-widget-text-editor\" data-id=\"848836c\" data-element_type=\"widget\" data-settings=\"{&quot;_animation&quot;:&quot;wobble&quot;,&quot;_animation_delay&quot;:6}\" data-widget_type=\"text-editor.default\">\n\t\t\t\t<div class=\"elementor-widget-container\">\n\t\t\t\t\t\t\t<p>Las zapatillas <strong>Cadet de Giro<\/strong> son herederas directas de tecnolog\u00edas y materiales reservados a la gama <strong>Premium<\/strong> de la marca; sin embargo, se trata de un modelo mucho m\u00e1s accesible y centrado en buscar un perfecto equilibrio entre la comodidad y el rendimiento.<\/p><p>Y qu\u00e9 a\u00f1adir de <strong>Giro<\/strong>, fabricante de enorme reputaci\u00f3n gracias sus numerosas l\u00edneas de equipamiento cuyo denominador com\u00fan son sus altas prestaciones.<\/p><p>Las <strong>Cadet<\/strong> se construyen en una sola pieza de <strong>Synchwire<\/strong>, material que puede presumir de su gran capacidad de adaptaci\u00f3n a la morfolog\u00eda del pie; pero a\u00fan hay m\u00e1s, pues su alta calidad nos conceder\u00e1 un amplio rango de durabilidad y ligereza.<\/p><p>Adem\u00e1s, sus escasas costuras, para eliminar zonas de roce excesivo, y sus insertos estrat\u00e9gicos, para favorecer la circulaci\u00f3n del aire y dotar un punto extra de <strong>flexibilidad al upper<\/strong>, convierten a esta l\u00ednea de calzado en una de las m\u00e1s completas y equilibradas de su categor\u00eda.<\/p><p>Su dise\u00f1o limpio y elegante va aderezado con un sistema de ajuste compuesto por velcro y un <strong>cord\u00f3n Boa L6<\/strong>, combinaci\u00f3n id\u00f3nea para modular rigurosamente la presi\u00f3n sobre el empeine.<\/p><p>Si le sumamos la plantilla de <strong>Eva troquelada (con tratamiento Aegis,<\/strong> antibacteriano) que incorpora en su interior, el confort ser\u00e1 una de sus virtudes.<\/p><p>Por \u00faltimo, su suela est\u00e1 formada por Tpu inyectado y reforzado con fibra de carbono, que atribuir\u00e1 al calzado una notable rigidez sin sumar un peso excesivo.<\/p><p>El objetivo es que desperdicies la m\u00ednima energ\u00eda posible.<\/p><p><strong>Caracter\u00edsticas generales :<\/strong><\/p><p>&#8211; Calzado para entrenamiento y rendimiento con cierres de velcro y dial <strong>Boa L6<\/strong><\/p><p>&#8211; Suela fabricada Tpu de doble inyecci\u00f3n reforzada con fibra de carbono. Excelente rigidez y comodidad<\/p><p>&#8211; Construcci\u00f3n superior en <strong>Synchwire<\/strong>, material que destaca por su ausencia de costuras y su alta capacidad de transpiraci\u00f3n<\/p><p>&#8211; Upper con microperforaciones l\u00e1ser para favorecer la ventilaci\u00f3n<\/p><p>&#8211; Incluye una plantilla de <strong>Eva troquelada<\/strong> con soporte para arqueo medio y tratamiento Aegis<\/p>\t\t\t\t\t\t<\/div>\n\t\t\t\t<\/div>\n\t\t\t\t\t<\/div>\n\t\t<\/div>\n\t\t\t\t\t\t\t<\/div>\n\t\t<\/section>\n\t\t\t\t<section class=\"elementor-section elementor-top-section elementor-element elementor-element-586d687 elementor-section-boxed elementor-section-height-default elementor-section-height-default\" data-id=\"586d687\" data-element_type=\"section\">\n\t\t\t\t\t\t<div class=\"elementor-container elementor-column-gap-default\">\n\t\t\t\t\t<div class=\"elementor-column elementor-col-25 elementor-top-column elementor-element elementor-element-b18e98e\" data-id=\"b18e98e\" data-element_type=\"column\">\n\t\t\t<div class=\"elementor-widget-wrap elementor-element-populated\">\n\t\t\t\t\t\t\t\t<div class=\"elementor-element elementor-element-0640b88 elementor-invisible elementor-widget elementor-widget-image\" data-id=\"0640b88\" data-element_type=\"widget\" data-settings=\"{&quot;_animation&quot;:&quot;fadeIn&quot;,&quot;_animation_delay&quot;:3}\" data-widget_type=\"image.default\">\n\t\t\t\t<div class=\"elementor-widget-container\">\n\t\t\t<style>\/*! elementor - v3.13.2 - 11-05-2023 *\/\n.elementor-widget-image{text-align:center}.elementor-widget-image a{display:inline-block}.elementor-widget-image a img[src$=\".svg\"]{width:48px}.elementor-widget-image img{vertical-align:middle;display:inline-block}<\/style>\t\t\t\t\t\t\t\t\t\t\t\t<img decoding=\"async\" src=\"https:\/\/www.gesoltec.com\/wp-content\/uploads\/elementor\/thumbs\/giro-cadet-gesolbike-1-pij3emciw1aby7uhflj7d550usuo0egmo0ozqy8wq4.jpg\" title=\"giro cadet gesolbike 1\" alt=\"giro cadet gesolbike 1\" loading=\"lazy\" \/>\t\t\t\t\t\t\t\t\t\t\t\t\t\t\t<\/div>\n\t\t\t\t<\/div>\n\t\t\t\t\t<\/div>\n\t\t<\/div>\n\t\t\t\t<div class=\"elementor-column elementor-col-25 elementor-top-column elementor-element elementor-element-0c5f51c\" data-id=\"0c5f51c\" data-element_type=\"column\">\n\t\t\t<div class=\"elementor-widget-wrap elementor-element-populated\">\n\t\t\t\t\t\t\t\t<div class=\"elementor-element elementor-element-b57a36f elementor-invisible elementor-widget elementor-widget-image\" data-id=\"b57a36f\" data-element_type=\"widget\" data-settings=\"{&quot;_animation&quot;:&quot;fadeIn&quot;,&quot;_animation_delay&quot;:3}\" data-widget_type=\"image.default\">\n\t\t\t\t<div class=\"elementor-widget-container\">\n\t\t\t\t\t\t\t\t\t\t\t\t\t\t\t<img decoding=\"async\" src=\"https:\/\/www.gesoltec.com\/wp-content\/uploads\/elementor\/thumbs\/giro-cadet-gesolbike-2-pij43ky8dngg9fl7odyjkudor5tkf1k0rkd6jh8jho.jpg\" title=\"giro cadet gesolbike 2\" alt=\"giro cadet gesolbike 2\" loading=\"lazy\" \/>\t\t\t\t\t\t\t\t\t\t\t\t\t\t\t<\/div>\n\t\t\t\t<\/div>\n\t\t\t\t\t<\/div>\n\t\t<\/div>\n\t\t\t\t<div class=\"elementor-column elementor-col-25 elementor-top-column elementor-element elementor-element-fec8f28\" data-id=\"fec8f28\" data-element_type=\"column\">\n\t\t\t<div class=\"elementor-widget-wrap elementor-element-populated\">\n\t\t\t\t\t\t\t\t<div class=\"elementor-element elementor-element-0148cc2 elementor-invisible elementor-widget elementor-widget-image\" data-id=\"0148cc2\" data-element_type=\"widget\" data-settings=\"{&quot;_animation&quot;:&quot;fadeIn&quot;,&quot;_animation_delay&quot;:3}\" data-widget_type=\"image.default\">\n\t\t\t\t<div class=\"elementor-widget-container\">\n\t\t\t\t\t\t\t\t\t\t\t\t\t\t\t<img decoding=\"async\" src=\"https:\/\/www.gesoltec.com\/wp-content\/uploads\/elementor\/thumbs\/giro-cadet-gesolbike-pij448g74icmbon2v647t6g7lslqrh5b6sobje9p64.jpg\" title=\"giro cadet gesolbike\" alt=\"giro cadet gesolbike\" loading=\"lazy\" \/>\t\t\t\t\t\t\t\t\t\t\t\t\t\t\t<\/div>\n\t\t\t\t<\/div>\n\t\t\t\t\t<\/div>\n\t\t<\/div>\n\t\t\t\t<div class=\"elementor-column elementor-col-25 elementor-top-column elementor-element elementor-element-84383ae\" data-id=\"84383ae\" data-element_type=\"column\">\n\t\t\t<div class=\"elementor-widget-wrap elementor-element-populated\">\n\t\t\t\t\t\t\t\t<div class=\"elementor-element elementor-element-70e7e99 elementor-invisible elementor-widget elementor-widget-image\" data-id=\"70e7e99\" data-element_type=\"widget\" data-settings=\"{&quot;_animation&quot;:&quot;fadeIn&quot;,&quot;_animation_delay&quot;:3}\" data-widget_type=\"image.default\">\n\t\t\t\t<div class=\"elementor-widget-container\">\n\t\t\t\t\t\t\t\t\t\t\t\t\t\t\t<img decoding=\"async\" src=\"https:\/\/www.gesoltec.com\/wp-content\/uploads\/elementor\/thumbs\/colores-giro-cadet-gesolbike-pij44mjrz0vx5u2lku7mckw4iko8yxpa8qglqjosks.jpg\" title=\"colores giro cadet gesolbike\" alt=\"colores giro cadet gesolbike\" loading=\"lazy\" \/>\t\t\t\t\t\t\t\t\t\t\t\t\t\t\t<\/div>\n\t\t\t\t<\/div>\n\t\t\t\t\t<\/div>\n\t\t<\/div>\n\t\t\t\t\t\t\t<\/div>\n\t\t<\/section>\n\t\t\t\t\t\t\t<\/div>\n\t\t","protected":false},"excerpt":{"rendered":"<p>Cadet Las zapatillas Cadet de Giro son herederas directas de tecnolog\u00edas y materiales reservados a la gama Premium de la marca; sin embargo, se trata de un modelo mucho m\u00e1s accesible y centrado en buscar [&hellip;]<\/p>\n","protected":false},"featured_media":1358,"comment_status":"open","ping_status":"closed","template":"","meta":{"_joinchat":[]},"pwb-brand":[39,37],"product_cat":[61],"product_tag":[73,114,116,74,75,115],"class_list":["post-1357","product","type-product","status-publish","has-post-thumbnail","hentry","pwb-brand-gesolbike","pwb-brand-giro","product_cat-zapatillas","product_tag-bogota","product_tag-cadet","product_tag-ciclismo","product_tag-colombia","product_tag-sur-america","product_tag-zapatillas"],"brands":[{"id":39,"name":"Gesolbike","slug":"gesolbike"},{"id":37,"name":"Giro","slug":"giro"}],"_links":{"self":[{"href":"https:\/\/www.gesoltec.com\/index.php\/wp-json\/wp\/v2\/product\/1357","targetHints":{"allow":["GET"]}}],"collection":[{"href":"https:\/\/www.gesoltec.com\/index.php\/wp-json\/wp\/v2\/product"}],"about":[{"href":"https:\/\/www.gesoltec.com\/index.php\/wp-json\/wp\/v2\/types\/product"}],"replies":[{"embeddable":true,"href":"https:\/\/www.gesoltec.com\/index.php\/wp-json\/wp\/v2\/comments?post=1357"}],"version-history":[{"count":2,"href":"https:\/\/www.gesoltec.com\/index.php\/wp-json\/wp\/v2\/product\/1357\/revisions"}],"predecessor-version":[{"id":1390,"href":"https:\/\/www.gesoltec.com\/index.php\/wp-json\/wp\/v2\/product\/1357\/revisions\/1390"}],"wp:featuredmedia":[{"embeddable":true,"href":"https:\/\/www.gesoltec.com\/index.php\/wp-json\/wp\/v2\/media\/1358"}],"wp:attachment":[{"href":"https:\/\/www.gesoltec.com\/index.php\/wp-json\/wp\/v2\/media?parent=1357"}],"wp:term":[{"taxonomy":"pwb-brand","embeddable":true,"href":"https:\/\/www.gesoltec.com\/index.php\/wp-json\/wp\/v2\/pwb-brand?post=1357"},{"taxonomy":"product_cat","embeddable":true,"href":"https:\/\/www.gesoltec.com\/index.php\/wp-json\/wp\/v2\/product_cat?post=1357"},{"taxonomy":"product_tag","embeddable":true,"href":"https:\/\/www.gesoltec.com\/index.php\/wp-json\/wp\/v2\/product_tag?post=1357"}],"curies":[{"name":"wp","href":"https:\/\/api.w.org\/{rel}","templated":true}]}}