{"id":1288,"date":"2022-01-02T12:29:57","date_gmt":"2022-01-02T17:29:57","guid":{"rendered":"https:\/\/www.gesoltec.com\/?post_type=product&#038;p=1288"},"modified":"2023-05-18T15:27:32","modified_gmt":"2023-05-18T20:27:32","slug":"elemnt-roam","status":"publish","type":"product","link":"https:\/\/www.gesoltec.com\/index.php\/producto\/elemnt-roam\/","title":{"rendered":"Elemnt roam"},"content":{"rendered":"\t\t<div data-elementor-type=\"wp-post\" data-elementor-id=\"1288\" class=\"elementor elementor-1288\">\n\t\t\t\t\t\t\t\t\t<section class=\"elementor-section elementor-top-section elementor-element elementor-element-9e37d44 elementor-section-boxed elementor-section-height-default elementor-section-height-default\" data-id=\"9e37d44\" data-element_type=\"section\">\n\t\t\t\t\t\t<div class=\"elementor-container elementor-column-gap-default\">\n\t\t\t\t\t<div class=\"elementor-column elementor-col-100 elementor-top-column elementor-element elementor-element-e6d1617\" data-id=\"e6d1617\" data-element_type=\"column\">\n\t\t\t<div class=\"elementor-widget-wrap elementor-element-populated\">\n\t\t\t\t\t\t\t\t<div class=\"elementor-element elementor-element-4f35d41 elementor-invisible elementor-widget elementor-widget-text-editor\" data-id=\"4f35d41\" data-element_type=\"widget\" data-settings=\"{&quot;_animation&quot;:&quot;rotateInUpRight&quot;,&quot;_animation_delay&quot;:7}\" data-widget_type=\"text-editor.default\">\n\t\t\t\t<div class=\"elementor-widget-container\">\n\t\t\t<style>\/*! elementor - v3.13.2 - 11-05-2023 *\/\n.elementor-widget-text-editor.elementor-drop-cap-view-stacked .elementor-drop-cap{background-color:#69727d;color:#fff}.elementor-widget-text-editor.elementor-drop-cap-view-framed .elementor-drop-cap{color:#69727d;border:3px solid;background-color:transparent}.elementor-widget-text-editor:not(.elementor-drop-cap-view-default) .elementor-drop-cap{margin-top:8px}.elementor-widget-text-editor:not(.elementor-drop-cap-view-default) .elementor-drop-cap-letter{width:1em;height:1em}.elementor-widget-text-editor .elementor-drop-cap{float:left;text-align:center;line-height:1;font-size:50px}.elementor-widget-text-editor .elementor-drop-cap-letter{display:inline-block}<\/style>\t\t\t\t<h1 style=\"text-align: center;\"><span style=\"color: #22821d;\"><strong>Elemnt Roam<\/strong><\/span><\/h1>\t\t\t\t\t\t<\/div>\n\t\t\t\t<\/div>\n\t\t\t\t\t<\/div>\n\t\t<\/div>\n\t\t\t\t\t\t\t<\/div>\n\t\t<\/section>\n\t\t\t\t<section class=\"elementor-section elementor-top-section elementor-element elementor-element-750379a elementor-section-boxed elementor-section-height-default elementor-section-height-default\" data-id=\"750379a\" data-element_type=\"section\">\n\t\t\t\t\t\t<div class=\"elementor-container elementor-column-gap-default\">\n\t\t\t\t\t<div class=\"elementor-column elementor-col-100 elementor-top-column elementor-element elementor-element-2c13c13\" data-id=\"2c13c13\" data-element_type=\"column\">\n\t\t\t<div class=\"elementor-widget-wrap elementor-element-populated\">\n\t\t\t\t\t\t\t\t<div class=\"elementor-element elementor-element-5768062 elementor-invisible elementor-widget elementor-widget-text-editor\" data-id=\"5768062\" data-element_type=\"widget\" data-settings=\"{&quot;_animation&quot;:&quot;bounceInLeft&quot;,&quot;_animation_delay&quot;:5}\" data-widget_type=\"text-editor.default\">\n\t\t\t\t<div class=\"elementor-widget-container\">\n\t\t\t\t\t\t\t<p><strong>Ordenador para bicicleta elemnt roam con gps<\/strong><\/p><p>Ordenador para bicicleta <strong>Elemnt Roam con Gps<\/strong>, creado para hacer recorridos. <\/p><p>Sus caracter\u00edsticas de navegaci\u00f3n inteligente facilitan la navegaci\u00f3n desde el dispositivo, que incluye la funci\u00f3n <strong>\u201crecuperar el rumbo\u201d<\/strong>, que vuelve a trazar la ruta para que llegue a su destino incluso si te desv\u00eda. <\/p><p>El <strong>Element Roam<\/strong> es el primer ordenador para bicicleta <strong>Wahoo<\/strong> que incluye una pantalla a color. <\/p><p>Cuando se combina con la cristalina pantalla <strong>Gorilla Glass\u00a9<\/strong> de 2,7\u201d, ver sus datos y sus rutas es m\u00e1s sencillo y as\u00ed puede concentrarse en su recorrido. <\/p><p>El <strong>Elemnt Roam<\/strong> tambi\u00e9n incluye un sensor de luz ambiente, y de esta forma los indicadores led y la luz de fondo de la pantalla se ajustar\u00e1n autom\u00e1ticamente en funci\u00f3n de las condiciones de iluminaci\u00f3n en interiores y en exteriores. <\/p><p>Gracias a la mayor vida \u00fatil de la bater\u00eda, puede explorar durante hasta 17 horas antes de que necesite volver a cargarla. <\/p><p>Gracias al <strong>ordenador para bicicleta Elemnt Roam<\/strong> <strong>con Gps<\/strong> explorar es sencillo, tanto si necesita indicaciones paso a paso como si solamente quiere encontrar el camino m\u00e1s r\u00e1pido para volver a casa. <\/p><p>Sus caracter\u00edsticas de navegaci\u00f3n en el dispositivo y las potentes integraciones est\u00e1n dise\u00f1adas para que pueda ir de un lado a otro con toda confianza.<\/p><p>Especificaciones t\u00e8cnicas :<\/p><p>Pieza n.\u00ba: WFCC4<\/p><p>Dimensiones f\u00edsicas (L x An x Al): 88,9 mm x 58,4 mm x 17,8 mm<\/p><p>Tama\u00f1o de la pantalla : 2,7\u201d (68,58 mm)<\/p><p>Resoluci\u00f3n de pantalla : 240 x 400<\/p><p>Peso : 94 g (3.3 oz)<\/p><p>Bater\u00eda : usb recargable<\/p><p>Vida \u00fatil de la bater\u00eda : 17 horas<\/p><p>Clasificaci\u00f3n impermeable : IPX7 (sumergible hasta 1,5 m [5 pies])<\/p><p>Sat\u00e9lites compatibles : Gps, Glonass, Beidou Galileo y Qzss<\/p><p>Temperatura de funcionamiento : -20 \u00b0C a <br \/><br \/>Garant\u00eda limitada de 2 a\u00f1os<\/p><p>Sencilla configuraci\u00f3n y navegaci\u00f3n en el dispositivo con pantalla a color<\/p><p><strong>Ordenador para bicicleta Elemnt Roam con Gps<\/strong>, creado para hacer recorridos.<\/p><p><strong>El Elemnt Roam<\/strong> incluye un sensor de luz ambiente, y de esta forma los indicadores led y la luz de fondo de la pantalla se ajustar\u00e1n autom\u00e1ticamente en funci\u00f3n de las condiciones de iluminaci\u00f3n en interiores y en exteriores.<\/p><p>Gracias a la mayor vida \u00fatil de la bater\u00eda, puede explorar durante hasta 17 horas antes de que necesite volver a cargarla.<\/p><p>Explorar es sencillo, tanto si necesita indicaciones paso a paso como si solamente quiere encontrar el camino m\u00e1s r\u00e1pido para volver a casa.<\/p><p>Sus caracter\u00edsticas de navegaci\u00f3n en el dispositivo y las potentes integraciones est\u00e1n dise\u00f1adas para que pueda ir de un lado a otro con confianza.<\/p><p><strong>Caracter\u00ecsticas generales :<\/strong> <\/p><p>Notificaciones inteligentes<\/p><p>Configuraci\u00f2n de la aplicaci\u00f2n asociada elemnt<\/p><p>Conexi\u00f2n inal\u00e0mbrica<\/p><p>Tecnolog\u00eca de doble banda ant+ y bluetooth<\/p><p>Funciones gps<\/p><p>Instrucciones de navegaci\u00f2n paso a paso en el dispositivo<\/p><p>Incluye mapas globales<\/p><p>Descargas de rutas y cargas de entrenamientos inal\u00e0mbricas y autom\u00e0ticas<\/p><p>Sincronizaci\u00f2n de rutas por bluetooth<\/p><p>Ll\u00e8vame a : generaci\u00f2n de rutas a petici\u00f2n<\/p><p>Desandar la ruta : senderos de migas de pan<\/p><p>Ubicaciones guardadas<\/p><p>Primeros pasos : ruta al punto inicial<\/p><p>Recuperar el rumbo : reelaboraci\u00f2n de ruta a petici\u00f2n<\/p><p>Ruta al comienzo : ruta m\u00e0s corta<\/p><p>Soporte delantero integrado<\/p><p>Tornillo de bloqueo del soporte integrado<\/p><p>Lentes gorilla@ glass<\/p><p>Sensor de luz ambiente<\/p><p>Pantalla diagonal a color de 2.7 Pulgadas<\/p><p>Pantalla totalmente personalizable<\/p><p>Botones de f\u00e0cil uso<\/p><p>Incluye diversas opciones de montaje<\/p><p>Bater\u00eca recargable usb<\/p><p>Indicadores led quick look personalizables<\/p><p>Botones zoom perfect view<\/p><p>Portal live track<\/p><p>Integraci\u00f2n con radar ant+<\/p><p>Integraci\u00f2n con sensores specialized angi<\/p><p>Integraci\u00f2n con la bicicleta el\u00e8ctrica ant+lev<\/p><p>Control de rodillo inteligente kickr<\/p><p>Control ant+fe c<\/p><p>Ejercicios planificados del dispositivo<\/p><p>Integraci\u00f2n de software : strava, best bike split, komoot, ride con gps y relive<\/p><p>Integraci\u00f2n de hardware : cambios de marcha electr\u00f2nicos, sensores de ox\u00ecgeno en m\u00f9sculo y monitores de pedaleo<\/p><p>Integraciones con rutas para bicicleta de monta\u00f1a<\/p>\t\t\t\t\t\t<\/div>\n\t\t\t\t<\/div>\n\t\t\t\t\t<\/div>\n\t\t<\/div>\n\t\t\t\t\t\t\t<\/div>\n\t\t<\/section>\n\t\t\t\t<section class=\"elementor-section elementor-top-section elementor-element elementor-element-2a731ec elementor-section-boxed elementor-section-height-default elementor-section-height-default\" data-id=\"2a731ec\" data-element_type=\"section\">\n\t\t\t\t\t\t<div class=\"elementor-container elementor-column-gap-default\">\n\t\t\t\t\t<div class=\"elementor-column elementor-col-33 elementor-top-column elementor-element elementor-element-7a3ad17\" data-id=\"7a3ad17\" data-element_type=\"column\">\n\t\t\t<div class=\"elementor-widget-wrap elementor-element-populated\">\n\t\t\t\t\t\t\t\t<div class=\"elementor-element elementor-element-aa4155f elementor-invisible elementor-widget elementor-widget-image\" data-id=\"aa4155f\" data-element_type=\"widget\" data-settings=\"{&quot;_animation&quot;:&quot;fadeInDown&quot;,&quot;_animation_delay&quot;:6}\" data-widget_type=\"image.default\">\n\t\t\t\t<div class=\"elementor-widget-container\">\n\t\t\t<style>\/*! elementor - v3.13.2 - 11-05-2023 *\/\n.elementor-widget-image{text-align:center}.elementor-widget-image a{display:inline-block}.elementor-widget-image a img[src$=\".svg\"]{width:48px}.elementor-widget-image img{vertical-align:middle;display:inline-block}<\/style>\t\t\t\t\t\t\t\t\t\t\t\t<img decoding=\"async\" src=\"https:\/\/www.gesoltec.com\/wp-content\/uploads\/elementor\/thumbs\/element-roam-1-gesolbike-pifjhyj5tr3ymo8m0inm6cq72js3p2zq5q34yaq73w.jpg\" title=\"element roam 1 gesolbike\" alt=\"element roam 1 gesolbike\" loading=\"lazy\" \/>\t\t\t\t\t\t\t\t\t\t\t\t\t\t\t<\/div>\n\t\t\t\t<\/div>\n\t\t\t\t\t<\/div>\n\t\t<\/div>\n\t\t\t\t<div class=\"elementor-column elementor-col-33 elementor-top-column elementor-element elementor-element-25549ee\" data-id=\"25549ee\" data-element_type=\"column\">\n\t\t\t<div class=\"elementor-widget-wrap elementor-element-populated\">\n\t\t\t\t\t\t\t\t<div class=\"elementor-element elementor-element-6f78fa9 elementor-invisible elementor-widget elementor-widget-image\" data-id=\"6f78fa9\" data-element_type=\"widget\" data-settings=\"{&quot;_animation&quot;:&quot;fadeInDown&quot;,&quot;_animation_delay&quot;:6}\" data-widget_type=\"image.default\">\n\t\t\t\t<div class=\"elementor-widget-container\">\n\t\t\t\t\t\t\t\t\t\t\t\t\t\t\t<img decoding=\"async\" src=\"https:\/\/www.gesoltec.com\/wp-content\/uploads\/elementor\/thumbs\/element-roam-2-gesolbike-pifjxxse0czg0110pfbakbkamd0qjufgctcann19bw.jpg\" title=\"element roam 2 gesolbike\" alt=\"element roam 2 gesolbike\" loading=\"lazy\" \/>\t\t\t\t\t\t\t\t\t\t\t\t\t\t\t<\/div>\n\t\t\t\t<\/div>\n\t\t\t\t\t<\/div>\n\t\t<\/div>\n\t\t\t\t<div class=\"elementor-column elementor-col-33 elementor-top-column elementor-element elementor-element-078352b\" data-id=\"078352b\" data-element_type=\"column\">\n\t\t\t<div class=\"elementor-widget-wrap elementor-element-populated\">\n\t\t\t\t\t\t\t\t<div class=\"elementor-element elementor-element-5fb8fe0 elementor-invisible elementor-widget elementor-widget-image\" data-id=\"5fb8fe0\" data-element_type=\"widget\" data-settings=\"{&quot;_animation&quot;:&quot;fadeInDown&quot;,&quot;_animation_delay&quot;:6}\" data-widget_type=\"image.default\">\n\t\t\t\t<div class=\"elementor-widget-container\">\n\t\t\t\t\t\t\t\t\t\t\t\t\t\t\t<img decoding=\"async\" src=\"https:\/\/www.gesoltec.com\/wp-content\/uploads\/elementor\/thumbs\/element-roam-gesolbike-pifjy1jqrp4lagvk3gxsuam4zwi7emudpby8kqvon0.jpg\" title=\"element roam gesolbike\" alt=\"element roam gesolbike\" loading=\"lazy\" \/>\t\t\t\t\t\t\t\t\t\t\t\t\t\t\t<\/div>\n\t\t\t\t<\/div>\n\t\t\t\t\t<\/div>\n\t\t<\/div>\n\t\t\t\t\t\t\t<\/div>\n\t\t<\/section>\n\t\t\t\t\t\t\t<\/div>\n\t\t","protected":false},"excerpt":{"rendered":"<p>Ordenador para bicicleta <strong>Elemnt Roam con Gps<\/strong>, creado para hacer recorridos.<\/p>\n<p>Sus caracter\u00edsticas de navegaci\u00f3n inteligente facilitan la navegaci\u00f3n desde el dispositivo, que incluye la funci\u00f3n <strong>\u201crecuperar el rumbo\u201d<\/strong>, que vuelve a trazar la ruta para que llegue a su destino incluso si te desv\u00eda.<\/p>\n","protected":false},"featured_media":1289,"comment_status":"open","ping_status":"closed","template":"","meta":{"_joinchat":[]},"pwb-brand":[39,41],"product_cat":[60],"product_tag":[73,74,108,109,75],"class_list":["post-1288","product","type-product","status-publish","has-post-thumbnail","hentry","pwb-brand-gesolbike","pwb-brand-wahoo","product_cat-gps","product_tag-bogota","product_tag-colombia","product_tag-elemnt-roam","product_tag-ordenador-para-bicicleta-elemnt-roam-con-gps","product_tag-sur-america"],"brands":[{"id":39,"name":"Gesolbike","slug":"gesolbike"},{"id":41,"name":"Wahoo","slug":"wahoo"}],"_links":{"self":[{"href":"https:\/\/www.gesoltec.com\/index.php\/wp-json\/wp\/v2\/product\/1288","targetHints":{"allow":["GET"]}}],"collection":[{"href":"https:\/\/www.gesoltec.com\/index.php\/wp-json\/wp\/v2\/product"}],"about":[{"href":"https:\/\/www.gesoltec.com\/index.php\/wp-json\/wp\/v2\/types\/product"}],"replies":[{"embeddable":true,"href":"https:\/\/www.gesoltec.com\/index.php\/wp-json\/wp\/v2\/comments?post=1288"}],"version-history":[{"count":2,"href":"https:\/\/www.gesoltec.com\/index.php\/wp-json\/wp\/v2\/product\/1288\/revisions"}],"predecessor-version":[{"id":1316,"href":"https:\/\/www.gesoltec.com\/index.php\/wp-json\/wp\/v2\/product\/1288\/revisions\/1316"}],"wp:featuredmedia":[{"embeddable":true,"href":"https:\/\/www.gesoltec.com\/index.php\/wp-json\/wp\/v2\/media\/1289"}],"wp:attachment":[{"href":"https:\/\/www.gesoltec.com\/index.php\/wp-json\/wp\/v2\/media?parent=1288"}],"wp:term":[{"taxonomy":"pwb-brand","embeddable":true,"href":"https:\/\/www.gesoltec.com\/index.php\/wp-json\/wp\/v2\/pwb-brand?post=1288"},{"taxonomy":"product_cat","embeddable":true,"href":"https:\/\/www.gesoltec.com\/index.php\/wp-json\/wp\/v2\/product_cat?post=1288"},{"taxonomy":"product_tag","embeddable":true,"href":"https:\/\/www.gesoltec.com\/index.php\/wp-json\/wp\/v2\/product_tag?post=1288"}],"curies":[{"name":"wp","href":"https:\/\/api.w.org\/{rel}","templated":true}]}}