{"id":1203,"date":"2021-12-31T13:22:21","date_gmt":"2021-12-31T18:22:21","guid":{"rendered":"https:\/\/www.gesoltec.com\/?post_type=product&#038;p=1203"},"modified":"2025-08-12T12:03:27","modified_gmt":"2025-08-12T17:03:27","slug":"sidi-genius-10","status":"publish","type":"product","link":"https:\/\/www.gesoltec.com\/index.php\/producto\/sidi-genius-10\/","title":{"rendered":"Sidi Genius 10"},"content":{"rendered":"\t\t<div data-elementor-type=\"wp-post\" data-elementor-id=\"1203\" class=\"elementor elementor-1203\">\n\t\t\t\t\t\t\t\t\t<section class=\"elementor-section elementor-top-section elementor-element elementor-element-9ba68e8 elementor-section-boxed elementor-section-height-default elementor-section-height-default\" data-id=\"9ba68e8\" data-element_type=\"section\">\n\t\t\t\t\t\t<div class=\"elementor-container elementor-column-gap-default\">\n\t\t\t\t\t<div class=\"elementor-column elementor-col-100 elementor-top-column elementor-element elementor-element-a977c4c\" data-id=\"a977c4c\" data-element_type=\"column\">\n\t\t\t<div class=\"elementor-widget-wrap elementor-element-populated\">\n\t\t\t\t\t\t\t\t<div class=\"elementor-element elementor-element-fe79926 elementor-invisible elementor-widget elementor-widget-text-editor\" data-id=\"fe79926\" data-element_type=\"widget\" data-settings=\"{&quot;_animation&quot;:&quot;fadeInLeft&quot;,&quot;_animation_delay&quot;:6}\" data-widget_type=\"text-editor.default\">\n\t\t\t\t<div class=\"elementor-widget-container\">\n\t\t\t<style>\/*! elementor - v3.13.2 - 11-05-2023 *\/\n.elementor-widget-text-editor.elementor-drop-cap-view-stacked .elementor-drop-cap{background-color:#69727d;color:#fff}.elementor-widget-text-editor.elementor-drop-cap-view-framed .elementor-drop-cap{color:#69727d;border:3px solid;background-color:transparent}.elementor-widget-text-editor:not(.elementor-drop-cap-view-default) .elementor-drop-cap{margin-top:8px}.elementor-widget-text-editor:not(.elementor-drop-cap-view-default) .elementor-drop-cap-letter{width:1em;height:1em}.elementor-widget-text-editor .elementor-drop-cap{float:left;text-align:center;line-height:1;font-size:50px}.elementor-widget-text-editor .elementor-drop-cap-letter{display:inline-block}<\/style>\t\t\t\t<h1 style=\"text-align: center;\"><span style=\"color: #29803a;\"><strong>Sidi Genius 10<\/strong><\/span><\/h1>\t\t\t\t\t\t<\/div>\n\t\t\t\t<\/div>\n\t\t\t\t\t<\/div>\n\t\t<\/div>\n\t\t\t\t\t\t\t<\/div>\n\t\t<\/section>\n\t\t\t\t<section class=\"elementor-section elementor-top-section elementor-element elementor-element-2c57858 elementor-section-boxed elementor-section-height-default elementor-section-height-default\" data-id=\"2c57858\" data-element_type=\"section\">\n\t\t\t\t\t\t<div class=\"elementor-container elementor-column-gap-default\">\n\t\t\t\t\t<div class=\"elementor-column elementor-col-100 elementor-top-column elementor-element elementor-element-c870946\" data-id=\"c870946\" data-element_type=\"column\">\n\t\t\t<div class=\"elementor-widget-wrap elementor-element-populated\">\n\t\t\t\t\t\t\t\t<div class=\"elementor-element elementor-element-92f4aa9 elementor-invisible elementor-widget elementor-widget-text-editor\" data-id=\"92f4aa9\" data-element_type=\"widget\" data-settings=\"{&quot;_animation&quot;:&quot;slideInLeft&quot;,&quot;_animation_delay&quot;:6}\" data-widget_type=\"text-editor.default\">\n\t\t\t\t<div class=\"elementor-widget-container\">\n\t\t\t\t\t\t\t<p>El <strong>Soft Instep Closure System<\/strong> es una correa ancha y anat\u00f3micamente curvada combinada con una almohadilla de eva suave y termoformada que distribuye la presi\u00f3n de manera uniforme sobre la zona del empeine.<\/p><p>El <strong>Soft Instep Closure System<\/strong> es ajustable desde ambos lados, para centrar perfectamente la almohadilla de eva sobre un empeine alto o bajo.<\/p><p>El sistema elimina la necesidad del extensor de empeine alto.<\/p><p>El <strong>Soft Instep Closure System<\/strong> es reemplazable.<\/p><p>El <strong>Sistema Techno 3 de Sidi<\/strong> marca el ajuste a lo largo de toda la longitud del zapato, adaptando la parte superior a la forma del pie para un ajuste personalizado.<\/p><p>Los famosos cierres reemplazables y confiables de <strong>Sidi<\/strong> se mejoran con un material de alambre patentado por <strong>Sidi<\/strong> completamente nuevo que es completamente no vinculante para ajustes intuitivos y sin esfuerzo sobre la marcha.<\/p><p>Como la mayor\u00eda de las piezas peque\u00f1as de <strong>Sidi<\/strong>, el sistema <strong>Techno 3<\/strong> es reparable y reemplazable.<\/p><p>El tac\u00f2n de copa est\u00e1 integrado, con nuevo dise\u00f1o y ligereza, reforzada para evitar deformaciones tras prolongados esfuerzos y presiones.<\/p><p>De forma anat\u00f3mica, estabiliza el pie al pedalear.<\/p><p>Las inserciones reflejas en el tal\u00f3n brindan mayor seguridad al atleta en la carretera, ayudando a se\u00f1alar la presencia del ciclista en condiciones de poca visibilidad.<\/p><p>Para la transitabilidad, las zapatillas de ciclismo <strong>Sidi<\/strong> incluyen una almohadilla de tal\u00f3n de poliuretano reemplazable.<\/p><p>La suela<strong> carb\u00f2n composite 20<\/strong> es de nailon y fibra de carbono inyectada.<\/p><p>El nailon mantiene inalteradas las caracter\u00edsticas t\u00e9cnicas con el paso del tiempo.<\/p><p>El resultado es una suela ligera y r\u00edgida.<\/p><p>La parte central de la suela est\u00e1 graduada, con escala milim\u00e9trica, para facilitar la correcta fijaci\u00f3n de los tacos.<\/p><p>Equipado con tac\u00f3n de poliuretano reemplazable.<\/p>\t\t\t\t\t\t<\/div>\n\t\t\t\t<\/div>\n\t\t\t\t\t<\/div>\n\t\t<\/div>\n\t\t\t\t\t\t\t<\/div>\n\t\t<\/section>\n\t\t\t\t<section class=\"elementor-section elementor-top-section elementor-element elementor-element-1b4eef8 elementor-section-boxed elementor-section-height-default elementor-section-height-default\" data-id=\"1b4eef8\" data-element_type=\"section\">\n\t\t\t\t\t\t<div class=\"elementor-container elementor-column-gap-default\">\n\t\t\t\t\t<div class=\"elementor-column elementor-col-25 elementor-top-column elementor-element elementor-element-de41e6b\" data-id=\"de41e6b\" data-element_type=\"column\">\n\t\t\t<div class=\"elementor-widget-wrap elementor-element-populated\">\n\t\t\t\t\t\t\t\t<div class=\"elementor-element elementor-element-bd5b7e0 elementor-invisible elementor-widget elementor-widget-image\" data-id=\"bd5b7e0\" data-element_type=\"widget\" data-settings=\"{&quot;_animation&quot;:&quot;fadeInDown&quot;,&quot;_animation_delay&quot;:4}\" data-widget_type=\"image.default\">\n\t\t\t\t<div class=\"elementor-widget-container\">\n\t\t\t<style>\/*! elementor - v3.13.2 - 11-05-2023 *\/\n.elementor-widget-image{text-align:center}.elementor-widget-image a{display:inline-block}.elementor-widget-image a img[src$=\".svg\"]{width:48px}.elementor-widget-image img{vertical-align:middle;display:inline-block}<\/style>\t\t\t\t\t\t\t\t\t\t\t\t<img loading=\"lazy\" decoding=\"async\" width=\"640\" height=\"460\" src=\"https:\/\/www.gesoltec.com\/wp-content\/uploads\/2021\/12\/sidi-genious-10-gesolbike.jpg\" class=\"attachment-large size-large wp-image-1207\" alt=\"sidi genious 10 gesolbike\" srcset=\"https:\/\/www.gesoltec.com\/wp-content\/uploads\/2021\/12\/sidi-genious-10-gesolbike.jpg 675w, https:\/\/www.gesoltec.com\/wp-content\/uploads\/2021\/12\/sidi-genious-10-gesolbike-300x216.jpg 300w\" sizes=\"auto, (max-width: 640px) 100vw, 640px\" \/>\t\t\t\t\t\t\t\t\t\t\t\t\t\t\t<\/div>\n\t\t\t\t<\/div>\n\t\t\t\t\t<\/div>\n\t\t<\/div>\n\t\t\t\t<div class=\"elementor-column elementor-col-25 elementor-top-column elementor-element elementor-element-174197a\" data-id=\"174197a\" data-element_type=\"column\">\n\t\t\t<div class=\"elementor-widget-wrap elementor-element-populated\">\n\t\t\t\t\t\t\t\t<div class=\"elementor-element elementor-element-c283cb2 elementor-invisible elementor-widget elementor-widget-image\" data-id=\"c283cb2\" data-element_type=\"widget\" data-settings=\"{&quot;_animation&quot;:&quot;zoomInDown&quot;,&quot;_animation_delay&quot;:4}\" data-widget_type=\"image.default\">\n\t\t\t\t<div class=\"elementor-widget-container\">\n\t\t\t\t\t\t\t\t\t\t\t\t\t\t\t<img loading=\"lazy\" decoding=\"async\" width=\"601\" height=\"337\" src=\"https:\/\/www.gesoltec.com\/wp-content\/uploads\/2021\/12\/sidi-genious-10-gesolbike-1.jpg\" class=\"attachment-large size-large wp-image-1217\" alt=\"sidi genious 10 gesolbike 1\" srcset=\"https:\/\/www.gesoltec.com\/wp-content\/uploads\/2021\/12\/sidi-genious-10-gesolbike-1.jpg 601w, https:\/\/www.gesoltec.com\/wp-content\/uploads\/2021\/12\/sidi-genious-10-gesolbike-1-300x168.jpg 300w\" sizes=\"auto, (max-width: 601px) 100vw, 601px\" \/>\t\t\t\t\t\t\t\t\t\t\t\t\t\t\t<\/div>\n\t\t\t\t<\/div>\n\t\t\t\t\t<\/div>\n\t\t<\/div>\n\t\t\t\t<div class=\"elementor-column elementor-col-25 elementor-top-column elementor-element elementor-element-90ec86b\" data-id=\"90ec86b\" data-element_type=\"column\">\n\t\t\t<div class=\"elementor-widget-wrap elementor-element-populated\">\n\t\t\t\t\t\t\t\t<div class=\"elementor-element elementor-element-b1f5a00 elementor-invisible elementor-widget elementor-widget-image\" data-id=\"b1f5a00\" data-element_type=\"widget\" data-settings=\"{&quot;_animation&quot;:&quot;rotateIn&quot;,&quot;_animation_delay&quot;:4}\" data-widget_type=\"image.default\">\n\t\t\t\t<div class=\"elementor-widget-container\">\n\t\t\t\t\t\t\t\t\t\t\t\t\t\t\t<img loading=\"lazy\" decoding=\"async\" width=\"592\" height=\"376\" src=\"https:\/\/www.gesoltec.com\/wp-content\/uploads\/2021\/12\/sidi-genious-10-gesolbike-2.jpg\" class=\"attachment-large size-large wp-image-1218\" alt=\"sidi genious 10 gesolbike 2\" srcset=\"https:\/\/www.gesoltec.com\/wp-content\/uploads\/2021\/12\/sidi-genious-10-gesolbike-2.jpg 592w, https:\/\/www.gesoltec.com\/wp-content\/uploads\/2021\/12\/sidi-genious-10-gesolbike-2-300x191.jpg 300w\" sizes=\"auto, (max-width: 592px) 100vw, 592px\" \/>\t\t\t\t\t\t\t\t\t\t\t\t\t\t\t<\/div>\n\t\t\t\t<\/div>\n\t\t\t\t\t<\/div>\n\t\t<\/div>\n\t\t\t\t<div class=\"elementor-column elementor-col-25 elementor-top-column elementor-element elementor-element-a32bd44\" data-id=\"a32bd44\" data-element_type=\"column\">\n\t\t\t<div class=\"elementor-widget-wrap elementor-element-populated\">\n\t\t\t\t\t\t\t\t<div class=\"elementor-element elementor-element-c030bfb elementor-invisible elementor-widget elementor-widget-image\" data-id=\"c030bfb\" data-element_type=\"widget\" data-settings=\"{&quot;_animation&quot;:&quot;rotateInUpRight&quot;,&quot;_animation_delay&quot;:6}\" data-widget_type=\"image.default\">\n\t\t\t\t<div class=\"elementor-widget-container\">\n\t\t\t\t\t\t\t\t\t\t\t\t\t\t\t<img loading=\"lazy\" decoding=\"async\" width=\"457\" height=\"350\" src=\"https:\/\/www.gesoltec.com\/wp-content\/uploads\/2021\/12\/sidi-genious-10-gesolbike-3.jpg\" class=\"attachment-large size-large wp-image-1219\" alt=\"sidi genious 10 gesolbike 3\" srcset=\"https:\/\/www.gesoltec.com\/wp-content\/uploads\/2021\/12\/sidi-genious-10-gesolbike-3.jpg 457w, https:\/\/www.gesoltec.com\/wp-content\/uploads\/2021\/12\/sidi-genious-10-gesolbike-3-300x230.jpg 300w\" sizes=\"auto, (max-width: 457px) 100vw, 457px\" \/>\t\t\t\t\t\t\t\t\t\t\t\t\t\t\t<\/div>\n\t\t\t\t<\/div>\n\t\t\t\t\t<\/div>\n\t\t<\/div>\n\t\t\t\t\t\t\t<\/div>\n\t\t<\/section>\n\t\t\t\t\t\t\t<\/div>\n\t\t","protected":false},"excerpt":{"rendered":"<p>El <strong>Soft Instep Closure System<\/strong> es una correa ancha y anat\u00f3micamente curvada combinada con una almohadilla de eva suave y termoformada que distribuye la presi\u00f3n de manera uniforme sobre la zona del empeine.<\/p>\n","protected":false},"featured_media":1207,"comment_status":"open","ping_status":"closed","template":"","meta":{"_joinchat":[]},"pwb-brand":[39,36],"product_cat":[61],"product_tag":[103,73,74,102,75],"class_list":["post-1203","product","type-product","status-publish","has-post-thumbnail","hentry","pwb-brand-gesolbike","pwb-brand-sidi","product_cat-zapatillas","product_tag-ajuste-a-lo-largo-de-toda-la-longitud-del-zapato","product_tag-bogota","product_tag-colombia","product_tag-sidi-genius-10","product_tag-sur-america"],"brands":[{"id":39,"name":"Gesolbike","slug":"gesolbike"},{"id":36,"name":"Sidi","slug":"sidi"}],"_links":{"self":[{"href":"https:\/\/www.gesoltec.com\/index.php\/wp-json\/wp\/v2\/product\/1203","targetHints":{"allow":["GET"]}}],"collection":[{"href":"https:\/\/www.gesoltec.com\/index.php\/wp-json\/wp\/v2\/product"}],"about":[{"href":"https:\/\/www.gesoltec.com\/index.php\/wp-json\/wp\/v2\/types\/product"}],"replies":[{"embeddable":true,"href":"https:\/\/www.gesoltec.com\/index.php\/wp-json\/wp\/v2\/comments?post=1203"}],"version-history":[{"count":2,"href":"https:\/\/www.gesoltec.com\/index.php\/wp-json\/wp\/v2\/product\/1203\/revisions"}],"predecessor-version":[{"id":1226,"href":"https:\/\/www.gesoltec.com\/index.php\/wp-json\/wp\/v2\/product\/1203\/revisions\/1226"}],"wp:featuredmedia":[{"embeddable":true,"href":"https:\/\/www.gesoltec.com\/index.php\/wp-json\/wp\/v2\/media\/1207"}],"wp:attachment":[{"href":"https:\/\/www.gesoltec.com\/index.php\/wp-json\/wp\/v2\/media?parent=1203"}],"wp:term":[{"taxonomy":"pwb-brand","embeddable":true,"href":"https:\/\/www.gesoltec.com\/index.php\/wp-json\/wp\/v2\/pwb-brand?post=1203"},{"taxonomy":"product_cat","embeddable":true,"href":"https:\/\/www.gesoltec.com\/index.php\/wp-json\/wp\/v2\/product_cat?post=1203"},{"taxonomy":"product_tag","embeddable":true,"href":"https:\/\/www.gesoltec.com\/index.php\/wp-json\/wp\/v2\/product_tag?post=1203"}],"curies":[{"name":"wp","href":"https:\/\/api.w.org\/{rel}","templated":true}]}}