{"id":1180,"date":"2021-12-29T19:01:15","date_gmt":"2021-12-30T00:01:15","guid":{"rendered":"https:\/\/www.gesoltec.com\/?post_type=product&#038;p=1180"},"modified":"2023-05-18T15:22:59","modified_gmt":"2023-05-18T20:22:59","slug":"casco-ventral-air","status":"publish","type":"product","link":"https:\/\/www.gesoltec.com\/index.php\/producto\/casco-ventral-air\/","title":{"rendered":"Casco Ventral Air"},"content":{"rendered":"\t\t<div data-elementor-type=\"wp-post\" data-elementor-id=\"1180\" class=\"elementor elementor-1180\">\n\t\t\t\t\t\t\t\t\t<section class=\"elementor-section elementor-top-section elementor-element elementor-element-d264f13 elementor-section-boxed elementor-section-height-default elementor-section-height-default\" data-id=\"d264f13\" data-element_type=\"section\">\n\t\t\t\t\t\t<div class=\"elementor-container elementor-column-gap-default\">\n\t\t\t\t\t<div class=\"elementor-column elementor-col-100 elementor-top-column elementor-element elementor-element-debcdd4\" data-id=\"debcdd4\" data-element_type=\"column\">\n\t\t\t<div class=\"elementor-widget-wrap elementor-element-populated\">\n\t\t\t\t\t\t\t\t<div class=\"elementor-element elementor-element-4698d8d elementor-invisible elementor-widget elementor-widget-text-editor\" data-id=\"4698d8d\" data-element_type=\"widget\" data-settings=\"{&quot;_animation&quot;:&quot;rubberBand&quot;,&quot;_animation_delay&quot;:6}\" data-widget_type=\"text-editor.default\">\n\t\t\t\t<div class=\"elementor-widget-container\">\n\t\t\t<style>\/*! elementor - v3.13.2 - 11-05-2023 *\/\n.elementor-widget-text-editor.elementor-drop-cap-view-stacked .elementor-drop-cap{background-color:#69727d;color:#fff}.elementor-widget-text-editor.elementor-drop-cap-view-framed .elementor-drop-cap{color:#69727d;border:3px solid;background-color:transparent}.elementor-widget-text-editor:not(.elementor-drop-cap-view-default) .elementor-drop-cap{margin-top:8px}.elementor-widget-text-editor:not(.elementor-drop-cap-view-default) .elementor-drop-cap-letter{width:1em;height:1em}.elementor-widget-text-editor .elementor-drop-cap{float:left;text-align:center;line-height:1;font-size:50px}.elementor-widget-text-editor .elementor-drop-cap-letter{display:inline-block}<\/style>\t\t\t\t<h1 style=\"text-align: center;\"><span style=\"color: #248a46;\"><strong>Casco Ventral Air<\/strong><\/span><\/h1>\t\t\t\t\t\t<\/div>\n\t\t\t\t<\/div>\n\t\t\t\t\t<\/div>\n\t\t<\/div>\n\t\t\t\t\t\t\t<\/div>\n\t\t<\/section>\n\t\t\t\t<section class=\"elementor-section elementor-top-section elementor-element elementor-element-ec028f3 elementor-section-boxed elementor-section-height-default elementor-section-height-default\" data-id=\"ec028f3\" data-element_type=\"section\">\n\t\t\t\t\t\t<div class=\"elementor-container elementor-column-gap-default\">\n\t\t\t\t\t<div class=\"elementor-column elementor-col-100 elementor-top-column elementor-element elementor-element-6154c09\" data-id=\"6154c09\" data-element_type=\"column\">\n\t\t\t<div class=\"elementor-widget-wrap elementor-element-populated\">\n\t\t\t\t\t\t\t\t<div class=\"elementor-element elementor-element-f4e9786 elementor-invisible elementor-widget elementor-widget-text-editor\" data-id=\"f4e9786\" data-element_type=\"widget\" data-settings=\"{&quot;_animation&quot;:&quot;rotateIn&quot;,&quot;_animation_delay&quot;:9}\" data-widget_type=\"text-editor.default\">\n\t\t\t\t<div class=\"elementor-widget-container\">\n\t\t\t\t\t\t\t<p><strong>Ventral Air Spin<\/strong> asegura un efecto de enfriamiento supremo en toda la cabeza.<\/p><p>Casco estructuralmente optimizado con puertos de ventilaci\u00f3n precisos y canales internos para controlar la entrada y salida de aire tanto a alta como a baja velocidad.<\/p><p>Cuenta con el sistema de almohadilla de silicona pendiente de patente de <strong>Poc, Spin.<\/strong><\/p><p>Sistema de ajuste de tama\u00f1o ligero para un ajuste personalizado.<\/p><p><strong>Tecnolog\u00eda Spin (Shearing Pad Inside):<\/strong> nuestro sistema de tecnolog\u00eda de almohadilla de silicona pendiente de patente<\/p><p>Este casco de ciclismo de carretera de perfil bajo ofrece zonas de flujo de aire espec\u00edficas que mejoran la ventilaci\u00f3n, el enfriamiento y la aerodin\u00e1mica.<\/p><p>Sistema de ajuste de correa y tama\u00f1o de 360 \u200b\u200b\u00b0 para un ajuste m\u00e1s preciso y seguro<\/p><p>Construcci\u00f3n de carcasa unicuerpo completamente envuelta y un revestimiento de EPS, que ofrece un equilibrio ideal entre peso y seguridad<\/p><p>Un espacio para los ojos para guardar de forma f\u00e1cil y segura las gafas de ciclismo cuando no se utilizan.<\/p><p>Este casco de ciclismo de ruta de perfil bajo proporciona un efecto de enfriamiento supremo debido a los puertos de ventilaci\u00f3n precisos y los canales internos para controlar la entrada y liberaci\u00f3n de aire a velocidades bajas y altas, mientras que el borde de fuga aerodin\u00e1micamente optimizado reduce la turbulencia.<\/p><p>Ideal para largos paseos por la monta\u00f1a o d\u00edas m\u00e1s calurosos en la silla de montar<\/p><p>Es solo una de las caracter\u00edsticas de Poc que forman nuestro enfoque de dise\u00f1o de casco completo a Poc que siempre adoptamos al crear protecci\u00f3n para la cabeza.<\/p><p>Ganador del codiciado <strong>Design and Innovation Award 2019<\/strong>, el excepcionalmente Ventral Air Spin trabaja para mejorar el perfil aerodin\u00e1mico de los ciclistas y minimizar la resistencia.<\/p><p><strong>Caracter\u00edsticas T\u00e9cnicas :<\/strong><\/p><p>Controlar la entrada y salida de aire a velocidades altas y bajas.<\/p><p>Refrigeraci\u00f3n y ventilaci\u00f3n extremas gracias a los puertos y al innovador dise\u00f1o de flujo de aire interno.<\/p><p>Dise\u00f1o \u00fanico optimizado con pruebas CFD para rendimiento aerodin\u00e1mico y m\u00ednima turbulencia de aire.<\/p><p>Cuenta con el sistema de almohadilla de silicona pendiente de patente de <strong>Poc, Spin (Shearing Pad Inside).<\/strong><\/p><p>Revestimiento EPS de alto rendimiento con densidad espec\u00edfica y optimizada para proporcionar el equilibrio ideal entre bajo peso y protecci\u00f3n contra choques.<\/p><p>Construcci\u00f3n de carcasa unibody completamente envuelta para aumentar la seguridad y la integridad del casco.<\/p><p>Sistema de ajuste de tama\u00f1o ligero para un ajuste personalizado.<\/p><p>Correas de precisi\u00f3n f\u00e1cilmente ajustables ancladas al forro del casco para mayor comodidad y seguridad.<\/p><p>Garaje para los ojos para mantener sus gafas de sol en posici\u00f3n segura cuando se colocan en el casco.<\/p><p>Utilizado por <strong>EF Education First Pro Cycling Team<\/strong>.<\/p><p>Viene en colores mate y brillante.<\/p><p><strong>Tama\u00f1os :<\/strong> peque\u00f1o (50-56), mediano (54-59), grande (56-61)<\/p><p><strong>Peso :<\/strong> 230 g Ce (talla M), 270 g en Cpsc y AS \/ NZS (talla M)<\/p>\t\t\t\t\t\t<\/div>\n\t\t\t\t<\/div>\n\t\t\t\t\t<\/div>\n\t\t<\/div>\n\t\t\t\t\t\t\t<\/div>\n\t\t<\/section>\n\t\t\t\t<section class=\"elementor-section elementor-top-section elementor-element elementor-element-1149fea elementor-section-boxed elementor-section-height-default elementor-section-height-default\" data-id=\"1149fea\" data-element_type=\"section\">\n\t\t\t\t\t\t<div class=\"elementor-container elementor-column-gap-default\">\n\t\t\t\t\t<div class=\"elementor-column elementor-col-33 elementor-top-column elementor-element elementor-element-6ae36f6\" data-id=\"6ae36f6\" data-element_type=\"column\">\n\t\t\t<div class=\"elementor-widget-wrap elementor-element-populated\">\n\t\t\t\t\t\t\t\t<div class=\"elementor-element elementor-element-10ef20b elementor-invisible elementor-widget elementor-widget-image\" data-id=\"10ef20b\" data-element_type=\"widget\" data-settings=\"{&quot;_animation&quot;:&quot;rotateInDownLeft&quot;,&quot;_animation_delay&quot;:3}\" data-widget_type=\"image.default\">\n\t\t\t\t<div class=\"elementor-widget-container\">\n\t\t\t<style>\/*! elementor - v3.13.2 - 11-05-2023 *\/\n.elementor-widget-image{text-align:center}.elementor-widget-image a{display:inline-block}.elementor-widget-image a img[src$=\".svg\"]{width:48px}.elementor-widget-image img{vertical-align:middle;display:inline-block}<\/style>\t\t\t\t\t\t\t\t\t\t\t\t<img loading=\"lazy\" decoding=\"async\" width=\"640\" height=\"640\" src=\"https:\/\/www.gesoltec.com\/wp-content\/uploads\/2021\/12\/Casco-Poc-Ventral-Air-Spin-gesolbike-1024x1024.png\" class=\"attachment-large size-large wp-image-1181\" alt=\"Casco Poc Ventral Air Spin gesolbike\" srcset=\"https:\/\/www.gesoltec.com\/wp-content\/uploads\/2021\/12\/Casco-Poc-Ventral-Air-Spin-gesolbike-1024x1024.png 1024w, https:\/\/www.gesoltec.com\/wp-content\/uploads\/2021\/12\/Casco-Poc-Ventral-Air-Spin-gesolbike-300x300.png 300w, https:\/\/www.gesoltec.com\/wp-content\/uploads\/2021\/12\/Casco-Poc-Ventral-Air-Spin-gesolbike-150x150.png 150w, https:\/\/www.gesoltec.com\/wp-content\/uploads\/2021\/12\/Casco-Poc-Ventral-Air-Spin-gesolbike-768x768.png 768w, https:\/\/www.gesoltec.com\/wp-content\/uploads\/2021\/12\/Casco-Poc-Ventral-Air-Spin-gesolbike-100x100.png 100w, https:\/\/www.gesoltec.com\/wp-content\/uploads\/2021\/12\/Casco-Poc-Ventral-Air-Spin-gesolbike.png 1200w\" sizes=\"auto, (max-width: 640px) 100vw, 640px\" \/>\t\t\t\t\t\t\t\t\t\t\t\t\t\t\t<\/div>\n\t\t\t\t<\/div>\n\t\t\t\t\t<\/div>\n\t\t<\/div>\n\t\t\t\t<div class=\"elementor-column elementor-col-33 elementor-top-column elementor-element elementor-element-b255b79\" data-id=\"b255b79\" data-element_type=\"column\">\n\t\t\t<div class=\"elementor-widget-wrap elementor-element-populated\">\n\t\t\t\t\t\t\t\t<div class=\"elementor-element elementor-element-8a184ac elementor-invisible elementor-widget elementor-widget-image\" data-id=\"8a184ac\" data-element_type=\"widget\" data-settings=\"{&quot;_animation&quot;:&quot;rotateInDownLeft&quot;,&quot;_animation_delay&quot;:3}\" data-widget_type=\"image.default\">\n\t\t\t\t<div class=\"elementor-widget-container\">\n\t\t\t\t\t\t\t\t\t\t\t\t\t\t\t<img loading=\"lazy\" decoding=\"async\" width=\"640\" height=\"640\" src=\"https:\/\/www.gesoltec.com\/wp-content\/uploads\/2021\/12\/Casco-Poc-Ventral-Air-Spin-1-gesolbike-1024x1024.png\" class=\"attachment-large size-large wp-image-1189\" alt=\"Casco Poc Ventral Air Spin 1 gesolbike\" srcset=\"https:\/\/www.gesoltec.com\/wp-content\/uploads\/2021\/12\/Casco-Poc-Ventral-Air-Spin-1-gesolbike-1024x1024.png 1024w, https:\/\/www.gesoltec.com\/wp-content\/uploads\/2021\/12\/Casco-Poc-Ventral-Air-Spin-1-gesolbike-300x300.png 300w, https:\/\/www.gesoltec.com\/wp-content\/uploads\/2021\/12\/Casco-Poc-Ventral-Air-Spin-1-gesolbike-150x150.png 150w, https:\/\/www.gesoltec.com\/wp-content\/uploads\/2021\/12\/Casco-Poc-Ventral-Air-Spin-1-gesolbike-768x768.png 768w, https:\/\/www.gesoltec.com\/wp-content\/uploads\/2021\/12\/Casco-Poc-Ventral-Air-Spin-1-gesolbike-100x100.png 100w, https:\/\/www.gesoltec.com\/wp-content\/uploads\/2021\/12\/Casco-Poc-Ventral-Air-Spin-1-gesolbike.png 1200w\" sizes=\"auto, (max-width: 640px) 100vw, 640px\" \/>\t\t\t\t\t\t\t\t\t\t\t\t\t\t\t<\/div>\n\t\t\t\t<\/div>\n\t\t\t\t\t<\/div>\n\t\t<\/div>\n\t\t\t\t<div class=\"elementor-column elementor-col-33 elementor-top-column elementor-element elementor-element-fddab24\" data-id=\"fddab24\" data-element_type=\"column\">\n\t\t\t<div class=\"elementor-widget-wrap elementor-element-populated\">\n\t\t\t\t\t\t\t\t<div class=\"elementor-element elementor-element-aacb4d6 elementor-invisible elementor-widget elementor-widget-image\" data-id=\"aacb4d6\" data-element_type=\"widget\" data-settings=\"{&quot;_animation&quot;:&quot;rotateInDownLeft&quot;,&quot;_animation_delay&quot;:3}\" data-widget_type=\"image.default\">\n\t\t\t\t<div class=\"elementor-widget-container\">\n\t\t\t\t\t\t\t\t\t\t\t\t\t\t\t<img loading=\"lazy\" decoding=\"async\" width=\"640\" height=\"640\" src=\"https:\/\/www.gesoltec.com\/wp-content\/uploads\/2021\/12\/Casco-Poc-Ventral-Air-Spin-2-gesolbike-1024x1024.png\" class=\"attachment-large size-large wp-image-1190\" alt=\"Casco Poc Ventral Air Spin 2 gesolbike\" srcset=\"https:\/\/www.gesoltec.com\/wp-content\/uploads\/2021\/12\/Casco-Poc-Ventral-Air-Spin-2-gesolbike-1024x1024.png 1024w, https:\/\/www.gesoltec.com\/wp-content\/uploads\/2021\/12\/Casco-Poc-Ventral-Air-Spin-2-gesolbike-300x300.png 300w, https:\/\/www.gesoltec.com\/wp-content\/uploads\/2021\/12\/Casco-Poc-Ventral-Air-Spin-2-gesolbike-150x150.png 150w, https:\/\/www.gesoltec.com\/wp-content\/uploads\/2021\/12\/Casco-Poc-Ventral-Air-Spin-2-gesolbike-768x768.png 768w, https:\/\/www.gesoltec.com\/wp-content\/uploads\/2021\/12\/Casco-Poc-Ventral-Air-Spin-2-gesolbike-100x100.png 100w, https:\/\/www.gesoltec.com\/wp-content\/uploads\/2021\/12\/Casco-Poc-Ventral-Air-Spin-2-gesolbike.png 1200w\" sizes=\"auto, (max-width: 640px) 100vw, 640px\" \/>\t\t\t\t\t\t\t\t\t\t\t\t\t\t\t<\/div>\n\t\t\t\t<\/div>\n\t\t\t\t\t<\/div>\n\t\t<\/div>\n\t\t\t\t\t\t\t<\/div>\n\t\t<\/section>\n\t\t\t\t\t\t\t<\/div>\n\t\t","protected":false},"excerpt":{"rendered":"<p>Ventral Air Spin asegura un efecto de enfriamiento supremo en toda la cabeza.<\/p>\n<p>Casco estructuralmente optimizado con puertos de ventilaci\u00f3n precisos y canales internos para controlar la entrada y salida de aire tanto a alta como a baja velocidad.<\/p>\n<p>Cuenta con el sistema de almohadilla de silicona pendiente de patente de Poc, Spin.<\/p>\n","protected":false},"featured_media":1181,"comment_status":"open","ping_status":"closed","template":"","meta":{"_joinchat":[]},"pwb-brand":[39,35],"product_cat":[15],"product_tag":[101,73,99,74,100,75],"class_list":["post-1180","product","type-product","status-publish","has-post-thumbnail","hentry","pwb-brand-gesolbike","pwb-brand-poc","product_cat-cascos-para-bicicleta","product_tag-almohadilla-de-silicona","product_tag-bogota","product_tag-casco-ventral-air","product_tag-colombia","product_tag-enfriamiento-supremo","product_tag-sur-america"],"brands":[{"id":39,"name":"Gesolbike","slug":"gesolbike"},{"id":35,"name":"Poc","slug":"poc"}],"_links":{"self":[{"href":"https:\/\/www.gesoltec.com\/index.php\/wp-json\/wp\/v2\/product\/1180","targetHints":{"allow":["GET"]}}],"collection":[{"href":"https:\/\/www.gesoltec.com\/index.php\/wp-json\/wp\/v2\/product"}],"about":[{"href":"https:\/\/www.gesoltec.com\/index.php\/wp-json\/wp\/v2\/types\/product"}],"replies":[{"embeddable":true,"href":"https:\/\/www.gesoltec.com\/index.php\/wp-json\/wp\/v2\/comments?post=1180"}],"version-history":[{"count":2,"href":"https:\/\/www.gesoltec.com\/index.php\/wp-json\/wp\/v2\/product\/1180\/revisions"}],"predecessor-version":[{"id":1201,"href":"https:\/\/www.gesoltec.com\/index.php\/wp-json\/wp\/v2\/product\/1180\/revisions\/1201"}],"wp:featuredmedia":[{"embeddable":true,"href":"https:\/\/www.gesoltec.com\/index.php\/wp-json\/wp\/v2\/media\/1181"}],"wp:attachment":[{"href":"https:\/\/www.gesoltec.com\/index.php\/wp-json\/wp\/v2\/media?parent=1180"}],"wp:term":[{"taxonomy":"pwb-brand","embeddable":true,"href":"https:\/\/www.gesoltec.com\/index.php\/wp-json\/wp\/v2\/pwb-brand?post=1180"},{"taxonomy":"product_cat","embeddable":true,"href":"https:\/\/www.gesoltec.com\/index.php\/wp-json\/wp\/v2\/product_cat?post=1180"},{"taxonomy":"product_tag","embeddable":true,"href":"https:\/\/www.gesoltec.com\/index.php\/wp-json\/wp\/v2\/product_tag?post=1180"}],"curies":[{"name":"wp","href":"https:\/\/api.w.org\/{rel}","templated":true}]}}