{"id":1119,"date":"2021-12-28T08:02:48","date_gmt":"2021-12-28T13:02:48","guid":{"rendered":"https:\/\/www.gesoltec.com\/?post_type=product&#038;p=1119"},"modified":"2023-05-18T15:19:44","modified_gmt":"2023-05-18T20:19:44","slug":"cascos-utopia","status":"publish","type":"product","link":"https:\/\/www.gesoltec.com\/index.php\/producto\/cascos-utopia\/","title":{"rendered":"Cascos Utopia"},"content":{"rendered":"\t\t<div data-elementor-type=\"wp-post\" data-elementor-id=\"1119\" class=\"elementor elementor-1119\">\n\t\t\t\t\t\t\t\t\t<section class=\"elementor-section elementor-top-section elementor-element elementor-element-1e1912a elementor-section-boxed elementor-section-height-default elementor-section-height-default\" data-id=\"1e1912a\" data-element_type=\"section\">\n\t\t\t\t\t\t<div class=\"elementor-container elementor-column-gap-default\">\n\t\t\t\t\t<div class=\"elementor-column elementor-col-100 elementor-top-column elementor-element elementor-element-03487c7\" data-id=\"03487c7\" data-element_type=\"column\">\n\t\t\t<div class=\"elementor-widget-wrap elementor-element-populated\">\n\t\t\t\t\t\t\t\t<div class=\"elementor-element elementor-element-787fb25 elementor-invisible elementor-widget elementor-widget-text-editor\" data-id=\"787fb25\" data-element_type=\"widget\" data-settings=\"{&quot;_animation&quot;:&quot;fadeInLeft&quot;,&quot;_animation_delay&quot;:5}\" data-widget_type=\"text-editor.default\">\n\t\t\t\t<div class=\"elementor-widget-container\">\n\t\t\t<style>\/*! elementor - v3.13.2 - 11-05-2023 *\/\n.elementor-widget-text-editor.elementor-drop-cap-view-stacked .elementor-drop-cap{background-color:#69727d;color:#fff}.elementor-widget-text-editor.elementor-drop-cap-view-framed .elementor-drop-cap{color:#69727d;border:3px solid;background-color:transparent}.elementor-widget-text-editor:not(.elementor-drop-cap-view-default) .elementor-drop-cap{margin-top:8px}.elementor-widget-text-editor:not(.elementor-drop-cap-view-default) .elementor-drop-cap-letter{width:1em;height:1em}.elementor-widget-text-editor .elementor-drop-cap{float:left;text-align:center;line-height:1;font-size:50px}.elementor-widget-text-editor .elementor-drop-cap-letter{display:inline-block}<\/style>\t\t\t\t<h1 style=\"text-align: center;\"><span style=\"color: #209624;\"><strong>Cascos Utopia<\/strong><\/span><\/h1>\t\t\t\t\t\t<\/div>\n\t\t\t\t<\/div>\n\t\t\t\t\t<\/div>\n\t\t<\/div>\n\t\t\t\t\t\t\t<\/div>\n\t\t<\/section>\n\t\t\t\t<section class=\"elementor-section elementor-top-section elementor-element elementor-element-c96bb4c elementor-section-boxed elementor-section-height-default elementor-section-height-default\" data-id=\"c96bb4c\" data-element_type=\"section\">\n\t\t\t\t\t\t<div class=\"elementor-container elementor-column-gap-default\">\n\t\t\t\t\t<div class=\"elementor-column elementor-col-100 elementor-top-column elementor-element elementor-element-0636262\" data-id=\"0636262\" data-element_type=\"column\">\n\t\t\t<div class=\"elementor-widget-wrap elementor-element-populated\">\n\t\t\t\t\t\t\t\t<div class=\"elementor-element elementor-element-a1b438a elementor-invisible elementor-widget elementor-widget-text-editor\" data-id=\"a1b438a\" data-element_type=\"widget\" data-settings=\"{&quot;_animation&quot;:&quot;slideInLeft&quot;,&quot;_animation_delay&quot;:6}\" data-widget_type=\"text-editor.default\">\n\t\t\t\t<div class=\"elementor-widget-container\">\n\t\t\t\t\t\t\t<p>El dise\u00f1o de <strong>Utopia<\/strong> es totalmente vanguardista en su aerodin\u00e1mica, prestando tambi\u00e9n especial atenci\u00f3n a la ventilaci\u00f3n durante su fabricaci\u00f3n. <\/p><p>Apto para competiciones de ciclismo en carretera y triatl\u00f3n, <strong>Utopia<\/strong> puede usarse durante todo el a\u00f1o en todo tipo de climas, gracias a su depurado dise\u00f1o para mantener al ciclista fresco, especialmente cuando pedalea a gran velocidad.<\/p><p><strong>Utopia<\/strong> utiliza un almohadillado transpirable y de secado r\u00e1pido, ofreciendo una capa de 5 mm de un material superabsorbente llamado <strong>Resistex\u00ae<\/strong>* que absorbe la humedad de la cabeza del ciclista y la traspasa a la carcasa exterior del casco, lo que contribuye a que resulte c\u00f3modo llevarlo puesto durante todo el d\u00eda.<br \/><br \/>Superligero, con un peso de 260 g (talla mediana)<\/p><p>Las ranuras de ventilaci\u00f3n est\u00e1n dise\u00f1adas para mejorar la aerodin\u00e1mica y la refrigeraci\u00f3n. <\/p><p>Experiencia de ciclismo tranquila gracias a las reducidas r\u00e1fagas de viento cerca de los o\u00eddos del ciclista<\/p><p>La canalizaci\u00f3n interna ha sido redise\u00f1ada para mejorar a\u00fan m\u00e1s la capacidad aerodin\u00e1mica. <\/p><p>Utiliza el sistema de ajuste <strong>Octo Fit<\/strong> f\u00e1cilmente ajustable.<\/p><p>Peso 235 g (talla Mediana)<\/p><p>Ventilaci\u00f3n aerodin\u00e1mica<\/p><p><strong>Est\u00e1ndares :<\/strong> Ce en 1078, Cpsc 1203, As\/Nzs 2063<\/p><p><strong>Tallas :<\/strong> peque\u00f1a, mediana, grande<\/p><p><strong>Control aerodin\u00e0mico<\/strong><\/p><p>Carcasa incre\u00edblemente aerodin\u00e1mica y con \u00f3ptimos resultados, probada en el t\u00fanel de viento y capaz de ofrecer una sensaci\u00f3n realmente sorprendente a los usuarios. <\/p><p>En cualquier posici\u00f3n que la cabeza adopte, la salida de aire estar\u00e1 perfectamente alineada con el casco.<\/p><p><strong>Alta ventilaci\u00f2n<\/strong><\/p><p>La estructura y el dise\u00f1o de la carcasa facilitan el flujo de aire y cortan el calor intercambiable.<\/p><p><strong>Alta transpiraci\u00f2n<\/strong><\/p><p>La fibra del almohadillado interior agiliza el proceso de evaporaci\u00f3n de la transpiraci\u00f3n, ralentiza la acumulaci\u00f3n de humedad en la piel y mantiene una temperatura constante.<\/p><p><strong>Antibacteriano<\/strong><\/p><p>La fibra del almohadillado interior respeta la piel y la protege de bacterias y polvo nocivo.<\/p><p>Elimina el riesgo de contraer inc\u00f3modas alergias.<\/p><p><strong>Antiest\u00e0tico<\/strong><\/p><p>Gracias a su conductividad, la fibra del almohadillado interior absorbe y dispersa la cargas el\u00e9ctrica acumulada del ambiente o durante el ejercicio f\u00edsico.<\/p><p><strong>Sistema de ajuste octo fit<\/strong><\/p><p>El microdial de goma del regulador mejora su agarre con los dedos.<\/p><p>Los puntos de contacto de la estructura flotante combinan almohadillas de gel interiores para aportar una \u00f3ptima comodidad. <\/p><p>Estos soportes est\u00e1n dise\u00f1ados para girar libremente en un \u00e1ngulo de 180\u00ba, lo que permite que el casco se adapte perfectamente a todas las formas de cabeza. <\/p><p>Las sujeciones ranuradas de la estructura se han dise\u00f1ado y mejorado para proporcionar un ajuste y una sujeci\u00f3n \u00f3ptimos, pero con la m\u00e1xima ligereza posible.<\/p><p><strong>Almohadilla de cuero ecol\u00f2gico<\/strong><\/p><p>Almohadilla para la barbilla con correa para la barbilla de cuero sint\u00e9tico. <\/p><p>La correa de la barbilla hipoalerg\u00e9nica y lavable es extremadamente c\u00f3moda y ayuda a evitar la irritaci\u00f3n de la piel.<\/p><p><strong>Mit<\/strong><\/p><p>La tecnolog\u00eda Mit garantiza una protecci\u00f3n total de poliestireno gracias a la capa de policarbonato que recubre la parte superior, la base y la parte posterior.<\/p><p>Almohadillada interno con <strong>Resistex\u00ae Carbon<\/strong><\/p><p>Una almohadillada transpirable y de secado r\u00e1pido que absorbe la humedad de la cabeza del ciclista y la traspasa a la carcasa exterior del casco, lo que contribuye a que resulte c\u00f3modo llevarlo puesto durante todo el d\u00eda.<\/p><p><strong>Resistex\u00ae Carbon<\/strong> es un tipo de fibra con caracter\u00edsticas t\u00e9cnicas \u00fanicas que consiste en un filamento continuo de material conductor basado en carb\u00f3n activo.<\/p><p>Un casco fabricado con esta fibra comporta los siguientes beneficios:<\/p><p><strong>&#8211; Antiest\u00e1tico :<\/strong> dispersa las cargas el\u00e9ctricas acumuladas del ambiente durante el ejercicio f\u00edsico.<\/p><p><strong>&#8211; Bacterioest\u00e1tico :<\/strong> protege la piel de bacterias y alergias contaminantes.<\/p><p><strong>&#8211; Termorregulaci\u00f3n y transferencia de humedad :<\/strong> las fibras aceleran la evaporaci\u00f3n del sudor y ayudan a mantener una temperatura constante.<\/p><p><strong>&#8211; Natural :<\/strong> 100 % natural, no t\u00f3xico y sin productos qu\u00edmicos.<\/p>\t\t\t\t\t\t<\/div>\n\t\t\t\t<\/div>\n\t\t\t\t\t<\/div>\n\t\t<\/div>\n\t\t\t\t\t\t\t<\/div>\n\t\t<\/section>\n\t\t\t\t<section class=\"elementor-section elementor-top-section elementor-element elementor-element-9582ca5 elementor-section-boxed elementor-section-height-default elementor-section-height-default\" data-id=\"9582ca5\" data-element_type=\"section\">\n\t\t\t\t\t\t<div class=\"elementor-container elementor-column-gap-default\">\n\t\t\t\t\t<div class=\"elementor-column elementor-col-50 elementor-top-column elementor-element elementor-element-65524b6\" data-id=\"65524b6\" data-element_type=\"column\">\n\t\t\t<div class=\"elementor-widget-wrap elementor-element-populated\">\n\t\t\t\t\t\t\t\t<div class=\"elementor-element elementor-element-5cd182b elementor-invisible elementor-widget elementor-widget-image\" data-id=\"5cd182b\" data-element_type=\"widget\" data-settings=\"{&quot;_animation&quot;:&quot;bounceInLeft&quot;,&quot;_animation_delay&quot;:6}\" data-widget_type=\"image.default\">\n\t\t\t\t<div class=\"elementor-widget-container\">\n\t\t\t<style>\/*! elementor - v3.13.2 - 11-05-2023 *\/\n.elementor-widget-image{text-align:center}.elementor-widget-image a{display:inline-block}.elementor-widget-image a img[src$=\".svg\"]{width:48px}.elementor-widget-image img{vertical-align:middle;display:inline-block}<\/style>\t\t\t\t\t\t\t\t\t\t\t\t<img loading=\"lazy\" decoding=\"async\" width=\"640\" height=\"640\" src=\"https:\/\/www.gesoltec.com\/wp-content\/uploads\/2021\/12\/cascos-utopia-gesolbike-1024x1024.jpg\" class=\"attachment-large size-large wp-image-1120\" alt=\"cascos utopia gesolbike\" srcset=\"https:\/\/www.gesoltec.com\/wp-content\/uploads\/2021\/12\/cascos-utopia-gesolbike-1024x1024.jpg 1024w, https:\/\/www.gesoltec.com\/wp-content\/uploads\/2021\/12\/cascos-utopia-gesolbike-300x300.jpg 300w, https:\/\/www.gesoltec.com\/wp-content\/uploads\/2021\/12\/cascos-utopia-gesolbike-150x150.jpg 150w, https:\/\/www.gesoltec.com\/wp-content\/uploads\/2021\/12\/cascos-utopia-gesolbike-768x768.jpg 768w, https:\/\/www.gesoltec.com\/wp-content\/uploads\/2021\/12\/cascos-utopia-gesolbike-1536x1536.jpg 1536w, https:\/\/www.gesoltec.com\/wp-content\/uploads\/2021\/12\/cascos-utopia-gesolbike-100x100.jpg 100w, https:\/\/www.gesoltec.com\/wp-content\/uploads\/2021\/12\/cascos-utopia-gesolbike.jpg 1600w\" sizes=\"auto, (max-width: 640px) 100vw, 640px\" \/>\t\t\t\t\t\t\t\t\t\t\t\t\t\t\t<\/div>\n\t\t\t\t<\/div>\n\t\t\t\t\t<\/div>\n\t\t<\/div>\n\t\t\t\t<div class=\"elementor-column elementor-col-50 elementor-top-column elementor-element elementor-element-f4141e0\" data-id=\"f4141e0\" data-element_type=\"column\">\n\t\t\t<div class=\"elementor-widget-wrap elementor-element-populated\">\n\t\t\t\t\t\t\t\t<div class=\"elementor-element elementor-element-66501ae elementor-invisible elementor-widget elementor-widget-image\" data-id=\"66501ae\" data-element_type=\"widget\" data-settings=\"{&quot;_animation&quot;:&quot;slideInRight&quot;,&quot;_animation_delay&quot;:6}\" data-widget_type=\"image.default\">\n\t\t\t\t<div class=\"elementor-widget-container\">\n\t\t\t\t\t\t\t\t\t\t\t\t\t\t\t<img loading=\"lazy\" decoding=\"async\" width=\"596\" height=\"315\" src=\"https:\/\/www.gesoltec.com\/wp-content\/uploads\/2021\/12\/cascos-utopia-1-gesolbike.jpg\" class=\"attachment-large size-large wp-image-1132\" alt=\"cascos utopia 1 gesolbike\" srcset=\"https:\/\/www.gesoltec.com\/wp-content\/uploads\/2021\/12\/cascos-utopia-1-gesolbike.jpg 596w, https:\/\/www.gesoltec.com\/wp-content\/uploads\/2021\/12\/cascos-utopia-1-gesolbike-300x159.jpg 300w\" sizes=\"auto, (max-width: 596px) 100vw, 596px\" \/>\t\t\t\t\t\t\t\t\t\t\t\t\t\t\t<\/div>\n\t\t\t\t<\/div>\n\t\t\t\t\t<\/div>\n\t\t<\/div>\n\t\t\t\t\t\t\t<\/div>\n\t\t<\/section>\n\t\t\t\t\t\t\t<\/div>\n\t\t","protected":false},"excerpt":{"rendered":"<p>El dise\u00f1o de Utopia es totalmente vanguardista en su aerodin\u00e1mica, prestando tambi\u00e9n especial atenci\u00f3n a la ventilaci\u00f3n durante su fabricaci\u00f3n.<\/p>\n<p>Apto para competiciones de ciclismo en carretera y triatl\u00f3n, Utopia puede usarse durante todo el a\u00f1o en todo tipo de climas, gracias a su depurado dise\u00f1o para mantener al ciclista fresco, especialmente cuando pedalea a gran velocidad.<\/p>\n","protected":false},"featured_media":1120,"comment_status":"open","ping_status":"closed","template":"","meta":{"_joinchat":[]},"pwb-brand":[39,34],"product_cat":[15],"product_tag":[93,73,92,74,75],"class_list":["post-1119","product","type-product","status-publish","has-post-thumbnail","hentry","pwb-brand-gesolbike","pwb-brand-kask","product_cat-cascos-para-bicicleta","product_tag-apto-para-competiciones-de-ciclismo-en-carretera-y-triatlon","product_tag-bogota","product_tag-cascos-utopia","product_tag-colombia","product_tag-sur-america"],"brands":[{"id":39,"name":"Gesolbike","slug":"gesolbike"},{"id":34,"name":"Kask","slug":"kask"}],"_links":{"self":[{"href":"https:\/\/www.gesoltec.com\/index.php\/wp-json\/wp\/v2\/product\/1119","targetHints":{"allow":["GET"]}}],"collection":[{"href":"https:\/\/www.gesoltec.com\/index.php\/wp-json\/wp\/v2\/product"}],"about":[{"href":"https:\/\/www.gesoltec.com\/index.php\/wp-json\/wp\/v2\/types\/product"}],"replies":[{"embeddable":true,"href":"https:\/\/www.gesoltec.com\/index.php\/wp-json\/wp\/v2\/comments?post=1119"}],"version-history":[{"count":2,"href":"https:\/\/www.gesoltec.com\/index.php\/wp-json\/wp\/v2\/product\/1119\/revisions"}],"predecessor-version":[{"id":1819,"href":"https:\/\/www.gesoltec.com\/index.php\/wp-json\/wp\/v2\/product\/1119\/revisions\/1819"}],"wp:featuredmedia":[{"embeddable":true,"href":"https:\/\/www.gesoltec.com\/index.php\/wp-json\/wp\/v2\/media\/1120"}],"wp:attachment":[{"href":"https:\/\/www.gesoltec.com\/index.php\/wp-json\/wp\/v2\/media?parent=1119"}],"wp:term":[{"taxonomy":"pwb-brand","embeddable":true,"href":"https:\/\/www.gesoltec.com\/index.php\/wp-json\/wp\/v2\/pwb-brand?post=1119"},{"taxonomy":"product_cat","embeddable":true,"href":"https:\/\/www.gesoltec.com\/index.php\/wp-json\/wp\/v2\/product_cat?post=1119"},{"taxonomy":"product_tag","embeddable":true,"href":"https:\/\/www.gesoltec.com\/index.php\/wp-json\/wp\/v2\/product_tag?post=1119"}],"curies":[{"name":"wp","href":"https:\/\/api.w.org\/{rel}","templated":true}]}}