{"id":1089,"date":"2021-12-27T18:09:09","date_gmt":"2021-12-27T23:09:09","guid":{"rendered":"https:\/\/www.gesoltec.com\/?post_type=product&#038;p=1089"},"modified":"2023-05-18T15:18:51","modified_gmt":"2023-05-18T20:18:51","slug":"cascos-protone","status":"publish","type":"product","link":"https:\/\/www.gesoltec.com\/index.php\/producto\/cascos-protone\/","title":{"rendered":"Cascos Protone"},"content":{"rendered":"\t\t<div data-elementor-type=\"wp-post\" data-elementor-id=\"1089\" class=\"elementor elementor-1089\">\n\t\t\t\t\t\t\t\t\t<section class=\"elementor-section elementor-top-section elementor-element elementor-element-8624c49 elementor-section-boxed elementor-section-height-default elementor-section-height-default\" data-id=\"8624c49\" data-element_type=\"section\">\n\t\t\t\t\t\t<div class=\"elementor-container elementor-column-gap-default\">\n\t\t\t\t\t<div class=\"elementor-column elementor-col-100 elementor-top-column elementor-element elementor-element-20d70ed\" data-id=\"20d70ed\" data-element_type=\"column\">\n\t\t\t<div class=\"elementor-widget-wrap elementor-element-populated\">\n\t\t\t\t\t\t\t\t<div class=\"elementor-element elementor-element-fc9ec82 elementor-invisible elementor-widget elementor-widget-text-editor\" data-id=\"fc9ec82\" data-element_type=\"widget\" data-settings=\"{&quot;_animation&quot;:&quot;fadeInRight&quot;,&quot;_animation_delay&quot;:7}\" data-widget_type=\"text-editor.default\">\n\t\t\t\t<div class=\"elementor-widget-container\">\n\t\t\t<style>\/*! elementor - v3.13.2 - 11-05-2023 *\/\n.elementor-widget-text-editor.elementor-drop-cap-view-stacked .elementor-drop-cap{background-color:#69727d;color:#fff}.elementor-widget-text-editor.elementor-drop-cap-view-framed .elementor-drop-cap{color:#69727d;border:3px solid;background-color:transparent}.elementor-widget-text-editor:not(.elementor-drop-cap-view-default) .elementor-drop-cap{margin-top:8px}.elementor-widget-text-editor:not(.elementor-drop-cap-view-default) .elementor-drop-cap-letter{width:1em;height:1em}.elementor-widget-text-editor .elementor-drop-cap{float:left;text-align:center;line-height:1;font-size:50px}.elementor-widget-text-editor .elementor-drop-cap-letter{display:inline-block}<\/style>\t\t\t\t<h1 style=\"text-align: center;\"><span style=\"color: #55a649;\"><strong>Cascos Protone<\/strong><\/span><\/h1>\t\t\t\t\t\t<\/div>\n\t\t\t\t<\/div>\n\t\t\t\t\t<\/div>\n\t\t<\/div>\n\t\t\t\t\t\t\t<\/div>\n\t\t<\/section>\n\t\t\t\t<section class=\"elementor-section elementor-top-section elementor-element elementor-element-5aeace6 elementor-section-boxed elementor-section-height-default elementor-section-height-default\" data-id=\"5aeace6\" data-element_type=\"section\">\n\t\t\t\t\t\t<div class=\"elementor-container elementor-column-gap-default\">\n\t\t\t\t\t<div class=\"elementor-column elementor-col-100 elementor-top-column elementor-element elementor-element-3ccaafd\" data-id=\"3ccaafd\" data-element_type=\"column\">\n\t\t\t<div class=\"elementor-widget-wrap elementor-element-populated\">\n\t\t\t\t\t\t\t\t<div class=\"elementor-element elementor-element-471823c elementor-invisible elementor-widget elementor-widget-text-editor\" data-id=\"471823c\" data-element_type=\"widget\" data-settings=\"{&quot;_animation&quot;:&quot;fadeInLeft&quot;,&quot;_animation_delay&quot;:5}\" data-widget_type=\"text-editor.default\">\n\t\t\t\t<div class=\"elementor-widget-container\">\n\t\t\t\t\t\t\t<p><strong>Protone<\/strong> pesa tan s\u00f3lo 230 g e incorpora almohadillada 3D Dry tridimensional con un proceso de fabricaci\u00f3n de celda abierta multicapa para aumentar la comodidad durante el pedaleo. <\/p><p>Est\u00e1 provisto de una almohadilladaq interior extra\u00edble y lavable, elaborado a partir de tejidos <strong>Coolmax.<\/strong> <\/p><p><strong>Kask<\/strong> tambi\u00e9n contin\u00faa utilizando su tecnolog\u00eda <strong>Multi In-Moulding<\/strong>, para crear una cubierta de policarbonato para la parte superior, el per\u00edmetro de la base y la parte posterior de la carcasa del casco. <\/p><p>Esta va unida a la cubierta de poliestireno interior a trav\u00e9s de la tecnolog\u00eda <strong>In-Moulding<\/strong>, a fin de mejorar la amortiguaci\u00f3n de los impactos de la carcasa. <\/p><p>Su armaz\u00f3n reforzado reducir\u00e1 en mayor medida el riesgo de que la carcasa se rompa en caso de impacto.<\/p><p>Con tan s\u00f3lo 215 g, <strong>Protone<\/strong> tiene la resistencia aerodinamica m\u00e1s baja y los coeficientes de disipaci\u00f3n t\u00e9rmica m\u00e1s r\u00e1pidos en comparaci\u00f3n con cualquier otro casco aerodin\u00e1mico. <\/p><p>Gracias a las ranuras de ventilaci\u00f3n y a un material acolchado grueso, el calor y la humedad se disipan muy r\u00e1pido, lo que aumenta la comodidad y el rendimiento sin comprometer la seguridad : la parte superior va reforzada con una subestructura interna de pl\u00e1stico, que incrementa la protecci\u00f3n contra los golpes.<\/p><p><strong>Almohadilla de cuero ecol\u00f2gico<\/strong><\/p><p>Almohadilla para la barbilla con correa para la barbilla de cuero sint\u00e9tico. <\/p><p>La correa de la barbilla hipoalerg\u00e9nica y lavable es extremadamente c\u00f3moda y ayuda a evitar la irritaci\u00f3n de la piel.<\/p><p><strong>Almohadilla 3d seca<\/strong><\/p><p>La almohadilla tridimensional 3d seca usa un proceso de fabricaci\u00f3n de c\u00e9lula abierta de varias capas: alta tecnolog\u00eda para la m\u00e1xima comodidad y rendimiento.<\/p><p><strong>Fibra coolmax<\/strong><\/p><p>Almohadillado interior extra\u00edble y lavable en material <strong>Coolmax\u00ae<\/strong><\/p><p><strong>Estructura interior<\/strong><\/p><p>La innovadora estructura de refuerzo interior ofrece mayor resistencia mec\u00e1nica y una compacidad mejorada.<\/p><p>En caso de impacto, impide que el casco se rompa en muchos pedazos, por lo que aporta m\u00e1s seguridad a cada usuario.<\/p><p><strong>Sistema de ajuste octo fit<\/strong><\/p><p>El microdial de goma del regulador mejora su agarre con los dedos. <\/p><p>Los puntos de contacto de la estructura flotante combinan almohadillas de gel interiores para aportar una \u00f3ptima comodidad. <\/p><p>Estos soportes est\u00e1n dise\u00f1ados para girar libremente en un \u00e1ngulo de 180\u00ba, lo que permite que el casco se adapte perfectamente a todas las formas de cabeza. <\/p><p>Las sujeciones ranuradas de la estructura se han dise\u00f1ado y mejorado para proporcionar un ajuste y una sujeci\u00f3n \u00f3ptimos, pero con la m\u00e1xima ligereza posible.<\/p><p><strong>Control aerodin\u00e0mico<\/strong><\/p><p>Carcasa incre\u00edblemente aerodin\u00e1mica y con \u00f3ptimos resultados, probada en el t\u00fanel de viento y capaz de ofrecer una sensaci\u00f3n realmente sorprendente a los usuarios.<\/p><p>En cualquier posici\u00f3n que la cabeza adopte, la salida de aire estar\u00e1 perfectamente alineada con el casco.<\/p><p><strong>Alta visibilidad<\/strong><\/p><p>Adhesivos de alta visibilidad para ofrecer m\u00e1xima seguridad incluso en condiciones de visibilidad reducida.<\/p><p><strong>Mit<\/strong><\/p><p>La tecnolog\u00eda de mit le garantiza una protecci\u00f3n total de poliestireno gracias a la capa de policarbonato que recubre la parte superior, la base y la parte posterior.<\/p><p>Peso 215 g (Talla Mediana)<\/p><p>Ventilaci\u00f3n aerodin\u00e1mica<\/p><p>Est\u00e1ndares : ce en 1078, Cpsc 1203, As\/Nzs 2063Msrp<\/p><p>Tallas : peque\u00f1a, mediana, grande<\/p>\t\t\t\t\t\t<\/div>\n\t\t\t\t<\/div>\n\t\t\t\t\t<\/div>\n\t\t<\/div>\n\t\t\t\t\t\t\t<\/div>\n\t\t<\/section>\n\t\t\t\t<section class=\"elementor-section elementor-top-section elementor-element elementor-element-2c3fbd7 elementor-section-boxed elementor-section-height-default elementor-section-height-default\" data-id=\"2c3fbd7\" data-element_type=\"section\">\n\t\t\t\t\t\t<div class=\"elementor-container elementor-column-gap-default\">\n\t\t\t\t\t<div class=\"elementor-column elementor-col-50 elementor-top-column elementor-element elementor-element-cced9e0\" data-id=\"cced9e0\" data-element_type=\"column\">\n\t\t\t<div class=\"elementor-widget-wrap elementor-element-populated\">\n\t\t\t\t\t\t\t\t<div class=\"elementor-element elementor-element-95ab3b5 elementor-invisible elementor-widget elementor-widget-image\" data-id=\"95ab3b5\" data-element_type=\"widget\" data-settings=\"{&quot;_animation&quot;:&quot;fadeInRight&quot;,&quot;_animation_delay&quot;:6}\" data-widget_type=\"image.default\">\n\t\t\t\t<div class=\"elementor-widget-container\">\n\t\t\t<style>\/*! elementor - v3.13.2 - 11-05-2023 *\/\n.elementor-widget-image{text-align:center}.elementor-widget-image a{display:inline-block}.elementor-widget-image a img[src$=\".svg\"]{width:48px}.elementor-widget-image img{vertical-align:middle;display:inline-block}<\/style>\t\t\t\t\t\t\t\t\t\t\t\t<img loading=\"lazy\" decoding=\"async\" width=\"640\" height=\"640\" src=\"https:\/\/www.gesoltec.com\/wp-content\/uploads\/2021\/12\/cascos-protone-gesolbike-1024x1024.jpg\" class=\"attachment-large size-large wp-image-1090\" alt=\"cascos protone gesolbike\" srcset=\"https:\/\/www.gesoltec.com\/wp-content\/uploads\/2021\/12\/cascos-protone-gesolbike-1024x1024.jpg 1024w, https:\/\/www.gesoltec.com\/wp-content\/uploads\/2021\/12\/cascos-protone-gesolbike-300x300.jpg 300w, https:\/\/www.gesoltec.com\/wp-content\/uploads\/2021\/12\/cascos-protone-gesolbike-150x150.jpg 150w, https:\/\/www.gesoltec.com\/wp-content\/uploads\/2021\/12\/cascos-protone-gesolbike-768x768.jpg 768w, https:\/\/www.gesoltec.com\/wp-content\/uploads\/2021\/12\/cascos-protone-gesolbike-1536x1536.jpg 1536w, https:\/\/www.gesoltec.com\/wp-content\/uploads\/2021\/12\/cascos-protone-gesolbike-100x100.jpg 100w, https:\/\/www.gesoltec.com\/wp-content\/uploads\/2021\/12\/cascos-protone-gesolbike.jpg 1600w\" sizes=\"auto, (max-width: 640px) 100vw, 640px\" \/>\t\t\t\t\t\t\t\t\t\t\t\t\t\t\t<\/div>\n\t\t\t\t<\/div>\n\t\t\t\t\t<\/div>\n\t\t<\/div>\n\t\t\t\t<div class=\"elementor-column elementor-col-50 elementor-top-column elementor-element elementor-element-d1c6526\" data-id=\"d1c6526\" data-element_type=\"column\">\n\t\t\t<div class=\"elementor-widget-wrap elementor-element-populated\">\n\t\t\t\t\t\t\t\t<div class=\"elementor-element elementor-element-8a8304e elementor-invisible elementor-widget elementor-widget-image\" data-id=\"8a8304e\" data-element_type=\"widget\" data-settings=\"{&quot;_animation&quot;:&quot;fadeInUp&quot;,&quot;_animation_delay&quot;:6}\" data-widget_type=\"image.default\">\n\t\t\t\t<div class=\"elementor-widget-container\">\n\t\t\t\t\t\t\t\t\t\t\t\t\t\t\t<img loading=\"lazy\" decoding=\"async\" width=\"614\" height=\"450\" src=\"https:\/\/www.gesoltec.com\/wp-content\/uploads\/2021\/12\/cascos-protone-1-gesolbike.jpg\" class=\"attachment-large size-large wp-image-1104\" alt=\"cascos protone 1 gesolbike\" srcset=\"https:\/\/www.gesoltec.com\/wp-content\/uploads\/2021\/12\/cascos-protone-1-gesolbike.jpg 614w, https:\/\/www.gesoltec.com\/wp-content\/uploads\/2021\/12\/cascos-protone-1-gesolbike-300x220.jpg 300w\" sizes=\"auto, (max-width: 614px) 100vw, 614px\" \/>\t\t\t\t\t\t\t\t\t\t\t\t\t\t\t<\/div>\n\t\t\t\t<\/div>\n\t\t\t\t\t<\/div>\n\t\t<\/div>\n\t\t\t\t\t\t\t<\/div>\n\t\t<\/section>\n\t\t\t\t\t\t\t<\/div>\n\t\t","protected":false},"excerpt":{"rendered":"<p><strong>Protone<\/strong> pesa tan s\u00f3lo 230 g e incorpora almohadillada 3D Dry tridimensional con un proceso de fabricaci\u00f3n de celda abierta multicapa para aumentar la comodidad durante el pedaleo.<\/p>\n","protected":false},"featured_media":1090,"comment_status":"open","ping_status":"closed","template":"","meta":{"_joinchat":[]},"pwb-brand":[39,34],"product_cat":[15],"product_tag":[73,89,74,90,91,75],"class_list":["post-1089","product","type-product","status-publish","has-post-thumbnail","hentry","pwb-brand-gesolbike","pwb-brand-kask","product_cat-cascos-para-bicicleta","product_tag-bogota","product_tag-cascos-protone","product_tag-colombia","product_tag-cubierta-de-poliestireno-interior","product_tag-la-resistencia-aerodinamica","product_tag-sur-america"],"brands":[{"id":39,"name":"Gesolbike","slug":"gesolbike"},{"id":34,"name":"Kask","slug":"kask"}],"_links":{"self":[{"href":"https:\/\/www.gesoltec.com\/index.php\/wp-json\/wp\/v2\/product\/1089","targetHints":{"allow":["GET"]}}],"collection":[{"href":"https:\/\/www.gesoltec.com\/index.php\/wp-json\/wp\/v2\/product"}],"about":[{"href":"https:\/\/www.gesoltec.com\/index.php\/wp-json\/wp\/v2\/types\/product"}],"replies":[{"embeddable":true,"href":"https:\/\/www.gesoltec.com\/index.php\/wp-json\/wp\/v2\/comments?post=1089"}],"version-history":[{"count":2,"href":"https:\/\/www.gesoltec.com\/index.php\/wp-json\/wp\/v2\/product\/1089\/revisions"}],"predecessor-version":[{"id":1116,"href":"https:\/\/www.gesoltec.com\/index.php\/wp-json\/wp\/v2\/product\/1089\/revisions\/1116"}],"wp:featuredmedia":[{"embeddable":true,"href":"https:\/\/www.gesoltec.com\/index.php\/wp-json\/wp\/v2\/media\/1090"}],"wp:attachment":[{"href":"https:\/\/www.gesoltec.com\/index.php\/wp-json\/wp\/v2\/media?parent=1089"}],"wp:term":[{"taxonomy":"pwb-brand","embeddable":true,"href":"https:\/\/www.gesoltec.com\/index.php\/wp-json\/wp\/v2\/pwb-brand?post=1089"},{"taxonomy":"product_cat","embeddable":true,"href":"https:\/\/www.gesoltec.com\/index.php\/wp-json\/wp\/v2\/product_cat?post=1089"},{"taxonomy":"product_tag","embeddable":true,"href":"https:\/\/www.gesoltec.com\/index.php\/wp-json\/wp\/v2\/product_tag?post=1089"}],"curies":[{"name":"wp","href":"https:\/\/api.w.org\/{rel}","templated":true}]}}