{"id":1038,"date":"2021-12-25T11:08:30","date_gmt":"2021-12-25T16:08:30","guid":{"rendered":"https:\/\/www.gesoltec.com\/?post_type=product&#038;p=1038"},"modified":"2023-05-18T15:16:54","modified_gmt":"2023-05-18T20:16:54","slug":"elpi-de-alta-resolucion","status":"publish","type":"product","link":"https:\/\/www.gesoltec.com\/index.php\/producto\/elpi-de-alta-resolucion\/","title":{"rendered":"Elpi de alta resoluci\u00f3n"},"content":{"rendered":"\t\t<div data-elementor-type=\"wp-post\" data-elementor-id=\"1038\" class=\"elementor elementor-1038\">\n\t\t\t\t\t\t\t\t\t<section class=\"elementor-section elementor-top-section elementor-element elementor-element-19885ad elementor-section-boxed elementor-section-height-default elementor-section-height-default\" data-id=\"19885ad\" data-element_type=\"section\">\n\t\t\t\t\t\t<div class=\"elementor-container elementor-column-gap-default\">\n\t\t\t\t\t<div class=\"elementor-column elementor-col-100 elementor-top-column elementor-element elementor-element-599b4c7\" data-id=\"599b4c7\" data-element_type=\"column\">\n\t\t\t<div class=\"elementor-widget-wrap elementor-element-populated\">\n\t\t\t\t\t\t\t\t<div class=\"elementor-element elementor-element-a755a6d elementor-invisible elementor-widget elementor-widget-text-editor\" data-id=\"a755a6d\" data-element_type=\"widget\" data-settings=\"{&quot;_animation&quot;:&quot;fadeInLeft&quot;,&quot;_animation_delay&quot;:7}\" data-widget_type=\"text-editor.default\">\n\t\t\t\t<div class=\"elementor-widget-container\">\n\t\t\t<style>\/*! elementor - v3.13.2 - 11-05-2023 *\/\n.elementor-widget-text-editor.elementor-drop-cap-view-stacked .elementor-drop-cap{background-color:#69727d;color:#fff}.elementor-widget-text-editor.elementor-drop-cap-view-framed .elementor-drop-cap{color:#69727d;border:3px solid;background-color:transparent}.elementor-widget-text-editor:not(.elementor-drop-cap-view-default) .elementor-drop-cap{margin-top:8px}.elementor-widget-text-editor:not(.elementor-drop-cap-view-default) .elementor-drop-cap-letter{width:1em;height:1em}.elementor-widget-text-editor .elementor-drop-cap{float:left;text-align:center;line-height:1;font-size:50px}.elementor-widget-text-editor .elementor-drop-cap-letter{display:inline-block}<\/style>\t\t\t\t<h1 class=\"product_title entry-title\" style=\"text-align: center;\"><strong><span style=\"color: #2b993b;\">Elpi + de alta resoluci\u00f3n<\/span><\/strong><\/h1>\t\t\t\t\t\t<\/div>\n\t\t\t\t<\/div>\n\t\t\t\t\t<\/div>\n\t\t<\/div>\n\t\t\t\t\t\t\t<\/div>\n\t\t<\/section>\n\t\t\t\t<section class=\"elementor-section elementor-top-section elementor-element elementor-element-1bac516 elementor-section-boxed elementor-section-height-default elementor-section-height-default\" data-id=\"1bac516\" data-element_type=\"section\">\n\t\t\t\t\t\t<div class=\"elementor-container elementor-column-gap-default\">\n\t\t\t\t\t<div class=\"elementor-column elementor-col-100 elementor-top-column elementor-element elementor-element-3bba221\" data-id=\"3bba221\" data-element_type=\"column\">\n\t\t\t<div class=\"elementor-widget-wrap elementor-element-populated\">\n\t\t\t\t\t\t\t\t<div class=\"elementor-element elementor-element-e8fd9f2 elementor-invisible elementor-widget elementor-widget-text-editor\" data-id=\"e8fd9f2\" data-element_type=\"widget\" data-settings=\"{&quot;_animation&quot;:&quot;fadeInUp&quot;,&quot;_animation_delay&quot;:6}\" data-widget_type=\"text-editor.default\">\n\t\t\t\t<div class=\"elementor-widget-container\">\n\t\t\t\t\t\t\t<p><strong>El Dekati\u00ae High Resolution ELPI\u00ae +<\/strong> (Impactador el\u00e9ctrico de baja presi\u00f3n, HR-ELPI\u00ae +) es una versi\u00f3n avanzada del ampliamente utilizado instrumento ELPI\u00ae +.<\/p><p>El <strong>ELPI\u00ae + de alta resoluci\u00f3n<\/strong> combina las caracter\u00edsticas del ELPI\u00ae + con un algoritmo de inversi\u00f3n de datos que proporciona una distribuci\u00f3n del tama\u00f1o del n\u00famero de part\u00edculas en tiempo real en hasta 500 clases de tama\u00f1o de 6 nm a 10 \u03bcm.<\/p><p>Otras caracter\u00edsticas de <strong>ELPI\u00ae + de alta resoluci\u00f3n<\/strong> incluyen un amplio rango de concentraci\u00f3n de muestras de part\u00edculas, una estructura robusta y la posibilidad de caracterizar la composici\u00f3n qu\u00edmica de part\u00edculas clasificadas por tama\u00f1o despu\u00e9s de la medici\u00f3n en tiempo real.<\/p><p>El amplio rango de medici\u00f3n, la resoluci\u00f3n de tama\u00f1o superior y la respuesta de tiempo r\u00e1pida hacen que el ELPI\u00ae + de alta resoluci\u00f3n sea una herramienta ideal para una amplia gama de aplicaciones de medici\u00f3n de part\u00edculas.<\/p><p><strong>Caracter\u00edsticas del instrumento de medici\u00f3n ELPI\u00ae + de alta resoluci\u00f3n<\/strong><\/p><p>Amplio rango de tama\u00f1o de part\u00edculas de 6 nm a 10 \u00b5m con un solo instrumento y un m\u00e9todo de medici\u00f3n<br \/>Distribuci\u00f3n del tama\u00f1o del n\u00famero de part\u00edculas en tiempo real en hasta 500 clases de tama\u00f1o<br \/>Frecuencia de muestreo de 10 Hz<br \/>Posibilidad de recolectar part\u00edculas clasificadas por tama\u00f1o para an\u00e1lisis qu\u00edmico utilizando placas de recolecci\u00f3n de an\u00e1lisis<br \/>Posibilidad de realizar mediciones de part\u00edculas sin mantenimiento a largo plazo con placas colectoras sinterizadas<br \/>Amplio rango de concentraci\u00f3n operativa<br \/>Mediciones de aerosoles de alta temperatura de hasta 180 \u00b0 C con la actualizaci\u00f3n HT-ELPI\u00ae +<br \/>M\u00e9todo de medici\u00f3n compatible con ISO16000-34 para la determinaci\u00f3n en tiempo real de PM en interiores<br \/>Construcci\u00f3n simple y robusta con etapas impactadoras de acero inoxidable<br \/>Insensibilidad a las variaciones en la presi\u00f3n de la muestra.<br \/>Varias opciones de almacenamiento de datos, incluidas entradas y salidas anal\u00f3gicas<br \/>Tambi\u00e9n se puede utilizar en el modo ELPI\u00ae + est\u00e1ndar para medir la superficie activa de part\u00edculas, la masa y la distribuci\u00f3n del tama\u00f1o de la carga<br \/>Programa de intercambio disponible para actualizar las antiguas unidades Classic ELPI\u00ae a HR-ELPI\u00ae +<\/p><p><strong>Aplicaciones para instrumentos de medici\u00f3n de alta resoluci\u00f3n<\/strong><\/p><p>La estructura robusta del ELPI\u00ae + de alta resoluci\u00f3n y su capacidad para medir en tiempo real en un amplio rango de tama\u00f1os, hacen del ELPI\u00ae + de alta resoluci\u00f3n la opci\u00f3n ideal para diversas aplicaciones de medici\u00f3n.<br \/>En combinaci\u00f3n con los instrumentos de acondicionamiento de muestras Dekati\u00ae, Dekati puede proporcionar soluciones de medici\u00f3n HR-ELPI\u00ae + completas para una amplia gama de aplicaciones e incluso condiciones de medici\u00f3n exigentes.<br \/>Las aplicaciones t\u00edpicas del HR-ELPI\u00ae + incluyen:<br \/>Estudios de procesos de combusti\u00f3n y mediciones de emisiones en alta resoluci\u00f3n<br \/>Mediciones de la calidad del aire interior y exterior en alta resoluci\u00f3n<br \/>Estudios de salud ocupacional<br \/>Medidas de escape del motor en alta resoluci\u00f3n<br \/>Medidas de desgaste de frenos en alta resoluci\u00f3n<br \/>Mediciones de gas de fuga en alta resoluci\u00f3n<br \/>Mediciones de nanopart\u00edculas en alta resoluci\u00f3n<\/p>\t\t\t\t\t\t<\/div>\n\t\t\t\t<\/div>\n\t\t\t\t\t<\/div>\n\t\t<\/div>\n\t\t\t\t\t\t\t<\/div>\n\t\t<\/section>\n\t\t\t\t<section class=\"elementor-section elementor-top-section elementor-element elementor-element-4d1cd22 elementor-section-boxed elementor-section-height-default elementor-section-height-default\" data-id=\"4d1cd22\" data-element_type=\"section\">\n\t\t\t\t\t\t<div class=\"elementor-container elementor-column-gap-default\">\n\t\t\t\t\t<div class=\"elementor-column elementor-col-100 elementor-top-column elementor-element elementor-element-9ee6541\" data-id=\"9ee6541\" data-element_type=\"column\">\n\t\t\t<div class=\"elementor-widget-wrap elementor-element-populated\">\n\t\t\t\t\t\t\t\t<div class=\"elementor-element elementor-element-59a2d0d elementor-invisible elementor-widget elementor-widget-image\" data-id=\"59a2d0d\" data-element_type=\"widget\" data-settings=\"{&quot;_animation&quot;:&quot;rotateInDownLeft&quot;,&quot;_animation_delay&quot;:4}\" data-widget_type=\"image.default\">\n\t\t\t\t<div class=\"elementor-widget-container\">\n\t\t\t<style>\/*! elementor - v3.13.2 - 11-05-2023 *\/\n.elementor-widget-image{text-align:center}.elementor-widget-image a{display:inline-block}.elementor-widget-image a img[src$=\".svg\"]{width:48px}.elementor-widget-image img{vertical-align:middle;display:inline-block}<\/style>\t\t\t\t\t\t\t\t\t\t\t\t<img loading=\"lazy\" decoding=\"async\" width=\"600\" height=\"398\" src=\"https:\/\/www.gesoltec.com\/wp-content\/uploads\/2021\/12\/Elpi-de-alta-resolucion-gesoltec.jpg\" class=\"attachment-large size-large wp-image-1039\" alt=\"Elpi de alta resoluci\u00f3n gesoltec\" srcset=\"https:\/\/www.gesoltec.com\/wp-content\/uploads\/2021\/12\/Elpi-de-alta-resolucion-gesoltec.jpg 600w, https:\/\/www.gesoltec.com\/wp-content\/uploads\/2021\/12\/Elpi-de-alta-resolucion-gesoltec-300x199.jpg 300w\" sizes=\"auto, (max-width: 600px) 100vw, 600px\" \/>\t\t\t\t\t\t\t\t\t\t\t\t\t\t\t<\/div>\n\t\t\t\t<\/div>\n\t\t\t\t\t<\/div>\n\t\t<\/div>\n\t\t\t\t\t\t\t<\/div>\n\t\t<\/section>\n\t\t\t\t\t\t\t<\/div>\n\t\t","protected":false},"excerpt":{"rendered":"<p>El Dekati\u00ae High Resolution ELPI\u00ae + (Impactador el\u00e9ctrico de baja presi\u00f3n, HR-ELPI\u00ae +) es una versi\u00f3n avanzada del ampliamente utilizado instrumento ELPI\u00ae +.<\/p>\n<p>El ELPI\u00ae + de alta resoluci\u00f3n combina las caracter\u00edsticas del ELPI\u00ae + con un algoritmo de inversi\u00f3n de datos que proporciona una distribuci\u00f3n del tama\u00f1o del n\u00famero de part\u00edculas en tiempo real en hasta 500 clases de tama\u00f1o de 6 nm a 10 \u03bcm.<\/p>\n","protected":false},"featured_media":1039,"comment_status":"open","ping_status":"closed","template":"","meta":{"_joinchat":[]},"pwb-brand":[32,38],"product_cat":[81],"product_tag":[73,74,84,85,75],"class_list":["post-1038","product","type-product","status-publish","has-post-thumbnail","hentry","pwb-brand-dekati","pwb-brand-gesoltec","product_cat-medio-ambiente","product_tag-bogota","product_tag-colombia","product_tag-elpi-de-alta-resolucion","product_tag-impactador-electrico-de-baja-presion","product_tag-sur-america"],"brands":[{"id":32,"name":"Dekati","slug":"dekati"},{"id":38,"name":"Gesoltec","slug":"gesoltec"}],"_links":{"self":[{"href":"https:\/\/www.gesoltec.com\/index.php\/wp-json\/wp\/v2\/product\/1038","targetHints":{"allow":["GET"]}}],"collection":[{"href":"https:\/\/www.gesoltec.com\/index.php\/wp-json\/wp\/v2\/product"}],"about":[{"href":"https:\/\/www.gesoltec.com\/index.php\/wp-json\/wp\/v2\/types\/product"}],"replies":[{"embeddable":true,"href":"https:\/\/www.gesoltec.com\/index.php\/wp-json\/wp\/v2\/comments?post=1038"}],"version-history":[{"count":2,"href":"https:\/\/www.gesoltec.com\/index.php\/wp-json\/wp\/v2\/product\/1038\/revisions"}],"predecessor-version":[{"id":1138,"href":"https:\/\/www.gesoltec.com\/index.php\/wp-json\/wp\/v2\/product\/1038\/revisions\/1138"}],"wp:featuredmedia":[{"embeddable":true,"href":"https:\/\/www.gesoltec.com\/index.php\/wp-json\/wp\/v2\/media\/1039"}],"wp:attachment":[{"href":"https:\/\/www.gesoltec.com\/index.php\/wp-json\/wp\/v2\/media?parent=1038"}],"wp:term":[{"taxonomy":"pwb-brand","embeddable":true,"href":"https:\/\/www.gesoltec.com\/index.php\/wp-json\/wp\/v2\/pwb-brand?post=1038"},{"taxonomy":"product_cat","embeddable":true,"href":"https:\/\/www.gesoltec.com\/index.php\/wp-json\/wp\/v2\/product_cat?post=1038"},{"taxonomy":"product_tag","embeddable":true,"href":"https:\/\/www.gesoltec.com\/index.php\/wp-json\/wp\/v2\/product_tag?post=1038"}],"curies":[{"name":"wp","href":"https:\/\/api.w.org\/{rel}","templated":true}]}}