{"id":3,"date":"2021-12-21T21:01:41","date_gmt":"2021-12-21T21:01:41","guid":{"rendered":"https:\/\/gesoltec.com\/?page_id=3"},"modified":"2021-12-22T17:19:29","modified_gmt":"2021-12-22T22:19:29","slug":"politica-de-privacidad","status":"publish","type":"page","link":"https:\/\/www.gesoltec.com\/index.php\/politica-de-privacidad\/","title":{"rendered":"Pol\u00ectica de privacidad"},"content":{"rendered":"\n<p><strong>Quienes somos<\/strong><br><\/p>\n\n\n\n<p>La direcci\u00f3n de nuestro sitio web es : <a href=\"https:\/\/gesoltec.com.\" target=\"_blank\" rel=\"noopener\">https:\/\/gesoltec.com.<\/a><br><\/p>\n\n\n\n<p><strong>Comentarios<\/strong><br><\/p>\n\n\n\n<p>Cuando los visitantes dejan comentarios en el sitio, recopilamos los datos que se muestran en el formulario de comentarios, y tambi\u00e9n la direcci\u00f3n IP del visitante y la cadena del agente de usuario del navegador para ayudar a la detecci\u00f3n de spam.<br><\/p>\n\n\n\n<p>Se puede proporcionar una cadena an\u00f3nima creada a partir de su direcci\u00f3n de correo electr\u00f3nico (tambi\u00e9n llamada hash) al servicio Gravatar para ver si la est\u00e1 utilizando.<br><\/p>\n\n\n\n<p>La pol\u00edtica de privacidad del servicio <strong>Gravatar<\/strong> est\u00e1 disponible aqu\u00ed : <a href=\"https:\/\/automattic.com\/privacy\/.\" target=\"_blank\" rel=\"noopener\">https:\/\/automattic.com\/privacy\/.<\/a><br><\/p>\n\n\n\n<p>Despu\u00e9s de la aprobaci\u00f3n de su comentario, su foto de perfil es visible para el p\u00fablico en el contexto de su comentario.<br><\/p>\n\n\n\n<p><strong>Medios de comunicaci\u00f3n<\/strong><br><\/p>\n\n\n\n<p>Si carga im\u00e1genes en el sitio web, debe evitar cargar im\u00e1genes con datos de ubicaci\u00f3n incrustados (GPS EXIF) incluidos.<br><\/p>\n\n\n\n<p>Los visitantes del sitio web pueden descargar y extraer cualquier dato de ubicaci\u00f3n de las im\u00e1genes del sitio web.<br><\/p>\n\n\n\n<p><strong>Cookies<\/strong><br><\/p>\n\n\n\n<p>Si deja un comentario en nuestro sitio, puede optar por guardar su nombre, direcci\u00f3n de correo electr\u00f3nico y sitio web en cookies.<br><\/p>\n\n\n\n<p>Estos son para su conveniencia para que no tenga que volver a completar sus datos cuando deje otro comentario.<br><\/p>\n\n\n\n<p>Estas cookies durar\u00e1n un a\u00f1o.<br><\/p>\n\n\n\n<p>Si visita nuestra p\u00e1gina de inicio de sesi\u00f3n, configuraremos una cookie temporal para determinar si su navegador acepta cookies.<br><\/p>\n\n\n\n<p>Esta cookie no contiene datos personales y se descarta cuando cierra su navegador.<br><\/p>\n\n\n\n<p>Cuando inicie sesi\u00f3n, tambi\u00e9n configuraremos varias cookies para guardar su informaci\u00f3n de inicio de sesi\u00f3n y sus opciones de visualizaci\u00f3n de pantalla.<br><\/p>\n\n\n\n<p>Las cookies de inicio de sesi\u00f3n duran dos d\u00edas y las cookies de opciones de pantalla duran un a\u00f1o.<br><\/p>\n\n\n\n<p>Si selecciona &#8220;Recordarme&#8221;, su inicio de sesi\u00f3n persistir\u00e1 durante dos semanas.<br><\/p>\n\n\n\n<p>Si cierra sesi\u00f3n en su cuenta, se eliminar\u00e1n las cookies de inicio de sesi\u00f3n.<br><\/p>\n\n\n\n<p>Si edita o publica un art\u00edculo, se guardar\u00e1 una cookie adicional en su navegador. Esta cookie no incluye datos personales y simplemente indica el ID de publicaci\u00f3n del art\u00edculo que acaba de editar.<br><\/p>\n\n\n\n<p>Caduca despu\u00e9s de 1 d\u00eda.<br><\/p>\n\n\n\n<p><strong>Contenido incrustado de otros sitios web<\/strong><br><\/p>\n\n\n\n<p>Los art\u00edculos de este sitio pueden incluir contenido incrustado (por ejemplo, videos, im\u00e1genes, art\u00edculos, etc.).<br><\/p>\n\n\n\n<p>El contenido incrustado de otros sitios web se comporta exactamente de la misma manera que si el visitante hubiera visitado el otro sitio web.<br><\/p>\n\n\n\n<p>Estos sitios web pueden recopilar datos sobre usted, usar cookies, incrustar un seguimiento adicional de terceros y monitorear su interacci\u00f3n con ese contenido incrustado, incluido el seguimiento de su interacci\u00f3n con el contenido incrustado si tiene una cuenta y ha iniciado sesi\u00f3n en ese sitio web.<br><\/p>\n\n\n\n<p>C<strong>on qui\u00e9n compartimos sus datos<\/strong><br><\/p>\n\n\n\n<p>Si solicita un restablecimiento de contrase\u00f1a, su direcci\u00f3n IP se incluir\u00e1 en el correo electr\u00f3nico de restablecimiento.<br><\/p>\n\n\n\n<p>C<strong>u\u00e1nto tiempo conservamos sus datos<\/strong><br><\/p>\n\n\n\n<p>Si deja un comentario, el comentario y sus metadatos se conservan indefinidamente.<br><\/p>\n\n\n\n<p>Esto es para que podamos reconocer y aprobar cualquier comentario de seguimiento autom\u00e1ticamente en lugar de mantenerlos en una cola de moderaci\u00f3n.<br><\/p>\n\n\n\n<p>Para los usuarios que se registran en nuestro sitio web (si corresponde), tambi\u00e9n almacenamos la informaci\u00f3n personal que proporcionan en su perfil de usuario.<br><\/p>\n\n\n\n<p>Todos los usuarios pueden ver, editar o eliminar su informaci\u00f3n personal en cualquier momento (excepto que no pueden cambiar su nombre de usuario).<br><\/p>\n\n\n\n<p>Los administradores del sitio web tambi\u00e9n pueden ver y editar esa informaci\u00f3n.<br><\/p>\n\n\n\n<p><strong>Que derechos tienes sobre tus datos<\/strong><br><\/p>\n\n\n\n<p>Si tiene una cuenta en este sitio o ha dejado comentarios, puede solicitar recibir un archivo exportado de los datos personales que tenemos sobre usted, incluidos los datos que nos haya proporcionado.<br><\/p>\n\n\n\n<p>Tambi\u00e9n puede solicitar que borremos cualquier dato personal que tengamos sobre usted.<br><\/p>\n\n\n\n<p>Esto no incluye ning\u00fan dato que estemos obligados a conservar con fines administrativos, legales o de seguridad.<\/p>\n","protected":false},"excerpt":{"rendered":"<p>Cuando los visitantes dejan comentarios en el sitio, recopilamos los datos que se muestran en el formulario de comentarios, y tambi\u00e9n la direcci\u00f3n IP del visitante y la cadena del agente de usuario del navegador para ayudar a la detecci\u00f3n de spam.<\/p>\n","protected":false},"author":1,"featured_media":825,"parent":0,"menu_order":0,"comment_status":"open","ping_status":"open","template":"elementor_header_footer","meta":{"_joinchat":[],"footnotes":""},"class_list":["post-3","page","type-page","status-publish","has-post-thumbnail","hentry"],"_links":{"self":[{"href":"https:\/\/www.gesoltec.com\/index.php\/wp-json\/wp\/v2\/pages\/3","targetHints":{"allow":["GET"]}}],"collection":[{"href":"https:\/\/www.gesoltec.com\/index.php\/wp-json\/wp\/v2\/pages"}],"about":[{"href":"https:\/\/www.gesoltec.com\/index.php\/wp-json\/wp\/v2\/types\/page"}],"author":[{"embeddable":true,"href":"https:\/\/www.gesoltec.com\/index.php\/wp-json\/wp\/v2\/users\/1"}],"replies":[{"embeddable":true,"href":"https:\/\/www.gesoltec.com\/index.php\/wp-json\/wp\/v2\/comments?post=3"}],"version-history":[{"count":2,"href":"https:\/\/www.gesoltec.com\/index.php\/wp-json\/wp\/v2\/pages\/3\/revisions"}],"predecessor-version":[{"id":826,"href":"https:\/\/www.gesoltec.com\/index.php\/wp-json\/wp\/v2\/pages\/3\/revisions\/826"}],"wp:featuredmedia":[{"embeddable":true,"href":"https:\/\/www.gesoltec.com\/index.php\/wp-json\/wp\/v2\/media\/825"}],"wp:attachment":[{"href":"https:\/\/www.gesoltec.com\/index.php\/wp-json\/wp\/v2\/media?parent=3"}],"curies":[{"name":"wp","href":"https:\/\/api.w.org\/{rel}","templated":true}]}}